{"id":5880,"date":"2024-03-09T19:36:07","date_gmt":"2024-03-09T14:36:07","guid":{"rendered":"https:\/\/turkmenexporter.com\/product\/bonbons-a-macher-toffee-stick\/"},"modified":"2024-09-17T19:28:54","modified_gmt":"2024-09-17T14:28:54","slug":"bonbons-a-macher-toffee-stick","status":"publish","type":"product","link":"https:\/\/turkmenexporter.com\/fr\/produit\/bonbons-a-macher-toffee-stick\/","title":{"rendered":"Bonbons \u00e0 m\u00e2cher TOFFEE stick"},"content":{"rendered":"<p>Bonbons \u00e0 m\u00e2cher au go\u00fbt de past\u00e8que. Ingr\u00e9dients sucre, glucose, huile v\u00e9g\u00e9tale (palme), g\u00e9latine, r\u00e9gulateur d&rsquo;acidit\u00e9 acide citrique E330, stabilisateur monost\u00e9arate de glyc\u00e9rol E471, colorant alimentaire blanc E171, \u00e9dulcorant sorbitol E420, substitut de sucre dextrose, maltodextrine (amidon de ma\u00efs), \u00e9mulsifiant gomme arabique E414, poudre \u00e0 lever carbonate de sodium E500, conservateur sorbate de potassium E202, g\u00e9lifiant pectine E440, \u00e9mulsifiant l\u00e9cithine de soja E322, ar\u00f4me identique au naturel \u00ab\u00a0Past\u00e8que\u00a0\u00bb, additif alimentaire talc E553. Bonbons \u00e0 m\u00e2cher au go\u00fbt de pomme. Ingr\u00e9dients : sucre, glucose, huile v\u00e9g\u00e9tale (palme), g\u00e9latine, r\u00e9gulateur d&rsquo;acidit\u00e9 acide citrique E330, stabilisateur monost\u00e9arate de glyc\u00e9rol E471, colorant alimentaire blanc E171, \u00e9dulcorant sorbitol E420, substitut de sucre dextrose, maltodextrine (amidon de ma\u00efs), \u00e9mulsifiant gomme arabique E414, poudre \u00e0 lever carbonate de sodium E500, conservateur sorbate de potassium E202, g\u00e9lifiant pectine E440, \u00e9mulsifiant l\u00e9cithine de soja E322, ar\u00f4me identique au naturel \u00ab\u00a0Pomme\u00a0\u00bb, additif alimentaire talc E553. Bonbons \u00e0 m\u00e2cher au go\u00fbt de cerise. Ingr\u00e9dients : sucre, glucose, huile v\u00e9g\u00e9tale (palme), g\u00e9latine, r\u00e9gulateur d&rsquo;acidit\u00e9 acide citrique E330, stabilisateur monost\u00e9arate de glyc\u00e9rol E471, colorant alimentaire blanc E171, \u00e9dulcorant sorbitol E420, substitut de sucre dextrose, maltodextrine (amidon de ma\u00efs), \u00e9mulsifiant gomme arabique E414, poudre \u00e0 lever carbonate de sodium E500, conservateur sorbate de potassium E202, g\u00e9lifiant pectine E440, \u00e9mulsifiant l\u00e9cithine de soja E322, ar\u00f4me cerise identique au naturel, additif alimentaire talc E553. Bonbons \u00e0 m\u00e2cher au go\u00fbt de mangue. Ingr\u00e9dients : sucre, glucose, huile v\u00e9g\u00e9tale (palme), g\u00e9latine, r\u00e9gulateur d&rsquo;acidit\u00e9 acide citrique E330, stabilisateur monost\u00e9arate de glyc\u00e9rol E471, colorant alimentaire blanc E171, \u00e9dulcorant sorbitol E420, substitut de sucre dextrose, maltodextrine (amidon de ma\u00efs), \u00e9mulsifiant gomme arabique E414, poudre \u00e0 lever carbonate de sodium E500, conservateur sorbate de potassium E202, g\u00e9lifiant pectine E440, \u00e9mulsifiant l\u00e9cithine de soja E322, ar\u00f4me identique au naturel \u00ab\u00a0Mangue\u00a0\u00bb, additif alimentaire talc E553.<\/p>\n<p>Volume de la bo\u00eete : 0,022 M3<\/p>\n<p>Poids brut de la bo\u00eete : 8,6 kg<\/p>\n<p>Dur\u00e9e de conservation : 18 mois<\/p>\n","protected":false},"excerpt":{"rendered":"<p>Bonbons en forme de b\u00e2tonnets \u00e0 m\u00e2cher avec m\u00e9lange d&rsquo;ar\u00f4mes : past\u00e8que, pomme, cerise, mangue, orange, fraise \u00e0 l&rsquo;int\u00e9rieur 800 gr<\/p>\n<p>8 blocs dans une bo\u00eete.<\/p>\n","protected":false},"featured_media":5854,"comment_status":"open","ping_status":"closed","template":"","meta":{"_acf_changed":false},"brand":[272],"product_cat":[297],"product_tag":[848],"class_list":{"0":"post-5880","1":"product","2":"type-product","3":"status-publish","4":"has-post-thumbnail","6":"brand-altyn-yunus-fr","7":"product_cat-bonbons","8":"product_tag-front-product-fr","10":"first","11":"instock","12":"shipping-taxable","13":"purchasable","14":"product-type-simple"},"acf":[],"_links":{"self":[{"href":"https:\/\/turkmenexporter.com\/fr\/wp-json\/wp\/v2\/product\/5880","targetHints":{"allow":["GET"]}}],"collection":[{"href":"https:\/\/turkmenexporter.com\/fr\/wp-json\/wp\/v2\/product"}],"about":[{"href":"https:\/\/turkmenexporter.com\/fr\/wp-json\/wp\/v2\/types\/product"}],"replies":[{"embeddable":true,"href":"https:\/\/turkmenexporter.com\/fr\/wp-json\/wp\/v2\/comments?post=5880"}],"version-history":[{"count":1,"href":"https:\/\/turkmenexporter.com\/fr\/wp-json\/wp\/v2\/product\/5880\/revisions"}],"predecessor-version":[{"id":10431,"href":"https:\/\/turkmenexporter.com\/fr\/wp-json\/wp\/v2\/product\/5880\/revisions\/10431"}],"wp:featuredmedia":[{"embeddable":true,"href":"https:\/\/turkmenexporter.com\/fr\/wp-json\/wp\/v2\/media\/5854"}],"wp:attachment":[{"href":"https:\/\/turkmenexporter.com\/fr\/wp-json\/wp\/v2\/media?parent=5880"}],"wp:term":[{"taxonomy":"brand","embeddable":true,"href":"https:\/\/turkmenexporter.com\/fr\/wp-json\/wp\/v2\/brand?post=5880"},{"taxonomy":"product_cat","embeddable":true,"href":"https:\/\/turkmenexporter.com\/fr\/wp-json\/wp\/v2\/product_cat?post=5880"},{"taxonomy":"product_tag","embeddable":true,"href":"https:\/\/turkmenexporter.com\/fr\/wp-json\/wp\/v2\/product_tag?post=5880"}],"curies":[{"name":"wp","href":"https:\/\/api.w.org\/{rel}","templated":true}]}}