{"id":5930,"date":"2024-03-09T19:36:23","date_gmt":"2024-03-09T14:36:23","guid":{"rendered":"https:\/\/turkmenexporter.com\/product\/gomme-a-macher-topgam-dragee-au-sucre\/"},"modified":"2024-09-17T19:28:48","modified_gmt":"2024-09-17T14:28:48","slug":"gomme-a-macher-topgam-dragee-au-sucre","status":"publish","type":"product","link":"https:\/\/turkmenexporter.com\/fr\/produit\/gomme-a-macher-topgam-dragee-au-sucre\/","title":{"rendered":"Gomme \u00e0 m\u00e2cher TOPGAM drag\u00e9e au sucre"},"content":{"rendered":"<ul>\n<li>Volume de la bo\u00eete : 0,04 M3<\/li>\n<li>Poids brut de la bo\u00eete : 3,5 kg<\/li>\n<li>Dur\u00e9e de conservation : 18 mois.<\/li>\n<\/ul>\n","protected":false},"excerpt":{"rendered":"<p>Chewing-gum liquide avec sucre 3,5 gr<\/p>\n<p>100 pi\u00e8ces par bloc. 18 blocs dans une bo\u00eete.<\/p>\n","protected":false},"featured_media":4702,"comment_status":"open","ping_status":"closed","template":"","meta":{"_acf_changed":false},"brand":[272],"product_cat":[300],"product_tag":[848],"class_list":{"0":"post-5930","1":"product","2":"type-product","3":"status-publish","4":"has-post-thumbnail","6":"brand-altyn-yunus-fr","7":"product_cat-chewing-gum","8":"product_tag-front-product-fr","10":"first","11":"instock","12":"shipping-taxable","13":"purchasable","14":"product-type-variable","15":"has-default-attributes"},"acf":[],"_links":{"self":[{"href":"https:\/\/turkmenexporter.com\/fr\/wp-json\/wp\/v2\/product\/5930","targetHints":{"allow":["GET"]}}],"collection":[{"href":"https:\/\/turkmenexporter.com\/fr\/wp-json\/wp\/v2\/product"}],"about":[{"href":"https:\/\/turkmenexporter.com\/fr\/wp-json\/wp\/v2\/types\/product"}],"replies":[{"embeddable":true,"href":"https:\/\/turkmenexporter.com\/fr\/wp-json\/wp\/v2\/comments?post=5930"}],"version-history":[{"count":1,"href":"https:\/\/turkmenexporter.com\/fr\/wp-json\/wp\/v2\/product\/5930\/revisions"}],"predecessor-version":[{"id":5939,"href":"https:\/\/turkmenexporter.com\/fr\/wp-json\/wp\/v2\/product\/5930\/revisions\/5939"}],"wp:featuredmedia":[{"embeddable":true,"href":"https:\/\/turkmenexporter.com\/fr\/wp-json\/wp\/v2\/media\/4702"}],"wp:attachment":[{"href":"https:\/\/turkmenexporter.com\/fr\/wp-json\/wp\/v2\/media?parent=5930"}],"wp:term":[{"taxonomy":"brand","embeddable":true,"href":"https:\/\/turkmenexporter.com\/fr\/wp-json\/wp\/v2\/brand?post=5930"},{"taxonomy":"product_cat","embeddable":true,"href":"https:\/\/turkmenexporter.com\/fr\/wp-json\/wp\/v2\/product_cat?post=5930"},{"taxonomy":"product_tag","embeddable":true,"href":"https:\/\/turkmenexporter.com\/fr\/wp-json\/wp\/v2\/product_tag?post=5930"}],"curies":[{"name":"wp","href":"https:\/\/api.w.org\/{rel}","templated":true}]}}