{"id":5940,"date":"2024-03-09T19:36:27","date_gmt":"2024-03-09T14:36:27","guid":{"rendered":"https:\/\/turkmenexporter.com\/product\/gomme-a-macher-topgam-avec-melange-de-sucre-fruit\/"},"modified":"2024-09-17T19:28:46","modified_gmt":"2024-09-17T14:28:46","slug":"gomme-a-macher-topgam-avec-melange-de-sucre-fruit","status":"publish","type":"product","link":"https:\/\/turkmenexporter.com\/fr\/produit\/gomme-a-macher-topgam-avec-melange-de-sucre-fruit\/","title":{"rendered":"Gomme \u00e0 m\u00e2cher TOPGAM avec m\u00e9lange de sucre fruit"},"content":{"rendered":"<p>Chewing-gum \u00ab\u00a0Topgam\u00a0\u00bb. Ingr\u00e9dients : base de chewing-gum, glucose, sucre en poudre, glyc\u00e9rine (E422), l\u00e9cithine (E322), sorbitol (E420), ar\u00f4mes fraise, p\u00eache, fruit de la passion, \u00e9pine-vinette, orange, acide citrique (E330), colorants alimentaires (E102, E110, E124, E133), talc. Conserver \u00e0 l&rsquo;abri de la lumi\u00e8re du soleil. Conserver dans un endroit frais et sec. Valeur nutritionnelle pour 100 g de produit : glucides &#8211; 79,0 g., valeur \u00e9nerg\u00e9tique &#8211; 317 kcal. Conditions de stockage : conserver \u00e0 18\u00b13\u00baC et humidit\u00e9 relative max. 75%. La date de fabrication et la date d&rsquo;expiration sont indiqu\u00e9es sur l&#8217;emballage. Sans OGM. Produit certifi\u00e9. <\/p>\n<p>Volume de la bo\u00eete : 0,029 M3<\/p>\n<p>Poids brut de la bo\u00eete : 17,7 kg <\/p>\n<p>Dur\u00e9e de conservation : 18 mois<\/p>\n","protected":false},"excerpt":{"rendered":"<p>Gomme \u00e0 m\u00e2cher avec m\u00e9lange de sucre aromatis\u00e9 aux fruits 17,5 gr<\/p>\n<p>20 paquets dans un bloc. 40 blocs dans une bo\u00eete.<\/p>\n","protected":false},"featured_media":4780,"comment_status":"open","ping_status":"closed","template":"","meta":{"_acf_changed":false},"brand":[272],"product_cat":[300],"product_tag":[848],"class_list":{"0":"post-5940","1":"product","2":"type-product","3":"status-publish","4":"has-post-thumbnail","6":"brand-altyn-yunus-fr","7":"product_cat-chewing-gum","8":"product_tag-front-product-fr","10":"first","11":"instock","12":"shipping-taxable","13":"purchasable","14":"product-type-simple"},"acf":[],"_links":{"self":[{"href":"https:\/\/turkmenexporter.com\/fr\/wp-json\/wp\/v2\/product\/5940","targetHints":{"allow":["GET"]}}],"collection":[{"href":"https:\/\/turkmenexporter.com\/fr\/wp-json\/wp\/v2\/product"}],"about":[{"href":"https:\/\/turkmenexporter.com\/fr\/wp-json\/wp\/v2\/types\/product"}],"replies":[{"embeddable":true,"href":"https:\/\/turkmenexporter.com\/fr\/wp-json\/wp\/v2\/comments?post=5940"}],"version-history":[{"count":1,"href":"https:\/\/turkmenexporter.com\/fr\/wp-json\/wp\/v2\/product\/5940\/revisions"}],"predecessor-version":[{"id":10379,"href":"https:\/\/turkmenexporter.com\/fr\/wp-json\/wp\/v2\/product\/5940\/revisions\/10379"}],"wp:featuredmedia":[{"embeddable":true,"href":"https:\/\/turkmenexporter.com\/fr\/wp-json\/wp\/v2\/media\/4780"}],"wp:attachment":[{"href":"https:\/\/turkmenexporter.com\/fr\/wp-json\/wp\/v2\/media?parent=5940"}],"wp:term":[{"taxonomy":"brand","embeddable":true,"href":"https:\/\/turkmenexporter.com\/fr\/wp-json\/wp\/v2\/brand?post=5940"},{"taxonomy":"product_cat","embeddable":true,"href":"https:\/\/turkmenexporter.com\/fr\/wp-json\/wp\/v2\/product_cat?post=5940"},{"taxonomy":"product_tag","embeddable":true,"href":"https:\/\/turkmenexporter.com\/fr\/wp-json\/wp\/v2\/product_tag?post=5940"}],"curies":[{"name":"wp","href":"https:\/\/api.w.org\/{rel}","templated":true}]}}