{"id":5948,"date":"2024-03-09T19:36:32","date_gmt":"2024-03-09T14:36:32","guid":{"rendered":"https:\/\/turkmenexporter.com\/product\/topgam-chewing-gum-mix-fruit\/"},"modified":"2024-09-17T19:28:44","modified_gmt":"2024-09-17T14:28:44","slug":"topgam-chewing-gum-mix-fruit","status":"publish","type":"product","link":"https:\/\/turkmenexporter.com\/fr\/produit\/topgam-chewing-gum-mix-fruit\/","title":{"rendered":"TOPGAM chewing-gum mix fruit"},"content":{"rendered":"<p>Gomme \u00e0 m\u00e2cher aromatis\u00e9e aux fruits \u00ab\u00a0Topgam\u00a0\u00bb mix. Ingr\u00e9dients : sucre en poudre, base de chewing-gum, glucose, acide citrique (E330), isomalt (E953), sorbitol (E420), glyc\u00e9rine (E422), gomme arabique 50% (E414), l\u00e9cithine (E322), dioxyde de titane (E171), cire de carnauba (E903), colorant alimentaire et ar\u00f4me \u00ab\u00a0Hot Flakes\u00a0\u00bb, talc. Conditions de stockage : conserver \u00e0 18\u00b13\u00baC et humidit\u00e9 relative max. 75%. Valeur nutritionnelle pour 100 g de produit : hydrates de carbone &#8211; 79,0 g., valeur \u00e9nerg\u00e9tique &#8211; 317 kcal. La date de fabrication et la date de p\u00e9remption sont indiqu\u00e9es sur l&#8217;emballage. A conserver dans un endroit frais et sec. Sans OGM. Produit certifi\u00e9. <\/p>\n<p>Volume de la bo\u00eete : 0,036 M3<\/p>\n<p>Poids brut de la bo\u00eete : 10,5 kg <\/p>\n<p>Dur\u00e9e de conservation : 18 mois<\/p>\n","protected":false},"excerpt":{"rendered":"<p>M\u00e9lange de gommes \u00e0 m\u00e2cher aromatis\u00e9 aux fruits 1000 gr<\/p>\n<p>10 paquets dans une bo\u00eete.<\/p>\n","protected":false},"featured_media":5242,"comment_status":"open","ping_status":"closed","template":"","meta":{"_acf_changed":false},"brand":[272],"product_cat":[300],"product_tag":[],"class_list":{"0":"post-5948","1":"product","2":"type-product","3":"status-publish","4":"has-post-thumbnail","6":"brand-altyn-yunus-fr","7":"product_cat-chewing-gum","9":"first","10":"instock","11":"shipping-taxable","12":"purchasable","13":"product-type-simple"},"acf":[],"_links":{"self":[{"href":"https:\/\/turkmenexporter.com\/fr\/wp-json\/wp\/v2\/product\/5948","targetHints":{"allow":["GET"]}}],"collection":[{"href":"https:\/\/turkmenexporter.com\/fr\/wp-json\/wp\/v2\/product"}],"about":[{"href":"https:\/\/turkmenexporter.com\/fr\/wp-json\/wp\/v2\/types\/product"}],"replies":[{"embeddable":true,"href":"https:\/\/turkmenexporter.com\/fr\/wp-json\/wp\/v2\/comments?post=5948"}],"version-history":[{"count":1,"href":"https:\/\/turkmenexporter.com\/fr\/wp-json\/wp\/v2\/product\/5948\/revisions"}],"predecessor-version":[{"id":10371,"href":"https:\/\/turkmenexporter.com\/fr\/wp-json\/wp\/v2\/product\/5948\/revisions\/10371"}],"wp:featuredmedia":[{"embeddable":true,"href":"https:\/\/turkmenexporter.com\/fr\/wp-json\/wp\/v2\/media\/5242"}],"wp:attachment":[{"href":"https:\/\/turkmenexporter.com\/fr\/wp-json\/wp\/v2\/media?parent=5948"}],"wp:term":[{"taxonomy":"brand","embeddable":true,"href":"https:\/\/turkmenexporter.com\/fr\/wp-json\/wp\/v2\/brand?post=5948"},{"taxonomy":"product_cat","embeddable":true,"href":"https:\/\/turkmenexporter.com\/fr\/wp-json\/wp\/v2\/product_cat?post=5948"},{"taxonomy":"product_tag","embeddable":true,"href":"https:\/\/turkmenexporter.com\/fr\/wp-json\/wp\/v2\/product_tag?post=5948"}],"curies":[{"name":"wp","href":"https:\/\/api.w.org\/{rel}","templated":true}]}}