{"id":5949,"date":"2024-03-09T19:36:33","date_gmt":"2024-03-09T14:36:33","guid":{"rendered":"https:\/\/turkmenexporter.com\/product\/melange-de-gommes-a-macher-et-de-fruits\/"},"modified":"2024-09-17T19:28:43","modified_gmt":"2024-09-17T14:28:43","slug":"melange-de-gommes-a-macher-et-de-fruits","status":"publish","type":"product","link":"https:\/\/turkmenexporter.com\/fr\/produit\/melange-de-gommes-a-macher-et-de-fruits\/","title":{"rendered":"WELL chewing-gum mix fruit"},"content":{"rendered":"<p>Chewing-gum aromatis\u00e9 aux fruits \u00ab\u00a0Well\u00a0\u00bb mix. Ingr\u00e9dients : sucre en poudre, base de chewing-gum, glucose, acide citrique (E330), isomalt (E953), sorbitol (E420), glyc\u00e9rine (E422), gomme arabique 50% (E414), l\u00e9cithine (E322), dioxyde de titane (E171), cire de carnauba (E903), colorant alimentaire et ar\u00f4me \u00ab\u00a0Hot Flakes\u00a0\u00bb, talc. Conditions de stockage : conserver \u00e0 18\u00b13\u00baC et humidit\u00e9 relative max 75%. Valeur nutritionnelle pour 100 g de produit : hydrates de carbone &#8211; 79,0 g., valeur \u00e9nerg\u00e9tique &#8211; 317 kcal. La date de fabrication et la date de p\u00e9remption sont indiqu\u00e9es sur l&#8217;emballage. A conserver dans un endroit frais et sec. Sans OGM. Produit certifi\u00e9. <\/p>\n<p>Volume de la bo\u00eete : 0,036 M3<\/p>\n<p>Poids brut de la bo\u00eete : 10,5 kg <\/p>\n<p>Dur\u00e9e de conservation : 18 mois<\/p>\n","protected":false},"excerpt":{"rendered":"<p>M\u00e9lange de gommes \u00e0 m\u00e2cher aromatis\u00e9 aux fruits 1000 gr<\/p>\n<p>10 paquets dans une bo\u00eete.<\/p>\n","protected":false},"featured_media":5248,"comment_status":"open","ping_status":"closed","template":"","meta":{"_acf_changed":false},"brand":[272],"product_cat":[300],"product_tag":[848],"class_list":{"0":"post-5949","1":"product","2":"type-product","3":"status-publish","4":"has-post-thumbnail","6":"brand-altyn-yunus-fr","7":"product_cat-chewing-gum","8":"product_tag-front-product-fr","10":"first","11":"instock","12":"shipping-taxable","13":"purchasable","14":"product-type-simple"},"acf":[],"_links":{"self":[{"href":"https:\/\/turkmenexporter.com\/fr\/wp-json\/wp\/v2\/product\/5949","targetHints":{"allow":["GET"]}}],"collection":[{"href":"https:\/\/turkmenexporter.com\/fr\/wp-json\/wp\/v2\/product"}],"about":[{"href":"https:\/\/turkmenexporter.com\/fr\/wp-json\/wp\/v2\/types\/product"}],"replies":[{"embeddable":true,"href":"https:\/\/turkmenexporter.com\/fr\/wp-json\/wp\/v2\/comments?post=5949"}],"version-history":[{"count":1,"href":"https:\/\/turkmenexporter.com\/fr\/wp-json\/wp\/v2\/product\/5949\/revisions"}],"predecessor-version":[{"id":10366,"href":"https:\/\/turkmenexporter.com\/fr\/wp-json\/wp\/v2\/product\/5949\/revisions\/10366"}],"wp:featuredmedia":[{"embeddable":true,"href":"https:\/\/turkmenexporter.com\/fr\/wp-json\/wp\/v2\/media\/5248"}],"wp:attachment":[{"href":"https:\/\/turkmenexporter.com\/fr\/wp-json\/wp\/v2\/media?parent=5949"}],"wp:term":[{"taxonomy":"brand","embeddable":true,"href":"https:\/\/turkmenexporter.com\/fr\/wp-json\/wp\/v2\/brand?post=5949"},{"taxonomy":"product_cat","embeddable":true,"href":"https:\/\/turkmenexporter.com\/fr\/wp-json\/wp\/v2\/product_cat?post=5949"},{"taxonomy":"product_tag","embeddable":true,"href":"https:\/\/turkmenexporter.com\/fr\/wp-json\/wp\/v2\/product_tag?post=5949"}],"curies":[{"name":"wp","href":"https:\/\/api.w.org\/{rel}","templated":true}]}}