{"id":6430,"date":"2024-03-09T19:36:35","date_gmt":"2024-03-09T14:36:35","guid":{"rendered":"https:\/\/turkmenexporter.com\/product\/biscuits-galettes-emir\/"},"modified":"2024-09-17T19:28:38","modified_gmt":"2024-09-17T14:28:38","slug":"biscuits-galettes-emir","status":"publish","type":"product","link":"https:\/\/turkmenexporter.com\/fr\/produit\/biscuits-galettes-emir\/","title":{"rendered":"Biscuits galettes EMIR"},"content":{"rendered":"<p>\u00ab\u00a0Emir\u00a0\u00bb biscuits galet. Ingr\u00e9dients : Farine de qualit\u00e9 sup\u00e9rieure, sucre en poudre, sirop d&rsquo;inertage, sel, huile de palme, carbonate d&rsquo;ammonium (E503), l\u00e9cithine (E322), pyrosulfite de sodium (E223), carbonate de sodium (E500), ar\u00f4me \u00ab\u00a0Vanille\u00a0\u00bb, lait entier en poudre.\u00a0\u00bbEmir\u00a0\u00bb biscuits galet. Valeur nutritionnelle pour 100 g de produit : prot\u00e9ines &#8211; 8,5 g, graisses &#8211; 11,3 g, hydrates de carbone &#8211; 69,7 g. Valeur \u00e9nerg\u00e9tique &#8211; 414,5 kcal.Conditions de stockage : conserver \u00e0 une temp\u00e9rature de +5\u00baC \u00e0 +22\u00baC et une humidit\u00e9 relative de l&rsquo;air ne d\u00e9passant pas 75%. Nos produits ne contiennent pas de graisse de porc. Ne contient pas d&rsquo;OGM. Conserver dans un endroit frais et sec. La date de fabrication et la date de p\u00e9remption sont indiqu\u00e9es sur l&#8217;emballage. Le produit est certifi\u00e9.<\/p>\n<p>Volume de la bo\u00eete : 0,01 M3<\/p>\n<p>Poids brut de la caisse : 3 155 kg <\/p>\n<p>Dur\u00e9e de conservation : 12 mois<\/p>\n","protected":false},"excerpt":{"rendered":"<p>Biscuits de galette 3 kg<\/p>\n","protected":false},"featured_media":4588,"comment_status":"open","ping_status":"closed","template":"","meta":{"_acf_changed":false},"brand":[272],"product_cat":[299],"product_tag":[],"class_list":{"0":"post-6430","1":"product","2":"type-product","3":"status-publish","4":"has-post-thumbnail","6":"brand-altyn-yunus-fr","7":"product_cat-cookies-fr","9":"first","10":"instock","11":"shipping-taxable","12":"purchasable","13":"product-type-simple"},"acf":[],"_links":{"self":[{"href":"https:\/\/turkmenexporter.com\/fr\/wp-json\/wp\/v2\/product\/6430","targetHints":{"allow":["GET"]}}],"collection":[{"href":"https:\/\/turkmenexporter.com\/fr\/wp-json\/wp\/v2\/product"}],"about":[{"href":"https:\/\/turkmenexporter.com\/fr\/wp-json\/wp\/v2\/types\/product"}],"replies":[{"embeddable":true,"href":"https:\/\/turkmenexporter.com\/fr\/wp-json\/wp\/v2\/comments?post=6430"}],"version-history":[{"count":1,"href":"https:\/\/turkmenexporter.com\/fr\/wp-json\/wp\/v2\/product\/6430\/revisions"}],"predecessor-version":[{"id":10335,"href":"https:\/\/turkmenexporter.com\/fr\/wp-json\/wp\/v2\/product\/6430\/revisions\/10335"}],"wp:featuredmedia":[{"embeddable":true,"href":"https:\/\/turkmenexporter.com\/fr\/wp-json\/wp\/v2\/media\/4588"}],"wp:attachment":[{"href":"https:\/\/turkmenexporter.com\/fr\/wp-json\/wp\/v2\/media?parent=6430"}],"wp:term":[{"taxonomy":"brand","embeddable":true,"href":"https:\/\/turkmenexporter.com\/fr\/wp-json\/wp\/v2\/brand?post=6430"},{"taxonomy":"product_cat","embeddable":true,"href":"https:\/\/turkmenexporter.com\/fr\/wp-json\/wp\/v2\/product_cat?post=6430"},{"taxonomy":"product_tag","embeddable":true,"href":"https:\/\/turkmenexporter.com\/fr\/wp-json\/wp\/v2\/product_tag?post=6430"}],"curies":[{"name":"wp","href":"https:\/\/api.w.org\/{rel}","templated":true}]}}