{"id":6440,"date":"2024-03-09T19:36:38","date_gmt":"2024-03-09T14:36:38","guid":{"rendered":"https:\/\/turkmenexporter.com\/product\/biscuits-sucres-melek\/"},"modified":"2024-09-17T19:28:32","modified_gmt":"2024-09-17T14:28:32","slug":"biscuits-sucres-melek","status":"publish","type":"product","link":"https:\/\/turkmenexporter.com\/fr\/produit\/biscuits-sucres-melek\/","title":{"rendered":"Biscuits sucr\u00e9s MELEK"},"content":{"rendered":"<p>Biscuits sucr\u00e9s \u00ab\u00a0MELEK\u00a0\u00bb. Ingr\u00e9dients : Farine de qualit\u00e9 sup\u00e9rieure, sucre en poudre, sirop d&rsquo;inertage, sel, huile v\u00e9g\u00e9tale (de palme), carbonate d&rsquo;ammonium (E503), l\u00e9cithine (E322), pyrosulfite de sodium (E223), carbonate de sodium (E500), ar\u00f4me \u00ab\u00a0Vanille\u00a0\u00bb, lait \u00e9cr\u00e9m\u00e9 en poudre, \u0153uf en poudre, lactos\u00e9rum en poudre, pyrophosphate de sodium (E450). Valeur nutritionnelle pour 100 g de produit : prot\u00e9ines &#8211; 7,4 g, graisses &#8211; 9,0 g, hydrates de carbone &#8211; 64,3 g. Valeur \u00e9nerg\u00e9tique &#8211; 367,8 kcal.Conditions de stockage : conserver \u00e0 une temp\u00e9rature de +5\u00baC \u00e0 +22\u00baC et une humidit\u00e9 relative de l&rsquo;air ne d\u00e9passant pas 75%. Nos produits ne contiennent pas de graisse de porc. Ne contient pas d&rsquo;OGM. Conserver dans un endroit frais et sec. La date de fabrication et la date de p\u00e9remption sont indiqu\u00e9es sur l&#8217;emballage. Le produit est certifi\u00e9. <\/p>\n<p>Volume de la bo\u00eete : 0,008 M3<\/p>\n<p>Poids brut de la bo\u00eete : 3,3 kg <\/p>\n<p>Dur\u00e9e de conservation : 12 mois<\/p>\n","protected":false},"excerpt":{"rendered":"<p>Biscuits au sucre 3 kg<\/p>\n","protected":false},"featured_media":4618,"comment_status":"open","ping_status":"closed","template":"","meta":{"_acf_changed":false},"brand":[272],"product_cat":[299],"product_tag":[],"class_list":{"0":"post-6440","1":"product","2":"type-product","3":"status-publish","4":"has-post-thumbnail","6":"brand-altyn-yunus-fr","7":"product_cat-cookies-fr","9":"first","10":"instock","11":"shipping-taxable","12":"purchasable","13":"product-type-simple"},"acf":[],"_links":{"self":[{"href":"https:\/\/turkmenexporter.com\/fr\/wp-json\/wp\/v2\/product\/6440","targetHints":{"allow":["GET"]}}],"collection":[{"href":"https:\/\/turkmenexporter.com\/fr\/wp-json\/wp\/v2\/product"}],"about":[{"href":"https:\/\/turkmenexporter.com\/fr\/wp-json\/wp\/v2\/types\/product"}],"replies":[{"embeddable":true,"href":"https:\/\/turkmenexporter.com\/fr\/wp-json\/wp\/v2\/comments?post=6440"}],"version-history":[{"count":1,"href":"https:\/\/turkmenexporter.com\/fr\/wp-json\/wp\/v2\/product\/6440\/revisions"}],"predecessor-version":[{"id":10298,"href":"https:\/\/turkmenexporter.com\/fr\/wp-json\/wp\/v2\/product\/6440\/revisions\/10298"}],"wp:featuredmedia":[{"embeddable":true,"href":"https:\/\/turkmenexporter.com\/fr\/wp-json\/wp\/v2\/media\/4618"}],"wp:attachment":[{"href":"https:\/\/turkmenexporter.com\/fr\/wp-json\/wp\/v2\/media?parent=6440"}],"wp:term":[{"taxonomy":"brand","embeddable":true,"href":"https:\/\/turkmenexporter.com\/fr\/wp-json\/wp\/v2\/brand?post=6440"},{"taxonomy":"product_cat","embeddable":true,"href":"https:\/\/turkmenexporter.com\/fr\/wp-json\/wp\/v2\/product_cat?post=6440"},{"taxonomy":"product_tag","embeddable":true,"href":"https:\/\/turkmenexporter.com\/fr\/wp-json\/wp\/v2\/product_tag?post=6440"}],"curies":[{"name":"wp","href":"https:\/\/api.w.org\/{rel}","templated":true}]}}