{"id":6446,"date":"2024-03-09T19:36:40","date_gmt":"2024-03-09T14:36:40","guid":{"rendered":"https:\/\/turkmenexporter.com\/product\/biscuits-galettes-emballes-yunus\/"},"modified":"2024-09-17T19:28:29","modified_gmt":"2024-09-17T14:28:29","slug":"biscuits-galettes-emballes-yunus","status":"publish","type":"product","link":"https:\/\/turkmenexporter.com\/fr\/produit\/biscuits-galettes-emballes-yunus\/","title":{"rendered":"Biscuits galettes emball\u00e9s YUNUS"},"content":{"rendered":"<p>\u00ab\u00a0Yunus\u00a0\u00bb galet cookies. Ingr\u00e9dients : Farine de bl\u00e9, sucre en poudre, sirop d&rsquo;inertage, huile v\u00e9g\u00e9tale (huile de palme), lactos\u00e9rum en poudre, lait \u00e9cr\u00e9m\u00e9 en poudre, poudre \u00e0 lever &#8211; carbonate d&rsquo;ammonium (E503), carbonate de sodium (E500), sel, l\u00e9cithine (E322), conservateur pyrosulfite de sodium (E223), ar\u00f4me identique au \u00ab\u00a0lait\u00a0\u00bb naturel, r\u00e9gulateur d&rsquo;acidit\u00e9 (acide citrique). Valeur nutritionnelle pour 100 g de produit : prot\u00e9ines &#8211; 8,8 g, graisses &#8211; 12,45 g, hydrates de carbone &#8211; 60,89 g. Valeur \u00e9nerg\u00e9tique &#8211; 403,49 kcal.Conditions de stockage : conserver \u00e0 une temp\u00e9rature de +5\u00baC \u00e0 +22\u00baC et une humidit\u00e9 relative de l&rsquo;air ne d\u00e9passant pas 75%. Nos produits ne contiennent pas de graisse de porc. Ne contient pas d&rsquo;OGM. Conserver dans un endroit frais et sec. La date de fabrication et la date de p\u00e9remption sont indiqu\u00e9es sur l&#8217;emballage. Le produit est certifi\u00e9. <\/p>\n<p>Volume de la bo\u00eete : 0,015 M3<\/p>\n<p>Poids brut de la bo\u00eete : 3,96 kg <\/p>\n<p>Dur\u00e9e de conservation : 12 mois<\/p>\n","protected":false},"excerpt":{"rendered":"<p>Galette de biscuits emball\u00e9e 66 gr<\/p>\n<p>60 paquets dans une bo\u00eete.<\/p>\n","protected":false},"featured_media":4528,"comment_status":"open","ping_status":"closed","template":"","meta":{"_acf_changed":false},"brand":[272],"product_cat":[299],"product_tag":[848],"class_list":{"0":"post-6446","1":"product","2":"type-product","3":"status-publish","4":"has-post-thumbnail","6":"brand-altyn-yunus-fr","7":"product_cat-cookies-fr","8":"product_tag-front-product-fr","10":"first","11":"instock","12":"shipping-taxable","13":"purchasable","14":"product-type-simple"},"acf":[],"_links":{"self":[{"href":"https:\/\/turkmenexporter.com\/fr\/wp-json\/wp\/v2\/product\/6446","targetHints":{"allow":["GET"]}}],"collection":[{"href":"https:\/\/turkmenexporter.com\/fr\/wp-json\/wp\/v2\/product"}],"about":[{"href":"https:\/\/turkmenexporter.com\/fr\/wp-json\/wp\/v2\/types\/product"}],"replies":[{"embeddable":true,"href":"https:\/\/turkmenexporter.com\/fr\/wp-json\/wp\/v2\/comments?post=6446"}],"version-history":[{"count":1,"href":"https:\/\/turkmenexporter.com\/fr\/wp-json\/wp\/v2\/product\/6446\/revisions"}],"predecessor-version":[{"id":10280,"href":"https:\/\/turkmenexporter.com\/fr\/wp-json\/wp\/v2\/product\/6446\/revisions\/10280"}],"wp:featuredmedia":[{"embeddable":true,"href":"https:\/\/turkmenexporter.com\/fr\/wp-json\/wp\/v2\/media\/4528"}],"wp:attachment":[{"href":"https:\/\/turkmenexporter.com\/fr\/wp-json\/wp\/v2\/media?parent=6446"}],"wp:term":[{"taxonomy":"brand","embeddable":true,"href":"https:\/\/turkmenexporter.com\/fr\/wp-json\/wp\/v2\/brand?post=6446"},{"taxonomy":"product_cat","embeddable":true,"href":"https:\/\/turkmenexporter.com\/fr\/wp-json\/wp\/v2\/product_cat?post=6446"},{"taxonomy":"product_tag","embeddable":true,"href":"https:\/\/turkmenexporter.com\/fr\/wp-json\/wp\/v2\/product_tag?post=6446"}],"curies":[{"name":"wp","href":"https:\/\/api.w.org\/{rel}","templated":true}]}}