{"id":6447,"date":"2024-03-09T19:36:40","date_gmt":"2024-03-09T14:36:40","guid":{"rendered":"https:\/\/turkmenexporter.com\/product\/gaufres-yunus\/"},"modified":"2024-09-17T19:28:29","modified_gmt":"2024-09-17T14:28:29","slug":"gaufres-yunus","status":"publish","type":"product","link":"https:\/\/turkmenexporter.com\/fr\/produit\/gaufres-yunus\/","title":{"rendered":"Gaufres YUNUS"},"content":{"rendered":"<p>Gaufrettes \u00ab\u00a0Yunus\u00a0\u00bb avec plusieurs saveurs. Ingr\u00e9dients : Farine de bl\u00e9, huile de palme, sucre en poudre, sel, graisse v\u00e9g\u00e9tale d\u00e9sodoris\u00e9e raffin\u00e9e, lait \u00e9cr\u00e9m\u00e9 en poudre, l\u00e9cithine (E322), carbonate de sodium (E500), carbonate (E500), cr\u00e8me glac\u00e9e en poudre, cacao en poudre. Valeur nutritionnelle pour 100 g de produit : prot\u00e9ines &#8211; 9,63 g, graisses &#8211; 22,41 g, hydrates de carbone &#8211; 54,65 g. Valeur \u00e9nerg\u00e9tique &#8211; 460,18 kcal.Conditions de stockage : conserver \u00e0 une temp\u00e9rature de 18\u00b13\u00baC et une humidit\u00e9 relative de l&rsquo;air ne d\u00e9passant pas 70%. Nos produits ne contiennent pas de graisse de porc. Ne contient pas d&rsquo;OGM. Conserver dans un endroit frais et sec. La date de fabrication et la date de p\u00e9remption sont indiqu\u00e9es sur l&#8217;emballage. Le produit est certifi\u00e9. <\/p>\n<p>Volume de la bo\u00eete : 0,008 M3<\/p>\n<p>Poids brut de la bo\u00eete : 3 kg <\/p>\n<p>Dur\u00e9e de conservation : 12 mois<\/p>\n","protected":false},"excerpt":{"rendered":"<p>Gaufres 2,5 kg<\/p>\n","protected":false},"featured_media":5260,"comment_status":"open","ping_status":"closed","template":"","meta":{"_acf_changed":false},"brand":[272],"product_cat":[330],"product_tag":[848],"class_list":{"0":"post-6447","1":"product","2":"type-product","3":"status-publish","4":"has-post-thumbnail","6":"brand-altyn-yunus-fr","7":"product_cat-plaquettes","8":"product_tag-front-product-fr","10":"first","11":"instock","12":"shipping-taxable","13":"purchasable","14":"product-type-simple"},"acf":[],"_links":{"self":[{"href":"https:\/\/turkmenexporter.com\/fr\/wp-json\/wp\/v2\/product\/6447","targetHints":{"allow":["GET"]}}],"collection":[{"href":"https:\/\/turkmenexporter.com\/fr\/wp-json\/wp\/v2\/product"}],"about":[{"href":"https:\/\/turkmenexporter.com\/fr\/wp-json\/wp\/v2\/types\/product"}],"replies":[{"embeddable":true,"href":"https:\/\/turkmenexporter.com\/fr\/wp-json\/wp\/v2\/comments?post=6447"}],"version-history":[{"count":1,"href":"https:\/\/turkmenexporter.com\/fr\/wp-json\/wp\/v2\/product\/6447\/revisions"}],"predecessor-version":[{"id":10279,"href":"https:\/\/turkmenexporter.com\/fr\/wp-json\/wp\/v2\/product\/6447\/revisions\/10279"}],"wp:featuredmedia":[{"embeddable":true,"href":"https:\/\/turkmenexporter.com\/fr\/wp-json\/wp\/v2\/media\/5260"}],"wp:attachment":[{"href":"https:\/\/turkmenexporter.com\/fr\/wp-json\/wp\/v2\/media?parent=6447"}],"wp:term":[{"taxonomy":"brand","embeddable":true,"href":"https:\/\/turkmenexporter.com\/fr\/wp-json\/wp\/v2\/brand?post=6447"},{"taxonomy":"product_cat","embeddable":true,"href":"https:\/\/turkmenexporter.com\/fr\/wp-json\/wp\/v2\/product_cat?post=6447"},{"taxonomy":"product_tag","embeddable":true,"href":"https:\/\/turkmenexporter.com\/fr\/wp-json\/wp\/v2\/product_tag?post=6447"}],"curies":[{"name":"wp","href":"https:\/\/api.w.org\/{rel}","templated":true}]}}