{"id":6673,"date":"2024-03-12T04:56:41","date_gmt":"2024-03-11T23:56:41","guid":{"rendered":"https:\/\/turkmenexporter.com\/product\/raisins-secs-sans-pepins-85-mm\/"},"modified":"2024-09-17T19:28:28","modified_gmt":"2024-09-17T14:28:28","slug":"raisins-secs-sans-pepins-85-mm","status":"publish","type":"product","link":"https:\/\/turkmenexporter.com\/fr\/produit\/raisins-secs-sans-pepins-85-mm\/","title":{"rendered":"Raisins secs sans p\u00e9pins 85 mm"},"content":{"rendered":"<p>Laissez-vous s\u00e9duire par la douce simplicit\u00e9 de nos raisins secs sans p\u00e9pins, soigneusement \u00e9labor\u00e9s pour r\u00e9pondre aux normes les plus strictes en mati\u00e8re de qualit\u00e9 et de go\u00fbt. Provenant des vignobles ensoleill\u00e9s du Turkm\u00e9nistan, ces raisins secs dodus et juteux sont m\u00e9ticuleusement trait\u00e9s \u00e0 l\u2019aide de techniques de pointe, notamment le nettoyage \u00e0 la vapeur chaude, qui non seulement garantit des raisins secs extr\u00eamement propres, mais conf\u00e8re \u00e9galement une brillance naturelle \u00e0 chaque fruit.<br \/>Nos raisins secs sans p\u00e9pins sont riches en nutriments essentiels et en antioxydants, ce qui en fait un compl\u00e9ment d\u00e9licieux \u00e0 votre r\u00e9gime alimentaire quotidien. Gorg\u00e9s de fibres alimentaires, de potassium et de fer, ils favorisent la sant\u00e9 digestive, soutiennent la fonction cardiovasculaire et stimulent les niveaux d\u2019\u00e9nergie. En outre, leur go\u00fbt sucr\u00e9 naturel satisfait les envies sans n\u00e9cessiter de sucres ajout\u00e9s, ce qui en fait une option d\u2019en-cas sans culpabilit\u00e9 pour les consommateurs soucieux de leur sant\u00e9.<br \/> 100% bio<br \/> Nettoyage \u00e0 la vapeur chaude<br \/> S\u00e9chage \u00e0 l\u2019ombre (s\u00e9chage naturel sans utilisation de produits chimiques et d\u2019appareils techniques)<br \/> Livraisons directes (sans interm\u00e9diaire)<br \/> Support client complet<br \/> Prix raisonnables<br \/> Contr\u00f4le de qualit\u00e9 approfondi<br \/> Non-GMO<br \/> Garantie d\u2019un an<br \/>Dans le cadre de notre engagement en faveur de la qualit\u00e9 et de la satisfaction de nos clients, nous avons le plaisir d\u2019offrir un \u00e9chantillon gratuit de 200 g de nos raisins secs de qualit\u00e9 sup\u00e9rieure aux clients int\u00e9ress\u00e9s. Il vous suffit d\u2019exprimer votre int\u00e9r\u00eat et nous nous ferons un plaisir de vous envoyer l\u2019\u00e9chantillon directement, vous permettant ainsi de d\u00e9couvrir le go\u00fbt et la qualit\u00e9 exceptionnels de nos produits. Contactez-nous d\u00e8s aujourd\u2019hui pour recevoir votre \u00e9chantillon gratuit et d\u00e9couvrir les bienfaits in\u00e9gal\u00e9s de nos raisins secs.<\/p>\n","protected":false},"excerpt":{"rendered":"<p>Raisins secs sans p\u00e9pins, dodus et juteux, provenant des vignobles ensoleill\u00e9s du Turkm\u00e9nistan. Traitement m\u00e9ticuleux pour assurer l&rsquo;uniformit\u00e9 et la fra\u00eecheur.<\/p>\n","protected":false},"featured_media":6654,"comment_status":"open","ping_status":"closed","template":"","meta":{"_acf_changed":false},"brand":[587],"product_cat":[593],"product_tag":[848],"class_list":{"0":"post-6673","1":"product","2":"type-product","3":"status-publish","4":"has-post-thumbnail","6":"brand-asly-toprak-fr","7":"product_cat-raisins-secs","8":"product_tag-front-product-fr","10":"first","11":"instock","12":"shipping-taxable","13":"purchasable","14":"product-type-simple"},"acf":[],"_links":{"self":[{"href":"https:\/\/turkmenexporter.com\/fr\/wp-json\/wp\/v2\/product\/6673","targetHints":{"allow":["GET"]}}],"collection":[{"href":"https:\/\/turkmenexporter.com\/fr\/wp-json\/wp\/v2\/product"}],"about":[{"href":"https:\/\/turkmenexporter.com\/fr\/wp-json\/wp\/v2\/types\/product"}],"replies":[{"embeddable":true,"href":"https:\/\/turkmenexporter.com\/fr\/wp-json\/wp\/v2\/comments?post=6673"}],"version-history":[{"count":1,"href":"https:\/\/turkmenexporter.com\/fr\/wp-json\/wp\/v2\/product\/6673\/revisions"}],"predecessor-version":[{"id":8579,"href":"https:\/\/turkmenexporter.com\/fr\/wp-json\/wp\/v2\/product\/6673\/revisions\/8579"}],"wp:featuredmedia":[{"embeddable":true,"href":"https:\/\/turkmenexporter.com\/fr\/wp-json\/wp\/v2\/media\/6654"}],"wp:attachment":[{"href":"https:\/\/turkmenexporter.com\/fr\/wp-json\/wp\/v2\/media?parent=6673"}],"wp:term":[{"taxonomy":"brand","embeddable":true,"href":"https:\/\/turkmenexporter.com\/fr\/wp-json\/wp\/v2\/brand?post=6673"},{"taxonomy":"product_cat","embeddable":true,"href":"https:\/\/turkmenexporter.com\/fr\/wp-json\/wp\/v2\/product_cat?post=6673"},{"taxonomy":"product_tag","embeddable":true,"href":"https:\/\/turkmenexporter.com\/fr\/wp-json\/wp\/v2\/product_tag?post=6673"}],"curies":[{"name":"wp","href":"https:\/\/api.w.org\/{rel}","templated":true}]}}