{"id":6676,"date":"2024-03-12T05:10:12","date_gmt":"2024-03-12T00:10:12","guid":{"rendered":"https:\/\/turkmenexporter.com\/?post_type=product&#038;p=6676"},"modified":"2024-09-17T19:28:27","modified_gmt":"2024-09-17T14:28:27","slug":"raisins-rouges-dietetiques-biologiques-sans-pepins","status":"publish","type":"product","link":"https:\/\/turkmenexporter.com\/fr\/produit\/raisins-rouges-dietetiques-biologiques-sans-pepins\/","title":{"rendered":"Raisins rouges di\u00e9t\u00e9tiques biologiques sans p\u00e9pins"},"content":{"rendered":"<p>Embarquez pour un voyage de plaisir sain avec nos raisins secs rouges sans p\u00e9pins Dietary Organic, une symphonie de saveur et de nutrition dans chaque bouch\u00e9e. Cultiv\u00e9s avec soin sur les sols fertiles du Turkm\u00e9nistan, ces joyaux rouges sont nourris selon des pratiques agricoles durables, garantissant puret\u00e9 et int\u00e9grit\u00e9 de la vigne \u00e0 la table. Ces raisins rouges sont nettoy\u00e9s \u00e0 la vapeur chaude, ce qui permet non seulement d\u2019obtenir des raisins super propres, mais aussi de conf\u00e9rer une brillance naturelle \u00e0 chaque fruit.<br \/>Nos raisins secs sans p\u00e9pins sont riches en nutriments essentiels et en antioxydants, ce qui en fait un compl\u00e9ment d\u00e9licieux \u00e0 votre r\u00e9gime alimentaire quotidien. Gorg\u00e9s de fibres alimentaires, de potassium et de fer, ils favorisent la sant\u00e9 digestive, soutiennent la fonction cardiovasculaire et stimulent les niveaux d\u2019\u00e9nergie. En outre, leur go\u00fbt sucr\u00e9 naturel satisfait les envies sans n\u00e9cessiter de sucres ajout\u00e9s, ce qui en fait une option d\u2019en-cas sans culpabilit\u00e9 pour les consommateurs soucieux de leur sant\u00e9.<br \/>100% bio<br \/>Nettoyage \u00e0 la vapeur chaude<br \/>S\u00e9chage \u00e0 l\u2019ombre (s\u00e9chage naturel sans utilisation de produits chimiques et d\u2019appareils techniques)<br \/>Livraisons directes (sans interm\u00e9diaire)<br \/>Support client complet<br \/>Prix raisonnables<br \/>Contr\u00f4le de qualit\u00e9 approfondi<br \/>Non-GMO<br \/>Garantie d\u2019un an<br \/>Dans le cadre de notre engagement en faveur de la qualit\u00e9 et de la satisfaction de nos clients, nous avons le plaisir d\u2019offrir un \u00e9chantillon gratuit de 200 g de nos raisins secs de qualit\u00e9 sup\u00e9rieure aux clients int\u00e9ress\u00e9s. Il vous suffit d\u2019exprimer votre int\u00e9r\u00eat et nous nous ferons un plaisir de vous envoyer l\u2019\u00e9chantillon directement, vous permettant ainsi de d\u00e9couvrir le go\u00fbt et la qualit\u00e9 exceptionnels de nos produits. Contactez-nous d\u00e8s aujourd\u2019hui pour recevoir votre \u00e9chantillon gratuit et d\u00e9couvrir les bienfaits in\u00e9gal\u00e9s de nos raisins secs.<\/p>\n","protected":false},"excerpt":{"rendered":"<p>Raisins secs rouges sans p\u00e9pins Wholesome Dietary Organic du Turkm\u00e9nistan. Une explosion de saveurs et d&rsquo;\u00e9l\u00e9ments nutritifs, cultiv\u00e9s de mani\u00e8re durable pour la puret\u00e9.<\/p>\n","protected":false},"featured_media":6679,"comment_status":"open","ping_status":"closed","template":"","meta":{"_acf_changed":false},"brand":[587],"product_cat":[593],"product_tag":[],"class_list":{"0":"post-6676","1":"product","2":"type-product","3":"status-publish","4":"has-post-thumbnail","6":"brand-asly-toprak-fr","7":"product_cat-raisins-secs","9":"first","10":"instock","11":"shipping-taxable","12":"purchasable","13":"product-type-simple"},"acf":[],"_links":{"self":[{"href":"https:\/\/turkmenexporter.com\/fr\/wp-json\/wp\/v2\/product\/6676","targetHints":{"allow":["GET"]}}],"collection":[{"href":"https:\/\/turkmenexporter.com\/fr\/wp-json\/wp\/v2\/product"}],"about":[{"href":"https:\/\/turkmenexporter.com\/fr\/wp-json\/wp\/v2\/types\/product"}],"replies":[{"embeddable":true,"href":"https:\/\/turkmenexporter.com\/fr\/wp-json\/wp\/v2\/comments?post=6676"}],"version-history":[{"count":4,"href":"https:\/\/turkmenexporter.com\/fr\/wp-json\/wp\/v2\/product\/6676\/revisions"}],"predecessor-version":[{"id":8580,"href":"https:\/\/turkmenexporter.com\/fr\/wp-json\/wp\/v2\/product\/6676\/revisions\/8580"}],"wp:featuredmedia":[{"embeddable":true,"href":"https:\/\/turkmenexporter.com\/fr\/wp-json\/wp\/v2\/media\/6679"}],"wp:attachment":[{"href":"https:\/\/turkmenexporter.com\/fr\/wp-json\/wp\/v2\/media?parent=6676"}],"wp:term":[{"taxonomy":"brand","embeddable":true,"href":"https:\/\/turkmenexporter.com\/fr\/wp-json\/wp\/v2\/brand?post=6676"},{"taxonomy":"product_cat","embeddable":true,"href":"https:\/\/turkmenexporter.com\/fr\/wp-json\/wp\/v2\/product_cat?post=6676"},{"taxonomy":"product_tag","embeddable":true,"href":"https:\/\/turkmenexporter.com\/fr\/wp-json\/wp\/v2\/product_tag?post=6676"}],"curies":[{"name":"wp","href":"https:\/\/api.w.org\/{rel}","templated":true}]}}