{"id":6700,"date":"2024-03-12T05:19:28","date_gmt":"2024-03-12T00:19:28","guid":{"rendered":"https:\/\/turkmenexporter.com\/?post_type=product&#038;p=6700"},"modified":"2024-09-17T19:28:27","modified_gmt":"2024-09-17T14:28:27","slug":"raisins-secs-sans-pepins-70-mm","status":"publish","type":"product","link":"https:\/\/turkmenexporter.com\/fr\/produit\/raisins-secs-sans-pepins-70-mm\/","title":{"rendered":"Raisins secs sans p\u00e9pins 70 mm"},"content":{"rendered":"<p>D\u00e9couvrez l\u2019essence de la gourmandise avec nos raisins secs noirs sans p\u00e9pins, un v\u00e9ritable t\u00e9moignage de l\u2019art de la production de raisins secs. Provenant exclusivement de vignobles s\u00e9lectionn\u00e9s au Turkm\u00e9nistan, ces joyaux noirs sont cueillis \u00e0 pleine maturit\u00e9, ce qui garantit une saveur et une texture in\u00e9gal\u00e9es dans chaque bouch\u00e9e. Ces raisins secs sont nettoy\u00e9s \u00e0 la vapeur chaude, ce qui permet non seulement d\u2019obtenir des raisins secs super propres, mais aussi de conf\u00e9rer une brillance naturelle \u00e0 chaque fruit.<br \/>Nos raisins secs sans p\u00e9pins sont riches en nutriments essentiels et en antioxydants, ce qui en fait un compl\u00e9ment d\u00e9licieux \u00e0 votre r\u00e9gime alimentaire quotidien. Gorg\u00e9s de fibres alimentaires, de potassium et de fer, ils favorisent la sant\u00e9 digestive, soutiennent la fonction cardiovasculaire et stimulent les niveaux d\u2019\u00e9nergie. En outre, leur go\u00fbt sucr\u00e9 naturel satisfait les envies sans n\u00e9cessiter de sucres ajout\u00e9s, ce qui en fait une option d\u2019en-cas sans culpabilit\u00e9 pour les consommateurs soucieux de leur sant\u00e9.<br \/> 100% bio<br \/> Nettoyage \u00e0 la vapeur chaude<br \/> S\u00e9chage \u00e0 l\u2019ombre (s\u00e9chage naturel sans utilisation de produits chimiques et d\u2019appareils techniques)<br \/> Livraisons directes (sans interm\u00e9diaire)<br \/> Support client complet<br \/> Prix raisonnables<br \/> Contr\u00f4le de qualit\u00e9 approfondi<br \/> Non-GMO<br \/> Garantie d\u2019un an<br \/>Dans le cadre de notre engagement en faveur de la qualit\u00e9 et de la satisfaction de nos clients, nous avons le plaisir d\u2019offrir un \u00e9chantillon gratuit de 200 g de nos raisins secs de qualit\u00e9 sup\u00e9rieure aux clients int\u00e9ress\u00e9s. Il vous suffit d\u2019exprimer votre int\u00e9r\u00eat et nous nous ferons un plaisir de vous envoyer l\u2019\u00e9chantillon directement, vous permettant ainsi de d\u00e9couvrir le go\u00fbt et la qualit\u00e9 exceptionnels de nos produits. Contactez-nous d\u00e8s aujourd\u2019hui pour recevoir votre \u00e9chantillon gratuit et d\u00e9couvrir les bienfaits in\u00e9gal\u00e9s de nos raisins secs.<\/p>\n","protected":false},"excerpt":{"rendered":"<p>Sultanines noires sans p\u00e9pins provenant de vignobles s\u00e9lectionn\u00e9s du Turkm\u00e9nistan. Une saveur et une texture in\u00e9gal\u00e9es dans chaque bouch\u00e9e.<\/p>\n","protected":false},"featured_media":6715,"comment_status":"open","ping_status":"closed","template":"","meta":{"_acf_changed":false},"brand":[587],"product_cat":[593],"product_tag":[],"class_list":{"0":"post-6700","1":"product","2":"type-product","3":"status-publish","4":"has-post-thumbnail","6":"brand-asly-toprak-fr","7":"product_cat-raisins-secs","9":"first","10":"instock","11":"shipping-taxable","12":"purchasable","13":"product-type-simple"},"acf":[],"_links":{"self":[{"href":"https:\/\/turkmenexporter.com\/fr\/wp-json\/wp\/v2\/product\/6700","targetHints":{"allow":["GET"]}}],"collection":[{"href":"https:\/\/turkmenexporter.com\/fr\/wp-json\/wp\/v2\/product"}],"about":[{"href":"https:\/\/turkmenexporter.com\/fr\/wp-json\/wp\/v2\/types\/product"}],"replies":[{"embeddable":true,"href":"https:\/\/turkmenexporter.com\/fr\/wp-json\/wp\/v2\/comments?post=6700"}],"version-history":[{"count":4,"href":"https:\/\/turkmenexporter.com\/fr\/wp-json\/wp\/v2\/product\/6700\/revisions"}],"predecessor-version":[{"id":8581,"href":"https:\/\/turkmenexporter.com\/fr\/wp-json\/wp\/v2\/product\/6700\/revisions\/8581"}],"wp:featuredmedia":[{"embeddable":true,"href":"https:\/\/turkmenexporter.com\/fr\/wp-json\/wp\/v2\/media\/6715"}],"wp:attachment":[{"href":"https:\/\/turkmenexporter.com\/fr\/wp-json\/wp\/v2\/media?parent=6700"}],"wp:term":[{"taxonomy":"brand","embeddable":true,"href":"https:\/\/turkmenexporter.com\/fr\/wp-json\/wp\/v2\/brand?post=6700"},{"taxonomy":"product_cat","embeddable":true,"href":"https:\/\/turkmenexporter.com\/fr\/wp-json\/wp\/v2\/product_cat?post=6700"},{"taxonomy":"product_tag","embeddable":true,"href":"https:\/\/turkmenexporter.com\/fr\/wp-json\/wp\/v2\/product_tag?post=6700"}],"curies":[{"name":"wp","href":"https:\/\/api.w.org\/{rel}","templated":true}]}}