{"id":7583,"date":"2024-04-07T19:10:37","date_gmt":"2024-04-07T14:10:37","guid":{"rendered":"https:\/\/turkmenexporter.com\/product\/boite-de-boisson-energisante-bold\/"},"modified":"2024-09-17T19:28:26","modified_gmt":"2024-09-17T14:28:26","slug":"boite-de-boisson-energisante-bold","status":"publish","type":"product","link":"https:\/\/turkmenexporter.com\/fr\/produit\/boite-de-boisson-energisante-bold\/","title":{"rendered":"Bo\u00eete de boisson \u00e9nergisante Bold"},"content":{"rendered":"<ul>\n<li>Taille de l&rsquo;unit\u00e9 L\/H : 5\/13,5 sm<\/li>\n<li>Poids du bloc : 1,630 kg<\/li>\n<li>Dur\u00e9e de conservation : 12 mois.<\/li>\n<\/ul>\n","protected":false},"excerpt":{"rendered":"<p>Boisson \u00e9nerg\u00e9tique vitamin\u00e9e sans alcool 250 ml<\/p>\n<p>6 bo\u00eetes par bloc. 600 blocs dans une palette.<\/p>\n","protected":false},"featured_media":7066,"comment_status":"open","ping_status":"closed","template":"","meta":{"_acf_changed":false},"brand":[599],"product_cat":[625],"product_tag":[848],"class_list":{"0":"post-7583","1":"product","2":"type-product","3":"status-publish","4":"has-post-thumbnail","6":"brand-yupekchi","7":"product_cat-boissons","8":"product_tag-front-product-fr","10":"first","11":"instock","12":"shipping-taxable","13":"purchasable","14":"product-type-variable","15":"has-default-attributes"},"acf":[],"_links":{"self":[{"href":"https:\/\/turkmenexporter.com\/fr\/wp-json\/wp\/v2\/product\/7583","targetHints":{"allow":["GET"]}}],"collection":[{"href":"https:\/\/turkmenexporter.com\/fr\/wp-json\/wp\/v2\/product"}],"about":[{"href":"https:\/\/turkmenexporter.com\/fr\/wp-json\/wp\/v2\/types\/product"}],"replies":[{"embeddable":true,"href":"https:\/\/turkmenexporter.com\/fr\/wp-json\/wp\/v2\/comments?post=7583"}],"version-history":[{"count":1,"href":"https:\/\/turkmenexporter.com\/fr\/wp-json\/wp\/v2\/product\/7583\/revisions"}],"predecessor-version":[{"id":10276,"href":"https:\/\/turkmenexporter.com\/fr\/wp-json\/wp\/v2\/product\/7583\/revisions\/10276"}],"wp:featuredmedia":[{"embeddable":true,"href":"https:\/\/turkmenexporter.com\/fr\/wp-json\/wp\/v2\/media\/7066"}],"wp:attachment":[{"href":"https:\/\/turkmenexporter.com\/fr\/wp-json\/wp\/v2\/media?parent=7583"}],"wp:term":[{"taxonomy":"brand","embeddable":true,"href":"https:\/\/turkmenexporter.com\/fr\/wp-json\/wp\/v2\/brand?post=7583"},{"taxonomy":"product_cat","embeddable":true,"href":"https:\/\/turkmenexporter.com\/fr\/wp-json\/wp\/v2\/product_cat?post=7583"},{"taxonomy":"product_tag","embeddable":true,"href":"https:\/\/turkmenexporter.com\/fr\/wp-json\/wp\/v2\/product_tag?post=7583"}],"curies":[{"name":"wp","href":"https:\/\/api.w.org\/{rel}","templated":true}]}}