{"id":7586,"date":"2024-04-07T19:10:38","date_gmt":"2024-04-07T14:10:38","guid":{"rendered":"https:\/\/turkmenexporter.com\/product\/boisson-energetique-bold-extra\/"},"modified":"2026-01-23T20:57:55","modified_gmt":"2026-01-23T15:57:55","slug":"boisson-energetique-bold-extra","status":"publish","type":"product","link":"https:\/\/turkmenexporter.com\/fr\/produit\/boisson-energetique-bold-extra\/","title":{"rendered":"Boisson \u00e9nerg\u00e9tique Bold Extra"},"content":{"rendered":"<ul>\n<li>Taille de l&rsquo;unit\u00e9 W\/H : 6\/17 sm<\/li>\n<li>Poids du bloc : 6,475 kg<\/li>\n<li>Dur\u00e9e de conservation : 12 mois.<\/li>\n<\/ul>\n","protected":false},"excerpt":{"rendered":"<p>Boisson \u00e9nerg\u00e9tique gazeuse vitamin\u00e9e sans alcool 500 ml<\/p>\n<p>12 bo\u00eetes par bloc. 154 blocs dans une palette.<\/p>\n","protected":false},"featured_media":7090,"comment_status":"open","ping_status":"closed","template":"","meta":{"_acf_changed":false},"brand":[599],"product_cat":[625],"product_tag":[848],"class_list":{"0":"post-7586","1":"product","2":"type-product","3":"status-publish","4":"has-post-thumbnail","6":"brand-yupekchi","7":"product_cat-boissons","8":"product_tag-front-product-fr","10":"first","11":"instock","12":"shipping-taxable","13":"purchasable","14":"product-type-variable","15":"has-default-attributes"},"acf":[],"_links":{"self":[{"href":"https:\/\/turkmenexporter.com\/fr\/wp-json\/wp\/v2\/product\/7586","targetHints":{"allow":["GET"]}}],"collection":[{"href":"https:\/\/turkmenexporter.com\/fr\/wp-json\/wp\/v2\/product"}],"about":[{"href":"https:\/\/turkmenexporter.com\/fr\/wp-json\/wp\/v2\/types\/product"}],"replies":[{"embeddable":true,"href":"https:\/\/turkmenexporter.com\/fr\/wp-json\/wp\/v2\/comments?post=7586"}],"version-history":[{"count":1,"href":"https:\/\/turkmenexporter.com\/fr\/wp-json\/wp\/v2\/product\/7586\/revisions"}],"predecessor-version":[{"id":10267,"href":"https:\/\/turkmenexporter.com\/fr\/wp-json\/wp\/v2\/product\/7586\/revisions\/10267"}],"wp:featuredmedia":[{"embeddable":true,"href":"https:\/\/turkmenexporter.com\/fr\/wp-json\/wp\/v2\/media\/7090"}],"wp:attachment":[{"href":"https:\/\/turkmenexporter.com\/fr\/wp-json\/wp\/v2\/media?parent=7586"}],"wp:term":[{"taxonomy":"brand","embeddable":true,"href":"https:\/\/turkmenexporter.com\/fr\/wp-json\/wp\/v2\/brand?post=7586"},{"taxonomy":"product_cat","embeddable":true,"href":"https:\/\/turkmenexporter.com\/fr\/wp-json\/wp\/v2\/product_cat?post=7586"},{"taxonomy":"product_tag","embeddable":true,"href":"https:\/\/turkmenexporter.com\/fr\/wp-json\/wp\/v2\/product_tag?post=7586"}],"curies":[{"name":"wp","href":"https:\/\/api.w.org\/{rel}","templated":true}]}}