{"id":7589,"date":"2024-04-07T19:10:38","date_gmt":"2024-04-07T14:10:38","guid":{"rendered":"https:\/\/turkmenexporter.com\/product\/boisson-energetique-bold\/"},"modified":"2025-12-21T23:50:06","modified_gmt":"2025-12-21T18:50:06","slug":"boisson-energetique-bold","status":"publish","type":"product","link":"https:\/\/turkmenexporter.com\/fr\/produit\/boisson-energetique-bold\/","title":{"rendered":"Boisson \u00e9nerg\u00e9tique Bold"},"content":{"rendered":"<ul>\n<li>Taille de l&rsquo;unit\u00e9 L\/H : 6\/15,5 sm<\/li>\n<li>Poids du bloc : 4,325 kg<\/li>\n<li>Dur\u00e9e de conservation : 180 jours.<\/li>\n<\/ul>\n","protected":false},"excerpt":{"rendered":"<p>Boisson \u00e9nerg\u00e9tique vitamin\u00e9e sans alcool 330 ml<\/p>\n<p>12 bouteilles par bloc. 171 blocs dans une palette.<\/p>\n","protected":false},"featured_media":7060,"comment_status":"open","ping_status":"closed","template":"","meta":{"_acf_changed":false},"brand":[599],"product_cat":[625],"product_tag":[848],"class_list":{"0":"post-7589","1":"product","2":"type-product","3":"status-publish","4":"has-post-thumbnail","6":"brand-yupekchi","7":"product_cat-boissons","8":"product_tag-front-product-fr","10":"first","11":"instock","12":"shipping-taxable","13":"purchasable","14":"product-type-variable","15":"has-default-attributes"},"acf":[],"_links":{"self":[{"href":"https:\/\/turkmenexporter.com\/fr\/wp-json\/wp\/v2\/product\/7589","targetHints":{"allow":["GET"]}}],"collection":[{"href":"https:\/\/turkmenexporter.com\/fr\/wp-json\/wp\/v2\/product"}],"about":[{"href":"https:\/\/turkmenexporter.com\/fr\/wp-json\/wp\/v2\/types\/product"}],"replies":[{"embeddable":true,"href":"https:\/\/turkmenexporter.com\/fr\/wp-json\/wp\/v2\/comments?post=7589"}],"version-history":[{"count":1,"href":"https:\/\/turkmenexporter.com\/fr\/wp-json\/wp\/v2\/product\/7589\/revisions"}],"predecessor-version":[{"id":10266,"href":"https:\/\/turkmenexporter.com\/fr\/wp-json\/wp\/v2\/product\/7589\/revisions\/10266"}],"wp:featuredmedia":[{"embeddable":true,"href":"https:\/\/turkmenexporter.com\/fr\/wp-json\/wp\/v2\/media\/7060"}],"wp:attachment":[{"href":"https:\/\/turkmenexporter.com\/fr\/wp-json\/wp\/v2\/media?parent=7589"}],"wp:term":[{"taxonomy":"brand","embeddable":true,"href":"https:\/\/turkmenexporter.com\/fr\/wp-json\/wp\/v2\/brand?post=7589"},{"taxonomy":"product_cat","embeddable":true,"href":"https:\/\/turkmenexporter.com\/fr\/wp-json\/wp\/v2\/product_cat?post=7589"},{"taxonomy":"product_tag","embeddable":true,"href":"https:\/\/turkmenexporter.com\/fr\/wp-json\/wp\/v2\/product_tag?post=7589"}],"curies":[{"name":"wp","href":"https:\/\/api.w.org\/{rel}","templated":true}]}}