{"id":7615,"date":"2024-04-07T19:10:39","date_gmt":"2024-04-07T14:10:39","guid":{"rendered":"https:\/\/turkmenexporter.com\/product\/eau-gazeuse-bulvar\/"},"modified":"2024-09-17T19:28:20","modified_gmt":"2024-09-17T14:28:20","slug":"eau-gazeuse-bulvar","status":"publish","type":"product","link":"https:\/\/turkmenexporter.com\/fr\/produit\/eau-gazeuse-bulvar\/","title":{"rendered":"Eau gazeuse Bulvar"},"content":{"rendered":"<p>Ingr\u00e9dients : eau potable purifi\u00e9e, dioxyde de carbone gazeux (E290). Min\u00e9ralisation 100-1000 mg\/dm\u00b3. Duret\u00e9 totale inf\u00e9rieure ou \u00e9gale \u00e0 1,7 mol\/dm\u00b3. Conditions de stockage entre 5\u00b0C et 20\u00b0C. Emballage : bouteille en plastique pour animaux de compagnie.<\/p>\n<p>Taille de l&rsquo;unit\u00e9 L\/H : 6\/23,5 sm<\/p>\n<p>Poids du bloc : 6,225 kg <\/p>\n<p>Dur\u00e9e de conservation : 180 jours<\/p>\n","protected":false},"excerpt":{"rendered":"<p>Eau gazeuse forte 500 ml<\/p>\n<p>12 bouteilles par bloc. 114 blocs dans une palette.<\/p>\n","protected":false},"featured_media":7132,"comment_status":"open","ping_status":"closed","template":"","meta":{"_acf_changed":false},"brand":[599],"product_cat":[625],"product_tag":[],"class_list":{"0":"post-7615","1":"product","2":"type-product","3":"status-publish","4":"has-post-thumbnail","6":"brand-yupekchi","7":"product_cat-boissons","9":"first","10":"instock","11":"shipping-taxable","12":"purchasable","13":"product-type-simple"},"acf":[],"_links":{"self":[{"href":"https:\/\/turkmenexporter.com\/fr\/wp-json\/wp\/v2\/product\/7615","targetHints":{"allow":["GET"]}}],"collection":[{"href":"https:\/\/turkmenexporter.com\/fr\/wp-json\/wp\/v2\/product"}],"about":[{"href":"https:\/\/turkmenexporter.com\/fr\/wp-json\/wp\/v2\/types\/product"}],"replies":[{"embeddable":true,"href":"https:\/\/turkmenexporter.com\/fr\/wp-json\/wp\/v2\/comments?post=7615"}],"version-history":[{"count":1,"href":"https:\/\/turkmenexporter.com\/fr\/wp-json\/wp\/v2\/product\/7615\/revisions"}],"predecessor-version":[{"id":10250,"href":"https:\/\/turkmenexporter.com\/fr\/wp-json\/wp\/v2\/product\/7615\/revisions\/10250"}],"wp:featuredmedia":[{"embeddable":true,"href":"https:\/\/turkmenexporter.com\/fr\/wp-json\/wp\/v2\/media\/7132"}],"wp:attachment":[{"href":"https:\/\/turkmenexporter.com\/fr\/wp-json\/wp\/v2\/media?parent=7615"}],"wp:term":[{"taxonomy":"brand","embeddable":true,"href":"https:\/\/turkmenexporter.com\/fr\/wp-json\/wp\/v2\/brand?post=7615"},{"taxonomy":"product_cat","embeddable":true,"href":"https:\/\/turkmenexporter.com\/fr\/wp-json\/wp\/v2\/product_cat?post=7615"},{"taxonomy":"product_tag","embeddable":true,"href":"https:\/\/turkmenexporter.com\/fr\/wp-json\/wp\/v2\/product_tag?post=7615"}],"curies":[{"name":"wp","href":"https:\/\/api.w.org\/{rel}","templated":true}]}}