{"id":7616,"date":"2024-04-07T19:10:39","date_gmt":"2024-04-07T14:10:39","guid":{"rendered":"https:\/\/turkmenexporter.com\/product\/eau-minerale-bulvar\/"},"modified":"2024-09-17T19:28:20","modified_gmt":"2024-09-17T14:28:20","slug":"eau-minerale-bulvar","status":"publish","type":"product","link":"https:\/\/turkmenexporter.com\/fr\/produit\/eau-minerale-bulvar\/","title":{"rendered":"Eau min\u00e9rale Bulvar"},"content":{"rendered":"<p>Ingr\u00e9dients : eau potable purifi\u00e9e, ensemble de min\u00e9raux naturels, dioxyde de carbone gazeux (E290). La composition ionique principale est de mg\/dm\u00b3 : CL+-90, Na&#8211;203. Min\u00e9ralisation 4-6 g\/dm\u00b3. Conditions de stockage entre 0\u00b0C et 18\u00b0C. Emballage : bouteille en plastique pour animaux de compagnie.<\/p>\n<p>Taille de l&rsquo;unit\u00e9 L\/H : 6\/23,5 sm<\/p>\n<p>Poids du bloc : 6,225 kg<\/p>\n<p>Dur\u00e9e de conservation : 180 jours<\/p>\n","protected":false},"excerpt":{"rendered":"<p>Eau min\u00e9rale artificielle gazeuse 500 ml<\/p>\n<p>12 bouteilles par bloc. 114 blocs dans une palette.<\/p>\n","protected":false},"featured_media":7126,"comment_status":"open","ping_status":"closed","template":"","meta":{"_acf_changed":false},"brand":[599],"product_cat":[625],"product_tag":[],"class_list":{"0":"post-7616","1":"product","2":"type-product","3":"status-publish","4":"has-post-thumbnail","6":"brand-yupekchi","7":"product_cat-boissons","9":"first","10":"instock","11":"shipping-taxable","12":"purchasable","13":"product-type-simple"},"acf":[],"_links":{"self":[{"href":"https:\/\/turkmenexporter.com\/fr\/wp-json\/wp\/v2\/product\/7616","targetHints":{"allow":["GET"]}}],"collection":[{"href":"https:\/\/turkmenexporter.com\/fr\/wp-json\/wp\/v2\/product"}],"about":[{"href":"https:\/\/turkmenexporter.com\/fr\/wp-json\/wp\/v2\/types\/product"}],"replies":[{"embeddable":true,"href":"https:\/\/turkmenexporter.com\/fr\/wp-json\/wp\/v2\/comments?post=7616"}],"version-history":[{"count":1,"href":"https:\/\/turkmenexporter.com\/fr\/wp-json\/wp\/v2\/product\/7616\/revisions"}],"predecessor-version":[{"id":10249,"href":"https:\/\/turkmenexporter.com\/fr\/wp-json\/wp\/v2\/product\/7616\/revisions\/10249"}],"wp:featuredmedia":[{"embeddable":true,"href":"https:\/\/turkmenexporter.com\/fr\/wp-json\/wp\/v2\/media\/7126"}],"wp:attachment":[{"href":"https:\/\/turkmenexporter.com\/fr\/wp-json\/wp\/v2\/media?parent=7616"}],"wp:term":[{"taxonomy":"brand","embeddable":true,"href":"https:\/\/turkmenexporter.com\/fr\/wp-json\/wp\/v2\/brand?post=7616"},{"taxonomy":"product_cat","embeddable":true,"href":"https:\/\/turkmenexporter.com\/fr\/wp-json\/wp\/v2\/product_cat?post=7616"},{"taxonomy":"product_tag","embeddable":true,"href":"https:\/\/turkmenexporter.com\/fr\/wp-json\/wp\/v2\/product_tag?post=7616"}],"curies":[{"name":"wp","href":"https:\/\/api.w.org\/{rel}","templated":true}]}}