{"id":7617,"date":"2024-04-07T19:10:40","date_gmt":"2024-04-07T14:10:40","guid":{"rendered":"https:\/\/turkmenexporter.com\/product\/eau-gazeuse-au-citron-bulvar\/"},"modified":"2024-09-17T19:28:19","modified_gmt":"2024-09-17T14:28:19","slug":"eau-gazeuse-au-citron-bulvar","status":"publish","type":"product","link":"https:\/\/turkmenexporter.com\/fr\/produit\/eau-gazeuse-au-citron-bulvar\/","title":{"rendered":"Eau gazeuse au citron Bulvar"},"content":{"rendered":"<p>Ingr\u00e9dients : eau potable purifi\u00e9e, dioxyde de carbone gazeux (E290), ar\u00f4me \u00ab\u00a0citron\u00a0\u00bb. Min\u00e9ralisation 100 mg\/dm\u00b3. Duret\u00e9 totale inf\u00e9rieure ou \u00e9gale \u00e0 1,7 mol\/dm\u00b3. Conditions de stockage entre 5\u00b0C et 20\u00b0C. Emballage : bouteille en plastique pour animaux de compagnie.<\/p>\n<p>Taille de l&rsquo;unit\u00e9 L\/H : 6\/23,5 sm<\/p>\n<p>Poids du bloc : 6,225 kg <\/p>\n<p>Dur\u00e9e de conservation : 180 jours<\/p>\n","protected":false},"excerpt":{"rendered":"<p>Eau gazeuse au go\u00fbt de citron 500 ml<\/p>\n<p>12 bouteilles par bloc. 114 blocs dans une palette.<\/p>\n","protected":false},"featured_media":7120,"comment_status":"open","ping_status":"closed","template":"","meta":{"_acf_changed":false},"brand":[599],"product_cat":[625],"product_tag":[848],"class_list":{"0":"post-7617","1":"product","2":"type-product","3":"status-publish","4":"has-post-thumbnail","6":"brand-yupekchi","7":"product_cat-boissons","8":"product_tag-front-product-fr","10":"first","11":"instock","12":"shipping-taxable","13":"purchasable","14":"product-type-simple"},"acf":[],"_links":{"self":[{"href":"https:\/\/turkmenexporter.com\/fr\/wp-json\/wp\/v2\/product\/7617","targetHints":{"allow":["GET"]}}],"collection":[{"href":"https:\/\/turkmenexporter.com\/fr\/wp-json\/wp\/v2\/product"}],"about":[{"href":"https:\/\/turkmenexporter.com\/fr\/wp-json\/wp\/v2\/types\/product"}],"replies":[{"embeddable":true,"href":"https:\/\/turkmenexporter.com\/fr\/wp-json\/wp\/v2\/comments?post=7617"}],"version-history":[{"count":1,"href":"https:\/\/turkmenexporter.com\/fr\/wp-json\/wp\/v2\/product\/7617\/revisions"}],"predecessor-version":[{"id":10240,"href":"https:\/\/turkmenexporter.com\/fr\/wp-json\/wp\/v2\/product\/7617\/revisions\/10240"}],"wp:featuredmedia":[{"embeddable":true,"href":"https:\/\/turkmenexporter.com\/fr\/wp-json\/wp\/v2\/media\/7120"}],"wp:attachment":[{"href":"https:\/\/turkmenexporter.com\/fr\/wp-json\/wp\/v2\/media?parent=7617"}],"wp:term":[{"taxonomy":"brand","embeddable":true,"href":"https:\/\/turkmenexporter.com\/fr\/wp-json\/wp\/v2\/brand?post=7617"},{"taxonomy":"product_cat","embeddable":true,"href":"https:\/\/turkmenexporter.com\/fr\/wp-json\/wp\/v2\/product_cat?post=7617"},{"taxonomy":"product_tag","embeddable":true,"href":"https:\/\/turkmenexporter.com\/fr\/wp-json\/wp\/v2\/product_tag?post=7617"}],"curies":[{"name":"wp","href":"https:\/\/api.w.org\/{rel}","templated":true}]}}