{"id":7621,"date":"2024-04-07T19:10:39","date_gmt":"2024-04-07T14:10:39","guid":{"rendered":"https:\/\/turkmenexporter.com\/product\/real-cola\/"},"modified":"2024-09-17T19:28:20","modified_gmt":"2024-09-17T14:28:20","slug":"real-cola","status":"publish","type":"product","link":"https:\/\/turkmenexporter.com\/fr\/produit\/real-cola\/","title":{"rendered":"Real Cola"},"content":{"rendered":"<p>Ingr\u00e9dients : eau potable purifi\u00e9e, sucre, acide citrique r\u00e9gulateur d&rsquo;acidit\u00e9 (E330), gaz pour saturer l&rsquo;apport de dioxyde de sodium (E290), \u00e9mulsion de Cola, conservateur benzoate de sodium (E211). Conditions de stockage entre 5\u00b0C et 20\u00b0C. Emballage : bouteille en plastique pour animaux de compagnie.<\/p>\n<p>Taille de l&rsquo;unit\u00e9 L\/H : 7\/29.5 sm<\/p>\n<p>Poids du bloc : 13,045 kg<\/p>\n<p>Dur\u00e9e de conservation : 180 jours<\/p>\n","protected":false},"excerpt":{"rendered":"<p>Boisson gazeuse non alcoolis\u00e9e 1000 ml<\/p>\n<p>12 bouteilles par bloc. 70 blocs dans une palette.<\/p>\n","protected":false},"featured_media":7294,"comment_status":"open","ping_status":"closed","template":"","meta":{"_acf_changed":false},"brand":[599],"product_cat":[625],"product_tag":[848],"class_list":{"0":"post-7621","1":"product","2":"type-product","3":"status-publish","4":"has-post-thumbnail","6":"brand-yupekchi","7":"product_cat-boissons","8":"product_tag-front-product-fr","10":"first","11":"instock","12":"shipping-taxable","13":"purchasable","14":"product-type-simple"},"acf":[],"_links":{"self":[{"href":"https:\/\/turkmenexporter.com\/fr\/wp-json\/wp\/v2\/product\/7621","targetHints":{"allow":["GET"]}}],"collection":[{"href":"https:\/\/turkmenexporter.com\/fr\/wp-json\/wp\/v2\/product"}],"about":[{"href":"https:\/\/turkmenexporter.com\/fr\/wp-json\/wp\/v2\/types\/product"}],"replies":[{"embeddable":true,"href":"https:\/\/turkmenexporter.com\/fr\/wp-json\/wp\/v2\/comments?post=7621"}],"version-history":[{"count":1,"href":"https:\/\/turkmenexporter.com\/fr\/wp-json\/wp\/v2\/product\/7621\/revisions"}],"predecessor-version":[{"id":10248,"href":"https:\/\/turkmenexporter.com\/fr\/wp-json\/wp\/v2\/product\/7621\/revisions\/10248"}],"wp:featuredmedia":[{"embeddable":true,"href":"https:\/\/turkmenexporter.com\/fr\/wp-json\/wp\/v2\/media\/7294"}],"wp:attachment":[{"href":"https:\/\/turkmenexporter.com\/fr\/wp-json\/wp\/v2\/media?parent=7621"}],"wp:term":[{"taxonomy":"brand","embeddable":true,"href":"https:\/\/turkmenexporter.com\/fr\/wp-json\/wp\/v2\/brand?post=7621"},{"taxonomy":"product_cat","embeddable":true,"href":"https:\/\/turkmenexporter.com\/fr\/wp-json\/wp\/v2\/product_cat?post=7621"},{"taxonomy":"product_tag","embeddable":true,"href":"https:\/\/turkmenexporter.com\/fr\/wp-json\/wp\/v2\/product_tag?post=7621"}],"curies":[{"name":"wp","href":"https:\/\/api.w.org\/{rel}","templated":true}]}}