{"id":7635,"date":"2024-04-07T19:10:49","date_gmt":"2024-04-07T14:10:49","guid":{"rendered":"https:\/\/turkmenexporter.com\/product\/jus-hoshal\/"},"modified":"2024-09-17T19:28:16","modified_gmt":"2024-09-17T14:28:16","slug":"jus-hoshal","status":"publish","type":"product","link":"https:\/\/turkmenexporter.com\/fr\/produit\/jus-hoshal\/","title":{"rendered":"Jus Hoshal"},"content":{"rendered":"<ul>\n<li>Taille de l&rsquo;unit\u00e9 W\/H : 7\/24,5 sm<\/li>\n<li>Poids du bloc : 12,035 kg<\/li>\n<li>Dur\u00e9e de conservation : 12 mois.<\/li>\n<\/ul>\n","protected":false},"excerpt":{"rendered":"<p>Boisson au jus reconstitu\u00e9e \u00e0 partir de jus concentr\u00e9 930 ml<\/p>\n<p>12 paquets dans un bloc. 90 blocs dans une palette.<\/p>\n","protected":false},"featured_media":7192,"comment_status":"open","ping_status":"closed","template":"","meta":{"_acf_changed":false},"brand":[599],"product_cat":[625],"product_tag":[848],"class_list":{"0":"post-7635","1":"product","2":"type-product","3":"status-publish","4":"has-post-thumbnail","6":"brand-yupekchi","7":"product_cat-boissons","8":"product_tag-front-product-fr","10":"first","11":"instock","12":"shipping-taxable","13":"purchasable","14":"product-type-variable","15":"has-default-attributes"},"acf":[],"_links":{"self":[{"href":"https:\/\/turkmenexporter.com\/fr\/wp-json\/wp\/v2\/product\/7635","targetHints":{"allow":["GET"]}}],"collection":[{"href":"https:\/\/turkmenexporter.com\/fr\/wp-json\/wp\/v2\/product"}],"about":[{"href":"https:\/\/turkmenexporter.com\/fr\/wp-json\/wp\/v2\/types\/product"}],"replies":[{"embeddable":true,"href":"https:\/\/turkmenexporter.com\/fr\/wp-json\/wp\/v2\/comments?post=7635"}],"version-history":[{"count":1,"href":"https:\/\/turkmenexporter.com\/fr\/wp-json\/wp\/v2\/product\/7635\/revisions"}],"predecessor-version":[{"id":7765,"href":"https:\/\/turkmenexporter.com\/fr\/wp-json\/wp\/v2\/product\/7635\/revisions\/7765"}],"wp:featuredmedia":[{"embeddable":true,"href":"https:\/\/turkmenexporter.com\/fr\/wp-json\/wp\/v2\/media\/7192"}],"wp:attachment":[{"href":"https:\/\/turkmenexporter.com\/fr\/wp-json\/wp\/v2\/media?parent=7635"}],"wp:term":[{"taxonomy":"brand","embeddable":true,"href":"https:\/\/turkmenexporter.com\/fr\/wp-json\/wp\/v2\/brand?post=7635"},{"taxonomy":"product_cat","embeddable":true,"href":"https:\/\/turkmenexporter.com\/fr\/wp-json\/wp\/v2\/product_cat?post=7635"},{"taxonomy":"product_tag","embeddable":true,"href":"https:\/\/turkmenexporter.com\/fr\/wp-json\/wp\/v2\/product_tag?post=7635"}],"curies":[{"name":"wp","href":"https:\/\/api.w.org\/{rel}","templated":true}]}}