{"id":7640,"date":"2024-04-07T19:10:50","date_gmt":"2024-04-07T14:10:50","guid":{"rendered":"https:\/\/turkmenexporter.com\/product\/buzz-the-vert-citron\/"},"modified":"2024-09-17T19:28:15","modified_gmt":"2024-09-17T14:28:15","slug":"buzz-the-vert-citron","status":"publish","type":"product","link":"https:\/\/turkmenexporter.com\/fr\/produit\/buzz-the-vert-citron\/","title":{"rendered":"Buzz th\u00e9 vert citron"},"content":{"rendered":"<p>Ingr\u00e9dients : eau, sucre, \u00e9dulcorant ac\u00e9sulfame potassium (E950), ar\u00f4me identique \u00e0 la nature \u00ab\u00a0th\u00e9 vert indien\u00a0\u00bb, \u00ab\u00a0citron\u00a0\u00bb, r\u00e9gulateur d&rsquo;acidit\u00e9 acide citrique (E330), colorant alimentaire naturel sucre coller (E150d). Conservateurs : benzoate de sodium (E211), sorbate de potassium (E202). Conditions de stockage entre 0\u00b0C et 18\u00b0C. Emballage : bouteille en plastique pour animaux de compagnie.<\/p>\n<p>Taille de l&rsquo;unit\u00e9 L\/H : 5,5\/19 sm<\/p>\n<p>Poids du bloc : 4,970 kg<\/p>\n<p>Dur\u00e9e de conservation : 180 jours<\/p>\n","protected":false},"excerpt":{"rendered":"<p>Th\u00e9 vert au go\u00fbt de citron 400 ml<\/p>\n<p>12 bouteilles par bloc. 175 blocs dans une palette.<\/p>\n","protected":false},"featured_media":7150,"comment_status":"open","ping_status":"closed","template":"","meta":{"_acf_changed":false},"brand":[599],"product_cat":[625],"product_tag":[848],"class_list":{"0":"post-7640","1":"product","2":"type-product","3":"status-publish","4":"has-post-thumbnail","6":"brand-yupekchi","7":"product_cat-boissons","8":"product_tag-front-product-fr","10":"first","11":"instock","12":"shipping-taxable","13":"purchasable","14":"product-type-simple"},"acf":[],"_links":{"self":[{"href":"https:\/\/turkmenexporter.com\/fr\/wp-json\/wp\/v2\/product\/7640","targetHints":{"allow":["GET"]}}],"collection":[{"href":"https:\/\/turkmenexporter.com\/fr\/wp-json\/wp\/v2\/product"}],"about":[{"href":"https:\/\/turkmenexporter.com\/fr\/wp-json\/wp\/v2\/types\/product"}],"replies":[{"embeddable":true,"href":"https:\/\/turkmenexporter.com\/fr\/wp-json\/wp\/v2\/comments?post=7640"}],"version-history":[{"count":1,"href":"https:\/\/turkmenexporter.com\/fr\/wp-json\/wp\/v2\/product\/7640\/revisions"}],"predecessor-version":[{"id":8081,"href":"https:\/\/turkmenexporter.com\/fr\/wp-json\/wp\/v2\/product\/7640\/revisions\/8081"}],"wp:featuredmedia":[{"embeddable":true,"href":"https:\/\/turkmenexporter.com\/fr\/wp-json\/wp\/v2\/media\/7150"}],"wp:attachment":[{"href":"https:\/\/turkmenexporter.com\/fr\/wp-json\/wp\/v2\/media?parent=7640"}],"wp:term":[{"taxonomy":"brand","embeddable":true,"href":"https:\/\/turkmenexporter.com\/fr\/wp-json\/wp\/v2\/brand?post=7640"},{"taxonomy":"product_cat","embeddable":true,"href":"https:\/\/turkmenexporter.com\/fr\/wp-json\/wp\/v2\/product_cat?post=7640"},{"taxonomy":"product_tag","embeddable":true,"href":"https:\/\/turkmenexporter.com\/fr\/wp-json\/wp\/v2\/product_tag?post=7640"}],"curies":[{"name":"wp","href":"https:\/\/api.w.org\/{rel}","templated":true}]}}