{"id":7641,"date":"2024-04-07T19:10:59","date_gmt":"2024-04-07T14:10:59","guid":{"rendered":"https:\/\/turkmenexporter.com\/product\/jus-de-yedigen\/"},"modified":"2024-09-17T19:28:14","modified_gmt":"2024-09-17T14:28:14","slug":"jus-de-cerise-yedigen","status":"publish","type":"product","link":"https:\/\/turkmenexporter.com\/fr\/produit\/jus-de-cerise-yedigen\/","title":{"rendered":"Jus de cerise Yedigen"},"content":{"rendered":"<p>Jus de cerise Yedigen. Ingr\u00e9dients : eau potable purifi\u00e9e, sucre, jus de pomme concentr\u00e9, acide citrique E330, composition d&rsquo;ar\u00f4me \u00ab\u00a0cerise\u00a0\u00bb, ac\u00e9sulfame E950, aspartame E951, gomme arabique E414, gomme xanthane E415. Conditions de stockage entre +2\u00b0C et +25\u00b0C. Type d&#8217;emballage Aseptic Pak.<\/p>\n<ul>\n<li>Taille de l&rsquo;unit\u00e9 L\/H : 9\/21,3 cm<\/li>\n<li>Poids du bloc : 13,035 kg<\/li>\n<li>Dur\u00e9e de conservation : 12 mois.<\/li>\n<\/ul>\n","protected":false},"excerpt":{"rendered":"<p>Boisson au jus de cerise reconstitu\u00e9e \u00e0 partir de jus concentr\u00e9 1000 ml<\/p>\n<p>12 paquets dans un bloc. 78 blocs dans une palette.<\/p>\n","protected":false},"featured_media":7300,"comment_status":"open","ping_status":"closed","template":"","meta":{"_acf_changed":false},"brand":[599],"product_cat":[625],"product_tag":[],"class_list":{"0":"post-7641","1":"product","2":"type-product","3":"status-publish","4":"has-post-thumbnail","6":"brand-yupekchi","7":"product_cat-boissons","9":"first","10":"instock","11":"shipping-taxable","12":"purchasable","13":"product-type-simple"},"acf":[],"_links":{"self":[{"href":"https:\/\/turkmenexporter.com\/fr\/wp-json\/wp\/v2\/product\/7641","targetHints":{"allow":["GET"]}}],"collection":[{"href":"https:\/\/turkmenexporter.com\/fr\/wp-json\/wp\/v2\/product"}],"about":[{"href":"https:\/\/turkmenexporter.com\/fr\/wp-json\/wp\/v2\/types\/product"}],"replies":[{"embeddable":true,"href":"https:\/\/turkmenexporter.com\/fr\/wp-json\/wp\/v2\/comments?post=7641"}],"version-history":[{"count":1,"href":"https:\/\/turkmenexporter.com\/fr\/wp-json\/wp\/v2\/product\/7641\/revisions"}],"predecessor-version":[{"id":8050,"href":"https:\/\/turkmenexporter.com\/fr\/wp-json\/wp\/v2\/product\/7641\/revisions\/8050"}],"wp:featuredmedia":[{"embeddable":true,"href":"https:\/\/turkmenexporter.com\/fr\/wp-json\/wp\/v2\/media\/7300"}],"wp:attachment":[{"href":"https:\/\/turkmenexporter.com\/fr\/wp-json\/wp\/v2\/media?parent=7641"}],"wp:term":[{"taxonomy":"brand","embeddable":true,"href":"https:\/\/turkmenexporter.com\/fr\/wp-json\/wp\/v2\/brand?post=7641"},{"taxonomy":"product_cat","embeddable":true,"href":"https:\/\/turkmenexporter.com\/fr\/wp-json\/wp\/v2\/product_cat?post=7641"},{"taxonomy":"product_tag","embeddable":true,"href":"https:\/\/turkmenexporter.com\/fr\/wp-json\/wp\/v2\/product_tag?post=7641"}],"curies":[{"name":"wp","href":"https:\/\/api.w.org\/{rel}","templated":true}]}}