{"id":8016,"date":"2024-05-21T22:41:10","date_gmt":"2024-05-21T17:41:10","guid":{"rendered":"https:\/\/turkmenexporter.com\/?post_type=product&#038;p=8016"},"modified":"2024-09-17T19:28:12","modified_gmt":"2024-09-17T14:28:12","slug":"jus-de-fruits-yedigen","status":"publish","type":"product","link":"https:\/\/turkmenexporter.com\/fr\/produit\/jus-de-fruits-yedigen\/","title":{"rendered":"Jus de fruits Yedigen"},"content":{"rendered":"<p>Jus de fruits Yedigen. Ingr\u00e9dients : eau potable purifi\u00e9e, sucre, jus de pomme concentr\u00e9, acide citrique E330, \u00e9mulsion aromatique \u00ab\u00a0Tropic\u00a0\u00bb, \u00e9mulsion neutre, ac\u00e9sulfame E950, aspartame E951, sa\u0441\u0441harin E954, gomme arabique E414, gomme xanthane E415. Conditions de stockage entre +2\u00b0C et +25\u00b0C. Type d&#8217;emballage Aseptic Pak.<\/p>\n<ul>\n<li>Taille de l&rsquo;unit\u00e9 L\/H : 9\/21,3 cm<\/li>\n<li>Poids du bloc : 13,035 kg<\/li>\n<li>Dur\u00e9e de conservation : 12 mois.<\/li>\n<\/ul>\n","protected":false},"excerpt":{"rendered":"<p>Boisson au jus de fruits reconstitu\u00e9e \u00e0 partir de jus concentr\u00e9 1000 ml<\/p>\n<p>12 paquets dans un bloc. 78 blocs dans une palette.<\/p>\n","protected":false},"featured_media":7318,"comment_status":"open","ping_status":"closed","template":"","meta":{"_acf_changed":false},"brand":[599],"product_cat":[625],"product_tag":[848],"class_list":{"0":"post-8016","1":"product","2":"type-product","3":"status-publish","4":"has-post-thumbnail","6":"brand-yupekchi","7":"product_cat-boissons","8":"product_tag-front-product-fr","10":"first","11":"instock","12":"shipping-taxable","13":"purchasable","14":"product-type-simple"},"acf":[],"_links":{"self":[{"href":"https:\/\/turkmenexporter.com\/fr\/wp-json\/wp\/v2\/product\/8016","targetHints":{"allow":["GET"]}}],"collection":[{"href":"https:\/\/turkmenexporter.com\/fr\/wp-json\/wp\/v2\/product"}],"about":[{"href":"https:\/\/turkmenexporter.com\/fr\/wp-json\/wp\/v2\/types\/product"}],"replies":[{"embeddable":true,"href":"https:\/\/turkmenexporter.com\/fr\/wp-json\/wp\/v2\/comments?post=8016"}],"version-history":[{"count":2,"href":"https:\/\/turkmenexporter.com\/fr\/wp-json\/wp\/v2\/product\/8016\/revisions"}],"predecessor-version":[{"id":8076,"href":"https:\/\/turkmenexporter.com\/fr\/wp-json\/wp\/v2\/product\/8016\/revisions\/8076"}],"wp:featuredmedia":[{"embeddable":true,"href":"https:\/\/turkmenexporter.com\/fr\/wp-json\/wp\/v2\/media\/7318"}],"wp:attachment":[{"href":"https:\/\/turkmenexporter.com\/fr\/wp-json\/wp\/v2\/media?parent=8016"}],"wp:term":[{"taxonomy":"brand","embeddable":true,"href":"https:\/\/turkmenexporter.com\/fr\/wp-json\/wp\/v2\/brand?post=8016"},{"taxonomy":"product_cat","embeddable":true,"href":"https:\/\/turkmenexporter.com\/fr\/wp-json\/wp\/v2\/product_cat?post=8016"},{"taxonomy":"product_tag","embeddable":true,"href":"https:\/\/turkmenexporter.com\/fr\/wp-json\/wp\/v2\/product_tag?post=8016"}],"curies":[{"name":"wp","href":"https:\/\/api.w.org\/{rel}","templated":true}]}}