{"id":8241,"date":"2024-05-24T04:37:05","date_gmt":"2024-05-23T23:37:05","guid":{"rendered":"https:\/\/turkmenexporter.com\/product\/chocolat-blanc-bubbly\/"},"modified":"2024-09-17T19:28:08","modified_gmt":"2024-09-17T14:28:08","slug":"chocolat-blanc-bubbly","status":"publish","type":"product","link":"https:\/\/turkmenexporter.com\/fr\/produit\/chocolat-blanc-bubbly\/","title":{"rendered":"Chocolat blanc Bubbly"},"content":{"rendered":"<p>Chocolat blanc a\u00e9r\u00e9 \u00ab\u00a0Bubbly\u00a0\u00bb. Ingr\u00e9dients : Sucre, p\u00e2te de cacao, beurre de cacao, lait entier en poudre, lait \u00e9cr\u00e9m\u00e9 en poudre, lactos\u00e9rum en poudre, graisse de lait, \u00e9mulsifiant l\u00e9cithine de soja E322, ar\u00f4me identique au naturel \u00ab\u00a0Vanilline\u00a0\u00bb. Peut contenir des traces d&rsquo;arachides et d&rsquo;autres fruits \u00e0 coque. La teneur du r\u00e9sidu sec total de cacao n&rsquo;est pas inf\u00e9rieure \u00e0 27 %, le r\u00e9sidu sec d\u00e9graiss\u00e9 des produits de cacao n&rsquo;est pas inf\u00e9rieur \u00e0 2,5 %, le r\u00e9sidu sec total de lait n&rsquo;est pas inf\u00e9rieur \u00e0 12 %, la mati\u00e8re grasse du lait n&rsquo;est pas inf\u00e9rieure \u00e0 2,5 %. Valeur nutritionnelle pour 100 g de produit : prot\u00e9ines &#8211; 5,8 g, graisses &#8211; 29,0 g, hydrates de carbone &#8211; 59,0 g. Valeur \u00e9nerg\u00e9tique &#8211; 527 kcal. La date de fabrication et la date de p\u00e9remption sont indiqu\u00e9es sur l&#8217;emballage. Conditions de stockage : conserver \u00e0 une temp\u00e9rature de +5\u00baC \u00e0 +22\u00baC et une humidit\u00e9 relative de l&rsquo;air ne d\u00e9passant pas 70%. Nos produits ne contiennent pas de graisse de porc. Le produit est certifi\u00e9. Ne contient pas d&rsquo;OGM.<\/p>\n<ul>\n<li>Volume de la bo\u00eete : 0,03 M3<\/li>\n<li>Poids brut de la bo\u00eete : 10,2 kg<\/li>\n<li>Dur\u00e9e de conservation : 18 mois.<\/li>\n<\/ul>\n","protected":false},"excerpt":{"rendered":"<p>Chocolat blanc a\u00e9r\u00e9 90 gr. Fabriqu\u00e9 avec des technologies belges.<\/p>\n<p>20 pi\u00e8ces par bloc. 5 blocs dans une bo\u00eete.<\/p>\n","protected":false},"featured_media":4276,"comment_status":"open","ping_status":"closed","template":"","meta":{"_acf_changed":false},"brand":[272],"product_cat":[301],"product_tag":[848],"class_list":{"0":"post-8241","1":"product","2":"type-product","3":"status-publish","4":"has-post-thumbnail","6":"brand-altyn-yunus-fr","7":"product_cat-chocolat","8":"product_tag-front-product-fr","10":"first","11":"instock","12":"shipping-taxable","13":"purchasable","14":"product-type-simple"},"acf":[],"_links":{"self":[{"href":"https:\/\/turkmenexporter.com\/fr\/wp-json\/wp\/v2\/product\/8241","targetHints":{"allow":["GET"]}}],"collection":[{"href":"https:\/\/turkmenexporter.com\/fr\/wp-json\/wp\/v2\/product"}],"about":[{"href":"https:\/\/turkmenexporter.com\/fr\/wp-json\/wp\/v2\/types\/product"}],"replies":[{"embeddable":true,"href":"https:\/\/turkmenexporter.com\/fr\/wp-json\/wp\/v2\/comments?post=8241"}],"version-history":[{"count":1,"href":"https:\/\/turkmenexporter.com\/fr\/wp-json\/wp\/v2\/product\/8241\/revisions"}],"predecessor-version":[{"id":10194,"href":"https:\/\/turkmenexporter.com\/fr\/wp-json\/wp\/v2\/product\/8241\/revisions\/10194"}],"wp:featuredmedia":[{"embeddable":true,"href":"https:\/\/turkmenexporter.com\/fr\/wp-json\/wp\/v2\/media\/4276"}],"wp:attachment":[{"href":"https:\/\/turkmenexporter.com\/fr\/wp-json\/wp\/v2\/media?parent=8241"}],"wp:term":[{"taxonomy":"brand","embeddable":true,"href":"https:\/\/turkmenexporter.com\/fr\/wp-json\/wp\/v2\/brand?post=8241"},{"taxonomy":"product_cat","embeddable":true,"href":"https:\/\/turkmenexporter.com\/fr\/wp-json\/wp\/v2\/product_cat?post=8241"},{"taxonomy":"product_tag","embeddable":true,"href":"https:\/\/turkmenexporter.com\/fr\/wp-json\/wp\/v2\/product_tag?post=8241"}],"curies":[{"name":"wp","href":"https:\/\/api.w.org\/{rel}","templated":true}]}}