{"id":8247,"date":"2024-05-23T08:35:48","date_gmt":"2024-05-23T03:35:48","guid":{"rendered":"https:\/\/turkmenexporter.com\/product\/boisson-gazeuse-tutti-frutti-7gen\/"},"modified":"2024-09-17T19:28:10","modified_gmt":"2024-09-17T14:28:10","slug":"boisson-gazeuse-tutti-frutti-7gen","status":"publish","type":"product","link":"https:\/\/turkmenexporter.com\/fr\/produit\/boisson-gazeuse-tutti-frutti-7gen\/","title":{"rendered":"Boisson gazeuse Tutti Frutti 7gen"},"content":{"rendered":"<p>7GEN tutti-frutti boisson gazeuse non alcoolis\u00e9e. Ingr\u00e9dients : Eau potable purifi\u00e9e, sucre, acide citrique r\u00e9gulateur d&rsquo;acidit\u00e9 (E330), gaz pour saturer les boissons, dioxyde de carbone (E290), ar\u00f4me \u00ab\u00a0baies sauvages\u00a0\u00bb, conservateur : benzoate de sodium (E211), stabilisateur : citrate de sodium (E331), \u00e9dulcorants : aspartame (E951), ac\u00e9sulfame de potassium (E950). Conditions de stockage entre 0\u00b0C et 18\u00b0C. Emballage : bouteille en plastique pour animaux de compagnie.<\/p>\n<ul>\n<li>Taille de l&rsquo;unit\u00e9 L\/H : 8\/32,5 sm<\/li>\n<li>Poids du bloc : 9,160 kg<\/li>\n<li>Dur\u00e9e de conservation : 180 jours.<\/li>\n<\/ul>\n","protected":false},"excerpt":{"rendered":"<p>Boisson gazeuse Tutti Frutti 1500 ml<\/p>\n<p>6 bouteilles par bloc. 105 blocs dans une palette.<\/p>\n","protected":false},"featured_media":7036,"comment_status":"open","ping_status":"closed","template":"","meta":{"_acf_changed":false},"brand":[599],"product_cat":[625],"product_tag":[],"class_list":{"0":"post-8247","1":"product","2":"type-product","3":"status-publish","4":"has-post-thumbnail","6":"brand-yupekchi","7":"product_cat-boissons","9":"first","10":"instock","11":"shipping-taxable","12":"purchasable","13":"product-type-simple"},"acf":[],"_links":{"self":[{"href":"https:\/\/turkmenexporter.com\/fr\/wp-json\/wp\/v2\/product\/8247","targetHints":{"allow":["GET"]}}],"collection":[{"href":"https:\/\/turkmenexporter.com\/fr\/wp-json\/wp\/v2\/product"}],"about":[{"href":"https:\/\/turkmenexporter.com\/fr\/wp-json\/wp\/v2\/types\/product"}],"replies":[{"embeddable":true,"href":"https:\/\/turkmenexporter.com\/fr\/wp-json\/wp\/v2\/comments?post=8247"}],"version-history":[{"count":1,"href":"https:\/\/turkmenexporter.com\/fr\/wp-json\/wp\/v2\/product\/8247\/revisions"}],"predecessor-version":[{"id":10214,"href":"https:\/\/turkmenexporter.com\/fr\/wp-json\/wp\/v2\/product\/8247\/revisions\/10214"}],"wp:featuredmedia":[{"embeddable":true,"href":"https:\/\/turkmenexporter.com\/fr\/wp-json\/wp\/v2\/media\/7036"}],"wp:attachment":[{"href":"https:\/\/turkmenexporter.com\/fr\/wp-json\/wp\/v2\/media?parent=8247"}],"wp:term":[{"taxonomy":"brand","embeddable":true,"href":"https:\/\/turkmenexporter.com\/fr\/wp-json\/wp\/v2\/brand?post=8247"},{"taxonomy":"product_cat","embeddable":true,"href":"https:\/\/turkmenexporter.com\/fr\/wp-json\/wp\/v2\/product_cat?post=8247"},{"taxonomy":"product_tag","embeddable":true,"href":"https:\/\/turkmenexporter.com\/fr\/wp-json\/wp\/v2\/product_tag?post=8247"}],"curies":[{"name":"wp","href":"https:\/\/api.w.org\/{rel}","templated":true}]}}