{"id":8249,"date":"2024-05-23T08:50:55","date_gmt":"2024-05-23T03:50:55","guid":{"rendered":"https:\/\/turkmenexporter.com\/product\/eau-minerale-gazeuse-7gen\/"},"modified":"2024-09-17T19:28:09","modified_gmt":"2024-09-17T14:28:09","slug":"eau-minerale-gazeuse-7gen","status":"publish","type":"product","link":"https:\/\/turkmenexporter.com\/fr\/produit\/eau-minerale-gazeuse-7gen\/","title":{"rendered":"Eau min\u00e9rale gazeuse 7gen"},"content":{"rendered":"<p>7GEN boisson min\u00e9rale gazeuse non alcoolis\u00e9e. Ingr\u00e9dients : Eau potable purifi\u00e9e, dioxyde de carbone E290. Min\u00e9ralisation 100-1000 mg\/dm\u00b3. La densit\u00e9 totale n&rsquo;est pas sup\u00e9rieure \u00e0 1,7 mol\/dm\u00b3. Conditions de stockage entre 5\u00b0C et 20\u00b0C. Emballage : bouteille en plastique pour animaux de compagnie.<\/p>\n<ul>\n<li>Taille de l&rsquo;unit\u00e9 L\/H : 8\/32,5 sm<\/li>\n<li>Poids du bloc : 9,160 kg<\/li>\n<li>Dur\u00e9e de conservation : 180 jours.<\/li>\n<\/ul>\n","protected":false},"excerpt":{"rendered":"<p>Eau min\u00e9rale gazeuse 1500 ml<\/p>\n<p>6 bouteilles par bloc. 105 blocs dans une palette.<\/p>\n","protected":false},"featured_media":7018,"comment_status":"open","ping_status":"closed","template":"","meta":{"_acf_changed":false},"brand":[599],"product_cat":[625],"product_tag":[],"class_list":{"0":"post-8249","1":"product","2":"type-product","3":"status-publish","4":"has-post-thumbnail","6":"brand-yupekchi","7":"product_cat-boissons","9":"first","10":"instock","11":"shipping-taxable","12":"purchasable","13":"product-type-simple"},"acf":[],"_links":{"self":[{"href":"https:\/\/turkmenexporter.com\/fr\/wp-json\/wp\/v2\/product\/8249","targetHints":{"allow":["GET"]}}],"collection":[{"href":"https:\/\/turkmenexporter.com\/fr\/wp-json\/wp\/v2\/product"}],"about":[{"href":"https:\/\/turkmenexporter.com\/fr\/wp-json\/wp\/v2\/types\/product"}],"replies":[{"embeddable":true,"href":"https:\/\/turkmenexporter.com\/fr\/wp-json\/wp\/v2\/comments?post=8249"}],"version-history":[{"count":1,"href":"https:\/\/turkmenexporter.com\/fr\/wp-json\/wp\/v2\/product\/8249\/revisions"}],"predecessor-version":[{"id":10204,"href":"https:\/\/turkmenexporter.com\/fr\/wp-json\/wp\/v2\/product\/8249\/revisions\/10204"}],"wp:featuredmedia":[{"embeddable":true,"href":"https:\/\/turkmenexporter.com\/fr\/wp-json\/wp\/v2\/media\/7018"}],"wp:attachment":[{"href":"https:\/\/turkmenexporter.com\/fr\/wp-json\/wp\/v2\/media?parent=8249"}],"wp:term":[{"taxonomy":"brand","embeddable":true,"href":"https:\/\/turkmenexporter.com\/fr\/wp-json\/wp\/v2\/brand?post=8249"},{"taxonomy":"product_cat","embeddable":true,"href":"https:\/\/turkmenexporter.com\/fr\/wp-json\/wp\/v2\/product_cat?post=8249"},{"taxonomy":"product_tag","embeddable":true,"href":"https:\/\/turkmenexporter.com\/fr\/wp-json\/wp\/v2\/product_tag?post=8249"}],"curies":[{"name":"wp","href":"https:\/\/api.w.org\/{rel}","templated":true}]}}