{"id":8250,"date":"2024-05-23T09:25:36","date_gmt":"2024-05-23T04:25:36","guid":{"rendered":"https:\/\/turkmenexporter.com\/product\/eau-minerale-gazeuse-nazli\/"},"modified":"2024-09-17T19:28:08","modified_gmt":"2024-09-17T14:28:08","slug":"eau-minerale-gazeuse-nazli","status":"publish","type":"product","link":"https:\/\/turkmenexporter.com\/fr\/produit\/eau-minerale-gazeuse-nazli\/","title":{"rendered":"Eau min\u00e9rale gazeuse Nazli"},"content":{"rendered":"<p>Boisson min\u00e9rale gazeuse non alcoolis\u00e9e Nazli. Ingr\u00e9dients : eau potable purifi\u00e9e, gaz pour la saturation des boissons, dioxyde de carbone E290, complexe min\u00e9ral naturel Conditions de stockage entre 5\u00b0C et 20\u00b0C. Emballage : bouteille en plastique pour animaux de compagnie.<\/p>\n<ul>\n<li>Taille de l&rsquo;unit\u00e9 L\/H : 6\/21,5 sm<\/li>\n<li>Poids du bloc : 6,190 kg<\/li>\n<li>Dur\u00e9e de conservation : 180 jours.<\/li>\n<\/ul>\n","protected":false},"excerpt":{"rendered":"<p>Boisson min\u00e9rale gazeuse non alcoolis\u00e9e 500 ml<\/p>\n<p>12 bouteilles par bloc. 150 blocs dans une palette.<\/p>\n","protected":false},"featured_media":7234,"comment_status":"open","ping_status":"closed","template":"","meta":{"_acf_changed":false},"brand":[599],"product_cat":[625],"product_tag":[848],"class_list":{"0":"post-8250","1":"product","2":"type-product","3":"status-publish","4":"has-post-thumbnail","6":"brand-yupekchi","7":"product_cat-boissons","8":"product_tag-front-product-fr","10":"first","11":"instock","12":"shipping-taxable","13":"purchasable","14":"product-type-simple"},"acf":[],"_links":{"self":[{"href":"https:\/\/turkmenexporter.com\/fr\/wp-json\/wp\/v2\/product\/8250","targetHints":{"allow":["GET"]}}],"collection":[{"href":"https:\/\/turkmenexporter.com\/fr\/wp-json\/wp\/v2\/product"}],"about":[{"href":"https:\/\/turkmenexporter.com\/fr\/wp-json\/wp\/v2\/types\/product"}],"replies":[{"embeddable":true,"href":"https:\/\/turkmenexporter.com\/fr\/wp-json\/wp\/v2\/comments?post=8250"}],"version-history":[{"count":1,"href":"https:\/\/turkmenexporter.com\/fr\/wp-json\/wp\/v2\/product\/8250\/revisions"}],"predecessor-version":[{"id":10199,"href":"https:\/\/turkmenexporter.com\/fr\/wp-json\/wp\/v2\/product\/8250\/revisions\/10199"}],"wp:featuredmedia":[{"embeddable":true,"href":"https:\/\/turkmenexporter.com\/fr\/wp-json\/wp\/v2\/media\/7234"}],"wp:attachment":[{"href":"https:\/\/turkmenexporter.com\/fr\/wp-json\/wp\/v2\/media?parent=8250"}],"wp:term":[{"taxonomy":"brand","embeddable":true,"href":"https:\/\/turkmenexporter.com\/fr\/wp-json\/wp\/v2\/brand?post=8250"},{"taxonomy":"product_cat","embeddable":true,"href":"https:\/\/turkmenexporter.com\/fr\/wp-json\/wp\/v2\/product_cat?post=8250"},{"taxonomy":"product_tag","embeddable":true,"href":"https:\/\/turkmenexporter.com\/fr\/wp-json\/wp\/v2\/product_tag?post=8250"}],"curies":[{"name":"wp","href":"https:\/\/api.w.org\/{rel}","templated":true}]}}