{"id":8463,"date":"2024-05-30T14:21:51","date_gmt":"2024-05-30T09:21:51","guid":{"rendered":"https:\/\/turkmenexporter.com\/product\/tomate-ketchup-dayhan-270-gr\/"},"modified":"2024-09-17T19:28:07","modified_gmt":"2024-09-17T14:28:07","slug":"tomato-ketchup-dayhan-270-gr","status":"publish","type":"product","link":"https:\/\/turkmenexporter.com\/fr\/produit\/tomato-ketchup-dayhan-270-gr\/","title":{"rendered":"Tomato ketchup Dayhan 270 gr"},"content":{"rendered":"<p>Ingr\u00e9dients : p\u00e2te de tomates, sucre cristallis\u00e9, f\u00e9cule de pomme de terre, sel de table, conservateurs : sorbate de potassium E202, acide ac\u00e9tique E260, plantes aromatiques : aneth, basilic, persil. Fraction de masse des solides solubles 23%. Valeur nutritionnelle de 100g. produit : glucides &#8211; 24,6 g. Valeur \u00e9nerg\u00e9tique &#8211; 98,4 kcal. Conserver \u00e0 des temp\u00e9ratures comprises entre 0\u00baC et 6\u00baC. Dur\u00e9e de conservation : 6 mois. La date de fabrication est indiqu\u00e9e sur l&#8217;emballage.<\/p>\n","protected":false},"excerpt":{"rendered":"<p>Bouteille de ketchup 270 gr<br \/>\n24 bouteilles par bloc<\/p>\n","protected":false},"featured_media":8398,"comment_status":"open","ping_status":"closed","template":"","meta":{"_acf_changed":false},"brand":[669],"product_cat":[675],"product_tag":[848],"class_list":{"0":"post-8463","1":"product","2":"type-product","3":"status-publish","4":"has-post-thumbnail","6":"brand-dayhan-fr","7":"product_cat-tomato-ketchup-fr","8":"product_tag-front-product-fr","10":"first","11":"instock","12":"shipping-taxable","13":"purchasable","14":"product-type-simple"},"acf":[],"_links":{"self":[{"href":"https:\/\/turkmenexporter.com\/fr\/wp-json\/wp\/v2\/product\/8463","targetHints":{"allow":["GET"]}}],"collection":[{"href":"https:\/\/turkmenexporter.com\/fr\/wp-json\/wp\/v2\/product"}],"about":[{"href":"https:\/\/turkmenexporter.com\/fr\/wp-json\/wp\/v2\/types\/product"}],"replies":[{"embeddable":true,"href":"https:\/\/turkmenexporter.com\/fr\/wp-json\/wp\/v2\/comments?post=8463"}],"version-history":[{"count":1,"href":"https:\/\/turkmenexporter.com\/fr\/wp-json\/wp\/v2\/product\/8463\/revisions"}],"predecessor-version":[{"id":8465,"href":"https:\/\/turkmenexporter.com\/fr\/wp-json\/wp\/v2\/product\/8463\/revisions\/8465"}],"wp:featuredmedia":[{"embeddable":true,"href":"https:\/\/turkmenexporter.com\/fr\/wp-json\/wp\/v2\/media\/8398"}],"wp:attachment":[{"href":"https:\/\/turkmenexporter.com\/fr\/wp-json\/wp\/v2\/media?parent=8463"}],"wp:term":[{"taxonomy":"brand","embeddable":true,"href":"https:\/\/turkmenexporter.com\/fr\/wp-json\/wp\/v2\/brand?post=8463"},{"taxonomy":"product_cat","embeddable":true,"href":"https:\/\/turkmenexporter.com\/fr\/wp-json\/wp\/v2\/product_cat?post=8463"},{"taxonomy":"product_tag","embeddable":true,"href":"https:\/\/turkmenexporter.com\/fr\/wp-json\/wp\/v2\/product_tag?post=8463"}],"curies":[{"name":"wp","href":"https:\/\/api.w.org\/{rel}","templated":true}]}}