{"id":8833,"date":"2024-09-02T19:36:47","date_gmt":"2024-09-02T14:36:47","guid":{"rendered":"https:\/\/turkmenexporter.com\/product\/peches-lyophilisees-erem\/"},"modified":"2024-09-17T19:28:01","modified_gmt":"2024-09-17T14:28:01","slug":"peches-lyophilisees-erem","status":"publish","type":"product","link":"https:\/\/turkmenexporter.com\/fr\/produit\/peches-lyophilisees-erem\/","title":{"rendered":"P\u00eaches lyophilis\u00e9es Erem"},"content":{"rendered":"<p>Savourez le go\u00fbt sucr\u00e9 et acidul\u00e9 de nos tranches de p\u00eache lyophilis\u00e9es, Elles contiennent de la vitamine A pour une peau saine et de la vitamine C pour soutenir votre syst\u00e8me immunitaire. Ces tranches de p\u00eache polyvalentes peuvent \u00eatre utilis\u00e9es pour am\u00e9liorer vos recettes, pour cr\u00e9er des plats qui non seulement nourrissent mais aussi ravissent les sens. Parfait pour les en-cas, les p\u00e2tisseries ou pour ajouter une touche fruit\u00e9e \u00e0 vos plats pr\u00e9f\u00e9r\u00e9s.  <\/p>\n","protected":false},"excerpt":{"rendered":"<p>Tranches de p\u00eaches s\u00e9ch\u00e9es au cong\u00e9lateur dans un emballage de 25 g.<\/p>\n","protected":false},"featured_media":8802,"comment_status":"open","ping_status":"closed","template":"","meta":{"_acf_changed":false},"brand":[687],"product_cat":[693],"product_tag":[],"class_list":{"0":"post-8833","1":"product","2":"type-product","3":"status-publish","4":"has-post-thumbnail","6":"brand-erem-fr","7":"product_cat-produits-lyophilises","9":"first","10":"instock","11":"shipping-taxable","12":"purchasable","13":"product-type-simple"},"acf":[],"_links":{"self":[{"href":"https:\/\/turkmenexporter.com\/fr\/wp-json\/wp\/v2\/product\/8833","targetHints":{"allow":["GET"]}}],"collection":[{"href":"https:\/\/turkmenexporter.com\/fr\/wp-json\/wp\/v2\/product"}],"about":[{"href":"https:\/\/turkmenexporter.com\/fr\/wp-json\/wp\/v2\/types\/product"}],"replies":[{"embeddable":true,"href":"https:\/\/turkmenexporter.com\/fr\/wp-json\/wp\/v2\/comments?post=8833"}],"version-history":[{"count":1,"href":"https:\/\/turkmenexporter.com\/fr\/wp-json\/wp\/v2\/product\/8833\/revisions"}],"predecessor-version":[{"id":10147,"href":"https:\/\/turkmenexporter.com\/fr\/wp-json\/wp\/v2\/product\/8833\/revisions\/10147"}],"wp:featuredmedia":[{"embeddable":true,"href":"https:\/\/turkmenexporter.com\/fr\/wp-json\/wp\/v2\/media\/8802"}],"wp:attachment":[{"href":"https:\/\/turkmenexporter.com\/fr\/wp-json\/wp\/v2\/media?parent=8833"}],"wp:term":[{"taxonomy":"brand","embeddable":true,"href":"https:\/\/turkmenexporter.com\/fr\/wp-json\/wp\/v2\/brand?post=8833"},{"taxonomy":"product_cat","embeddable":true,"href":"https:\/\/turkmenexporter.com\/fr\/wp-json\/wp\/v2\/product_cat?post=8833"},{"taxonomy":"product_tag","embeddable":true,"href":"https:\/\/turkmenexporter.com\/fr\/wp-json\/wp\/v2\/product_tag?post=8833"}],"curies":[{"name":"wp","href":"https:\/\/api.w.org\/{rel}","templated":true}]}}