{"id":8834,"date":"2024-09-02T19:31:10","date_gmt":"2024-09-02T14:31:10","guid":{"rendered":"https:\/\/turkmenexporter.com\/product\/banane-lyophilisee-erem\/"},"modified":"2024-09-17T19:28:02","modified_gmt":"2024-09-17T14:28:02","slug":"banane-lyophilisee-erem","status":"publish","type":"product","link":"https:\/\/turkmenexporter.com\/fr\/produit\/banane-lyophilisee-erem\/","title":{"rendered":"Banane lyophilis\u00e9e Erem"},"content":{"rendered":"<p>Riches en saveur et en nutriments, nos tranches de banane lyophilis\u00e9es offrent un apport en vitamine C pour le soutien immunitaire et en vitamine B6 pour la sant\u00e9 du syst\u00e8me nerveux. Ces tranches de banane croustillantes sont un excellent choix pour les desserts, les smoothies ou les en-cas rapides et \u00e9nergisants, offrant une exp\u00e9rience naturellement sucr\u00e9e et satisfaisante. <\/p>\n","protected":false},"excerpt":{"rendered":"<p>Tranches de bananes lyophilis\u00e9es en paquet de 25 g.<\/p>\n","protected":false},"featured_media":8778,"comment_status":"open","ping_status":"closed","template":"","meta":{"_acf_changed":false},"brand":[687],"product_cat":[693],"product_tag":[],"class_list":{"0":"post-8834","1":"product","2":"type-product","3":"status-publish","4":"has-post-thumbnail","6":"brand-erem-fr","7":"product_cat-produits-lyophilises","9":"first","10":"instock","11":"shipping-taxable","12":"purchasable","13":"product-type-simple"},"acf":[],"_links":{"self":[{"href":"https:\/\/turkmenexporter.com\/fr\/wp-json\/wp\/v2\/product\/8834","targetHints":{"allow":["GET"]}}],"collection":[{"href":"https:\/\/turkmenexporter.com\/fr\/wp-json\/wp\/v2\/product"}],"about":[{"href":"https:\/\/turkmenexporter.com\/fr\/wp-json\/wp\/v2\/types\/product"}],"replies":[{"embeddable":true,"href":"https:\/\/turkmenexporter.com\/fr\/wp-json\/wp\/v2\/comments?post=8834"}],"version-history":[{"count":1,"href":"https:\/\/turkmenexporter.com\/fr\/wp-json\/wp\/v2\/product\/8834\/revisions"}],"predecessor-version":[{"id":10152,"href":"https:\/\/turkmenexporter.com\/fr\/wp-json\/wp\/v2\/product\/8834\/revisions\/10152"}],"wp:featuredmedia":[{"embeddable":true,"href":"https:\/\/turkmenexporter.com\/fr\/wp-json\/wp\/v2\/media\/8778"}],"wp:attachment":[{"href":"https:\/\/turkmenexporter.com\/fr\/wp-json\/wp\/v2\/media?parent=8834"}],"wp:term":[{"taxonomy":"brand","embeddable":true,"href":"https:\/\/turkmenexporter.com\/fr\/wp-json\/wp\/v2\/brand?post=8834"},{"taxonomy":"product_cat","embeddable":true,"href":"https:\/\/turkmenexporter.com\/fr\/wp-json\/wp\/v2\/product_cat?post=8834"},{"taxonomy":"product_tag","embeddable":true,"href":"https:\/\/turkmenexporter.com\/fr\/wp-json\/wp\/v2\/product_tag?post=8834"}],"curies":[{"name":"wp","href":"https:\/\/api.w.org\/{rel}","templated":true}]}}