{"id":8835,"date":"2024-09-02T19:12:40","date_gmt":"2024-09-02T14:12:40","guid":{"rendered":"https:\/\/turkmenexporter.com\/product\/melon-lyophilise-erem\/"},"modified":"2024-09-17T19:28:02","modified_gmt":"2024-09-17T14:28:02","slug":"melon-lyophilise-erem","status":"publish","type":"product","link":"https:\/\/turkmenexporter.com\/fr\/produit\/melon-lyophilise-erem\/","title":{"rendered":"Melon lyophilis\u00e9 Erem"},"content":{"rendered":"<p>Savourez le go\u00fbt rafra\u00eechissant du melon avec nos morceaux de melon lyophilis\u00e9s, une source de vitamine C pour renforcer l&rsquo; immunit\u00e9 et de vitamine A pour soutenir la sant\u00e9 des yeux. Ces d\u00e9lices fruit\u00e9s et croustillants sont parfaits pour pr\u00e9parer des boissons et des desserts rafra\u00eechissants ou pour les d\u00e9guster en tant qu&rsquo;en-cas l\u00e9ger et sain qui capture l&rsquo;essence de l&rsquo;\u00e9t\u00e9 tout au long de l&rsquo;ann\u00e9e, l\u00e9ger et sain qui capture l &lsquo; essence de l&rsquo; \u00e9t\u00e9 tout au long de l&rsquo;ann\u00e9e. <\/p>\n","protected":false},"excerpt":{"rendered":"<p>Tranches de melon s\u00e9ch\u00e9es au cong\u00e9lateur dans un emballage de 20 g.<\/p>\n","protected":false},"featured_media":8790,"comment_status":"open","ping_status":"closed","template":"","meta":{"_acf_changed":false},"brand":[687],"product_cat":[693],"product_tag":[],"class_list":{"0":"post-8835","1":"product","2":"type-product","3":"status-publish","4":"has-post-thumbnail","6":"brand-erem-fr","7":"product_cat-produits-lyophilises","9":"first","10":"instock","11":"shipping-taxable","12":"purchasable","13":"product-type-simple"},"acf":[],"_links":{"self":[{"href":"https:\/\/turkmenexporter.com\/fr\/wp-json\/wp\/v2\/product\/8835","targetHints":{"allow":["GET"]}}],"collection":[{"href":"https:\/\/turkmenexporter.com\/fr\/wp-json\/wp\/v2\/product"}],"about":[{"href":"https:\/\/turkmenexporter.com\/fr\/wp-json\/wp\/v2\/types\/product"}],"replies":[{"embeddable":true,"href":"https:\/\/turkmenexporter.com\/fr\/wp-json\/wp\/v2\/comments?post=8835"}],"version-history":[{"count":1,"href":"https:\/\/turkmenexporter.com\/fr\/wp-json\/wp\/v2\/product\/8835\/revisions"}],"predecessor-version":[{"id":10156,"href":"https:\/\/turkmenexporter.com\/fr\/wp-json\/wp\/v2\/product\/8835\/revisions\/10156"}],"wp:featuredmedia":[{"embeddable":true,"href":"https:\/\/turkmenexporter.com\/fr\/wp-json\/wp\/v2\/media\/8790"}],"wp:attachment":[{"href":"https:\/\/turkmenexporter.com\/fr\/wp-json\/wp\/v2\/media?parent=8835"}],"wp:term":[{"taxonomy":"brand","embeddable":true,"href":"https:\/\/turkmenexporter.com\/fr\/wp-json\/wp\/v2\/brand?post=8835"},{"taxonomy":"product_cat","embeddable":true,"href":"https:\/\/turkmenexporter.com\/fr\/wp-json\/wp\/v2\/product_cat?post=8835"},{"taxonomy":"product_tag","embeddable":true,"href":"https:\/\/turkmenexporter.com\/fr\/wp-json\/wp\/v2\/product_tag?post=8835"}],"curies":[{"name":"wp","href":"https:\/\/api.w.org\/{rel}","templated":true}]}}