{"id":8836,"date":"2024-09-02T19:03:54","date_gmt":"2024-09-02T14:03:54","guid":{"rendered":"https:\/\/turkmenexporter.com\/product\/fraises-lyophilisees-erem\/"},"modified":"2024-09-17T19:28:03","modified_gmt":"2024-09-17T14:28:03","slug":"fraises-lyophilisees-erem","status":"publish","type":"product","link":"https:\/\/turkmenexporter.com\/fr\/produit\/fraises-lyophilisees-erem\/","title":{"rendered":"Fraises lyophilis\u00e9es Erem"},"content":{"rendered":"<p>D\u00e9bordant de la douceur naturelle des fraises m\u00fbres, nos fraises lyophilis\u00e9es sont riches en vitamine C, un puissant antioxydant, et de vitamine K, qui contribue \u00e0 la sant\u00e9 des os. Ces tranches de fraises vibrantes et savoureuses sont un ajout d\u00e9licieux aux desserts, aux c\u00e9r\u00e9ales et aux collations, et les collations, ajoutant de l&rsquo; \u00e9clat et une touche de douceur \u00e0 tous les plats. <\/p>\n","protected":false},"excerpt":{"rendered":"<p>Tranches de fraises s\u00e9ch\u00e9es au cong\u00e9lateur dans un emballage de 20 g.<\/p>\n","protected":false},"featured_media":8814,"comment_status":"open","ping_status":"closed","template":"","meta":{"_acf_changed":false},"brand":[687],"product_cat":[693],"product_tag":[848],"class_list":{"0":"post-8836","1":"product","2":"type-product","3":"status-publish","4":"has-post-thumbnail","6":"brand-erem-fr","7":"product_cat-produits-lyophilises","8":"product_tag-front-product-fr","10":"first","11":"instock","12":"shipping-taxable","13":"purchasable","14":"product-type-simple"},"acf":[],"_links":{"self":[{"href":"https:\/\/turkmenexporter.com\/fr\/wp-json\/wp\/v2\/product\/8836","targetHints":{"allow":["GET"]}}],"collection":[{"href":"https:\/\/turkmenexporter.com\/fr\/wp-json\/wp\/v2\/product"}],"about":[{"href":"https:\/\/turkmenexporter.com\/fr\/wp-json\/wp\/v2\/types\/product"}],"replies":[{"embeddable":true,"href":"https:\/\/turkmenexporter.com\/fr\/wp-json\/wp\/v2\/comments?post=8836"}],"version-history":[{"count":1,"href":"https:\/\/turkmenexporter.com\/fr\/wp-json\/wp\/v2\/product\/8836\/revisions"}],"predecessor-version":[{"id":10161,"href":"https:\/\/turkmenexporter.com\/fr\/wp-json\/wp\/v2\/product\/8836\/revisions\/10161"}],"wp:featuredmedia":[{"embeddable":true,"href":"https:\/\/turkmenexporter.com\/fr\/wp-json\/wp\/v2\/media\/8814"}],"wp:attachment":[{"href":"https:\/\/turkmenexporter.com\/fr\/wp-json\/wp\/v2\/media?parent=8836"}],"wp:term":[{"taxonomy":"brand","embeddable":true,"href":"https:\/\/turkmenexporter.com\/fr\/wp-json\/wp\/v2\/brand?post=8836"},{"taxonomy":"product_cat","embeddable":true,"href":"https:\/\/turkmenexporter.com\/fr\/wp-json\/wp\/v2\/product_cat?post=8836"},{"taxonomy":"product_tag","embeddable":true,"href":"https:\/\/turkmenexporter.com\/fr\/wp-json\/wp\/v2\/product_tag?post=8836"}],"curies":[{"name":"wp","href":"https:\/\/api.w.org\/{rel}","templated":true}]}}