{"id":8837,"date":"2024-09-02T19:03:26","date_gmt":"2024-09-02T14:03:26","guid":{"rendered":"https:\/\/turkmenexporter.com\/product\/pommes-lyophilisees-erem\/"},"modified":"2024-09-17T19:28:04","modified_gmt":"2024-09-17T14:28:04","slug":"pommes-lyophilisees-erem","status":"publish","type":"product","link":"https:\/\/turkmenexporter.com\/fr\/produit\/pommes-lyophilisees-erem\/","title":{"rendered":"Pommes lyophilis\u00e9es Erem"},"content":{"rendered":"<p>Nos tranches de pommes lyophilis\u00e9es constituent un en-cas d\u00e9licieux et nutritif, riche en vitamine C et en fibres alimentaires. Elles contiennent en outre de la vitamine A qui contribue \u00e0 la sant\u00e9 des yeux, ces tranches de pommes croustillantes sont parfaites pour une collation rapide et saine ou comme ingr\u00e9dient rafra\u00eechissant dans vos recettes pr\u00e9f\u00e9r\u00e9es. Savourez la douceur naturelle et le croquant des pommes \u00e0 chaque bouch\u00e9e.  <\/p>\n","protected":false},"excerpt":{"rendered":"<p>Tranches de pommes s\u00e9ch\u00e9es au cong\u00e9lateur dans un emballage de 25 g.<\/p>\n","protected":false},"featured_media":8766,"comment_status":"open","ping_status":"closed","template":"","meta":{"_acf_changed":false},"brand":[687],"product_cat":[693],"product_tag":[],"class_list":{"0":"post-8837","1":"product","2":"type-product","3":"status-publish","4":"has-post-thumbnail","6":"brand-erem-fr","7":"product_cat-produits-lyophilises","9":"first","10":"instock","11":"shipping-taxable","12":"purchasable","13":"product-type-simple"},"acf":[],"_links":{"self":[{"href":"https:\/\/turkmenexporter.com\/fr\/wp-json\/wp\/v2\/product\/8837","targetHints":{"allow":["GET"]}}],"collection":[{"href":"https:\/\/turkmenexporter.com\/fr\/wp-json\/wp\/v2\/product"}],"about":[{"href":"https:\/\/turkmenexporter.com\/fr\/wp-json\/wp\/v2\/types\/product"}],"replies":[{"embeddable":true,"href":"https:\/\/turkmenexporter.com\/fr\/wp-json\/wp\/v2\/comments?post=8837"}],"version-history":[{"count":1,"href":"https:\/\/turkmenexporter.com\/fr\/wp-json\/wp\/v2\/product\/8837\/revisions"}],"predecessor-version":[{"id":10165,"href":"https:\/\/turkmenexporter.com\/fr\/wp-json\/wp\/v2\/product\/8837\/revisions\/10165"}],"wp:featuredmedia":[{"embeddable":true,"href":"https:\/\/turkmenexporter.com\/fr\/wp-json\/wp\/v2\/media\/8766"}],"wp:attachment":[{"href":"https:\/\/turkmenexporter.com\/fr\/wp-json\/wp\/v2\/media?parent=8837"}],"wp:term":[{"taxonomy":"brand","embeddable":true,"href":"https:\/\/turkmenexporter.com\/fr\/wp-json\/wp\/v2\/brand?post=8837"},{"taxonomy":"product_cat","embeddable":true,"href":"https:\/\/turkmenexporter.com\/fr\/wp-json\/wp\/v2\/product_cat?post=8837"},{"taxonomy":"product_tag","embeddable":true,"href":"https:\/\/turkmenexporter.com\/fr\/wp-json\/wp\/v2\/product_tag?post=8837"}],"curies":[{"name":"wp","href":"https:\/\/api.w.org\/{rel}","templated":true}]}}