{"id":9011,"date":"2024-09-03T17:33:00","date_gmt":"2024-09-03T12:33:00","guid":{"rendered":"https:\/\/turkmenexporter.com\/product\/arabica-robusta-grains-de-cafe-torrefies-el-diamante-1-kg\/"},"modified":"2024-09-17T19:28:00","modified_gmt":"2024-09-17T14:28:00","slug":"arabica-robusta-grains-de-cafe-torrefies-el-diamante-1-kg","status":"publish","type":"product","link":"https:\/\/turkmenexporter.com\/fr\/produit\/arabica-robusta-grains-de-cafe-torrefies-el-diamante-1-kg\/","title":{"rendered":"Arabica Robusta grains de caf\u00e9 torr\u00e9fi\u00e9s El Diamante 1 kg"},"content":{"rendered":"<p>Ingr\u00e9dients : 100% de grains entiers naturels. Un m\u00e9lange unique des meilleures vari\u00e9t\u00e9s d&rsquo;Arabica et de Robusta. Saveur riche et \u00e9quilibr\u00e9e avec des notes de chocolat et de noix. Une agr\u00e9able amertume est pr\u00e9sente. Conditions de stockage : \u00e0 une temp\u00e9rature de 0\u00b0C \u00e0 + 20\u00b0C et \u00e0 une humidit\u00e9 relative ne d\u00e9passant pas 75%. Taille de l&rsquo;unit\u00e9 L\/H : 20\/25 sm Poids : 1 kg Dur\u00e9e de conservation : 24 mois     <\/p>\n","protected":false},"excerpt":{"rendered":"<p>M\u00e9lange de caf\u00e9 50% Arabica 50% Robusta de torr\u00e9faction moyenne 1 kg. Grains entiers naturels d&rsquo; Ethiopie. <\/p>\n","protected":false},"featured_media":8869,"comment_status":"open","ping_status":"closed","template":"","meta":{"_acf_changed":false},"brand":[657],"product_cat":[729],"product_tag":[],"class_list":{"0":"post-9011","1":"product","2":"type-product","3":"status-publish","4":"has-post-thumbnail","6":"brand-markow-coffee-fr","7":"product_cat-cafe","9":"first","10":"instock","11":"shipping-taxable","12":"purchasable","13":"product-type-simple"},"acf":[],"_links":{"self":[{"href":"https:\/\/turkmenexporter.com\/fr\/wp-json\/wp\/v2\/product\/9011","targetHints":{"allow":["GET"]}}],"collection":[{"href":"https:\/\/turkmenexporter.com\/fr\/wp-json\/wp\/v2\/product"}],"about":[{"href":"https:\/\/turkmenexporter.com\/fr\/wp-json\/wp\/v2\/types\/product"}],"replies":[{"embeddable":true,"href":"https:\/\/turkmenexporter.com\/fr\/wp-json\/wp\/v2\/comments?post=9011"}],"version-history":[{"count":1,"href":"https:\/\/turkmenexporter.com\/fr\/wp-json\/wp\/v2\/product\/9011\/revisions"}],"predecessor-version":[{"id":10142,"href":"https:\/\/turkmenexporter.com\/fr\/wp-json\/wp\/v2\/product\/9011\/revisions\/10142"}],"wp:featuredmedia":[{"embeddable":true,"href":"https:\/\/turkmenexporter.com\/fr\/wp-json\/wp\/v2\/media\/8869"}],"wp:attachment":[{"href":"https:\/\/turkmenexporter.com\/fr\/wp-json\/wp\/v2\/media?parent=9011"}],"wp:term":[{"taxonomy":"brand","embeddable":true,"href":"https:\/\/turkmenexporter.com\/fr\/wp-json\/wp\/v2\/brand?post=9011"},{"taxonomy":"product_cat","embeddable":true,"href":"https:\/\/turkmenexporter.com\/fr\/wp-json\/wp\/v2\/product_cat?post=9011"},{"taxonomy":"product_tag","embeddable":true,"href":"https:\/\/turkmenexporter.com\/fr\/wp-json\/wp\/v2\/product_tag?post=9011"}],"curies":[{"name":"wp","href":"https:\/\/api.w.org\/{rel}","templated":true}]}}