{"id":9013,"date":"2024-09-03T17:33:05","date_gmt":"2024-09-03T12:33:05","guid":{"rendered":"https:\/\/turkmenexporter.com\/product\/cafe-instantane-3-en-1-noisette\/"},"modified":"2024-09-17T19:27:54","modified_gmt":"2024-09-17T14:27:54","slug":"cafe-instantane-3-en-1-noisette","status":"publish","type":"product","link":"https:\/\/turkmenexporter.com\/fr\/produit\/cafe-instantane-3-en-1-noisette\/","title":{"rendered":"Caf\u00e9 instantan\u00e9 3 en 1 Noisette"},"content":{"rendered":"<p>Markov Coffee 3 in 1 Caf\u00e9 instantan\u00e9 aux noisettes cette boisson au caf\u00e9 avec des noix se distingue de de ses homologues par sa merveilleuse saveur naturelle. Il se pr\u00e9pare instantan\u00e9ment et remplit la pi\u00e8ce d&rsquo; un ar\u00f4me invitant. Ingr\u00e9dients : caf\u00e9 instantan\u00e9, sucre cristallis\u00e9, cr\u00e8me non laiti\u00e8re, ar\u00f4me de noix.   Sans OGM. Conditions de stockage: \u00e0 une temp\u00e9rature comprise entre 0\u00b0C et + 20\u00b0C et une humidit\u00e9 relative ne d\u00e9passant pas 75 %. Dur\u00e9e de conservation: 24 mois <\/p>\n","protected":false},"excerpt":{"rendered":"<p>Caf\u00e9 instantan\u00e9 Sachet noisette 20 g. 20 sachets dans une bo\u00eete <\/p>\n","protected":false},"featured_media":8905,"comment_status":"open","ping_status":"closed","template":"","meta":{"_acf_changed":false},"brand":[657],"product_cat":[729],"product_tag":[],"class_list":{"0":"post-9013","1":"product","2":"type-product","3":"status-publish","4":"has-post-thumbnail","6":"brand-markow-coffee-fr","7":"product_cat-cafe","9":"first","10":"instock","11":"shipping-taxable","12":"purchasable","13":"product-type-simple"},"acf":[],"_links":{"self":[{"href":"https:\/\/turkmenexporter.com\/fr\/wp-json\/wp\/v2\/product\/9013","targetHints":{"allow":["GET"]}}],"collection":[{"href":"https:\/\/turkmenexporter.com\/fr\/wp-json\/wp\/v2\/product"}],"about":[{"href":"https:\/\/turkmenexporter.com\/fr\/wp-json\/wp\/v2\/types\/product"}],"replies":[{"embeddable":true,"href":"https:\/\/turkmenexporter.com\/fr\/wp-json\/wp\/v2\/comments?post=9013"}],"version-history":[{"count":1,"href":"https:\/\/turkmenexporter.com\/fr\/wp-json\/wp\/v2\/product\/9013\/revisions"}],"predecessor-version":[{"id":10094,"href":"https:\/\/turkmenexporter.com\/fr\/wp-json\/wp\/v2\/product\/9013\/revisions\/10094"}],"wp:featuredmedia":[{"embeddable":true,"href":"https:\/\/turkmenexporter.com\/fr\/wp-json\/wp\/v2\/media\/8905"}],"wp:attachment":[{"href":"https:\/\/turkmenexporter.com\/fr\/wp-json\/wp\/v2\/media?parent=9013"}],"wp:term":[{"taxonomy":"brand","embeddable":true,"href":"https:\/\/turkmenexporter.com\/fr\/wp-json\/wp\/v2\/brand?post=9013"},{"taxonomy":"product_cat","embeddable":true,"href":"https:\/\/turkmenexporter.com\/fr\/wp-json\/wp\/v2\/product_cat?post=9013"},{"taxonomy":"product_tag","embeddable":true,"href":"https:\/\/turkmenexporter.com\/fr\/wp-json\/wp\/v2\/product_tag?post=9013"}],"curies":[{"name":"wp","href":"https:\/\/api.w.org\/{rel}","templated":true}]}}