{"id":9017,"date":"2024-09-03T17:33:05","date_gmt":"2024-09-03T12:33:05","guid":{"rendered":"https:\/\/turkmenexporter.com\/product\/cafe-instantane-3-en-1-cappuccino\/"},"modified":"2024-09-17T19:27:54","modified_gmt":"2024-09-17T14:27:54","slug":"cafe-instantane-3-en-1-cappuccino","status":"publish","type":"product","link":"https:\/\/turkmenexporter.com\/fr\/produit\/cafe-instantane-3-en-1-cappuccino\/","title":{"rendered":"Caf\u00e9 instantan\u00e9 3 en 1 Cappuccino"},"content":{"rendered":"<p>Le caf\u00e9 instantan\u00e9 Markow Coffee Classic 3 en 1 est un m\u00e9lange de caf\u00e9 naturel, de cr\u00e8me non laiti\u00e8re et de sucre. Cette combinaison donne un go\u00fbt merveilleux et unique et un ar\u00f4me riche. Cette boisson au caf\u00e9 vous donnera de l&rsquo;\u00e9nergie pour commencer la journ\u00e9e de bonne humeur. Ingr\u00e9dients : caf\u00e9 naturel, sucre cristallis\u00e9, cr\u00e8me non laiti\u00e8re.    Sans OGM. Conditions de stockage: \u00e0 une temp\u00e9rature comprise entre 0\u00b0C et + 20\u00b0C et une humidit\u00e9 relative ne d\u00e9passant pas 75 %. Dur\u00e9e de conservation: 24 mois <\/p>\n","protected":false},"excerpt":{"rendered":"<p>Caf\u00e9 instantan\u00e9 Cappuccino sachet 25 g. 20 sachets dans une bo\u00eete <\/p>\n","protected":false},"featured_media":8947,"comment_status":"open","ping_status":"closed","template":"","meta":{"_acf_changed":false},"brand":[657],"product_cat":[729],"product_tag":[848],"class_list":{"0":"post-9017","1":"product","2":"type-product","3":"status-publish","4":"has-post-thumbnail","6":"brand-markow-coffee-fr","7":"product_cat-cafe","8":"product_tag-front-product-fr","10":"first","11":"instock","12":"shipping-taxable","13":"purchasable","14":"product-type-simple"},"acf":[],"_links":{"self":[{"href":"https:\/\/turkmenexporter.com\/fr\/wp-json\/wp\/v2\/product\/9017","targetHints":{"allow":["GET"]}}],"collection":[{"href":"https:\/\/turkmenexporter.com\/fr\/wp-json\/wp\/v2\/product"}],"about":[{"href":"https:\/\/turkmenexporter.com\/fr\/wp-json\/wp\/v2\/types\/product"}],"replies":[{"embeddable":true,"href":"https:\/\/turkmenexporter.com\/fr\/wp-json\/wp\/v2\/comments?post=9017"}],"version-history":[{"count":1,"href":"https:\/\/turkmenexporter.com\/fr\/wp-json\/wp\/v2\/product\/9017\/revisions"}],"predecessor-version":[{"id":10092,"href":"https:\/\/turkmenexporter.com\/fr\/wp-json\/wp\/v2\/product\/9017\/revisions\/10092"}],"wp:featuredmedia":[{"embeddable":true,"href":"https:\/\/turkmenexporter.com\/fr\/wp-json\/wp\/v2\/media\/8947"}],"wp:attachment":[{"href":"https:\/\/turkmenexporter.com\/fr\/wp-json\/wp\/v2\/media?parent=9017"}],"wp:term":[{"taxonomy":"brand","embeddable":true,"href":"https:\/\/turkmenexporter.com\/fr\/wp-json\/wp\/v2\/brand?post=9017"},{"taxonomy":"product_cat","embeddable":true,"href":"https:\/\/turkmenexporter.com\/fr\/wp-json\/wp\/v2\/product_cat?post=9017"},{"taxonomy":"product_tag","embeddable":true,"href":"https:\/\/turkmenexporter.com\/fr\/wp-json\/wp\/v2\/product_tag?post=9017"}],"curies":[{"name":"wp","href":"https:\/\/api.w.org\/{rel}","templated":true}]}}