{"id":9018,"date":"2024-09-03T17:33:04","date_gmt":"2024-09-03T12:33:04","guid":{"rendered":"https:\/\/turkmenexporter.com\/product\/cafe-instantane-latte-dans-une-tasse-en-plastique\/"},"modified":"2024-09-17T19:27:55","modified_gmt":"2024-09-17T14:27:55","slug":"cafe-instantane-latte-dans-une-tasse-en-plastique","status":"publish","type":"product","link":"https:\/\/turkmenexporter.com\/fr\/produit\/cafe-instantane-latte-dans-une-tasse-en-plastique\/","title":{"rendered":"Caf\u00e9 instantan\u00e9 Latte dans un gobelet en plastique"},"content":{"rendered":"<p>Offrez-vous le go\u00fbt doux et cr\u00e9meux d&rsquo;un caf\u00e9 latte avec notre caf\u00e9 latte instantan\u00e9 dans un gobelet en plastique. Ce m\u00e9lange riche et velout\u00e9 associe un caf\u00e9 de qualit\u00e9 sup\u00e9rieure \u00e0 un lait cr\u00e9meux, cr\u00e9ant ainsi un caf\u00e9 latte parfaitement \u00e9quilibr\u00e9 et facile \u00e0 pr\u00e9parer. Que vous soyez \u00e0 la maison, au travail ou en d\u00e9placement, savourez la saveur r\u00e9confortante d&rsquo;un caf\u00e9 au lait en quelques minutes. Conditions de stockage : \u00e0 une temp\u00e9rature comprise entre 0\u00b0C et + 20\u00b0C et une humidit\u00e9 relative ne d\u00e9passant pas 75%. Taille de l&rsquo;unit\u00e9 L\/H : 6\/13 sm Dur\u00e9e de conservation : 24 mois    <\/p>\n","protected":false},"excerpt":{"rendered":"<p>Caf\u00e9 instantan\u00e9 Latte dans un gobelet en plastique de 16,5 g. 175 gobelets dans une bo\u00eete <\/p>\n","protected":false},"featured_media":8923,"comment_status":"open","ping_status":"closed","template":"","meta":{"_acf_changed":false},"brand":[657],"product_cat":[729],"product_tag":[],"class_list":{"0":"post-9018","1":"product","2":"type-product","3":"status-publish","4":"has-post-thumbnail","6":"brand-markow-coffee-fr","7":"product_cat-cafe","9":"first","10":"instock","11":"shipping-taxable","12":"purchasable","13":"product-type-simple"},"acf":[],"_links":{"self":[{"href":"https:\/\/turkmenexporter.com\/fr\/wp-json\/wp\/v2\/product\/9018","targetHints":{"allow":["GET"]}}],"collection":[{"href":"https:\/\/turkmenexporter.com\/fr\/wp-json\/wp\/v2\/product"}],"about":[{"href":"https:\/\/turkmenexporter.com\/fr\/wp-json\/wp\/v2\/types\/product"}],"replies":[{"embeddable":true,"href":"https:\/\/turkmenexporter.com\/fr\/wp-json\/wp\/v2\/comments?post=9018"}],"version-history":[{"count":1,"href":"https:\/\/turkmenexporter.com\/fr\/wp-json\/wp\/v2\/product\/9018\/revisions"}],"predecessor-version":[{"id":10103,"href":"https:\/\/turkmenexporter.com\/fr\/wp-json\/wp\/v2\/product\/9018\/revisions\/10103"}],"wp:featuredmedia":[{"embeddable":true,"href":"https:\/\/turkmenexporter.com\/fr\/wp-json\/wp\/v2\/media\/8923"}],"wp:attachment":[{"href":"https:\/\/turkmenexporter.com\/fr\/wp-json\/wp\/v2\/media?parent=9018"}],"wp:term":[{"taxonomy":"brand","embeddable":true,"href":"https:\/\/turkmenexporter.com\/fr\/wp-json\/wp\/v2\/brand?post=9018"},{"taxonomy":"product_cat","embeddable":true,"href":"https:\/\/turkmenexporter.com\/fr\/wp-json\/wp\/v2\/product_cat?post=9018"},{"taxonomy":"product_tag","embeddable":true,"href":"https:\/\/turkmenexporter.com\/fr\/wp-json\/wp\/v2\/product_tag?post=9018"}],"curies":[{"name":"wp","href":"https:\/\/api.w.org\/{rel}","templated":true}]}}