{"id":9021,"date":"2024-09-03T17:33:03","date_gmt":"2024-09-03T12:33:03","guid":{"rendered":"https:\/\/turkmenexporter.com\/product\/cafe-instantane-3-en-1-cappuccino-dans-la-tasse-en-plastique\/"},"modified":"2024-09-17T19:27:57","modified_gmt":"2024-09-17T14:27:57","slug":"cafe-instantane-3-en-1-cappuccino-dans-la-tasse-en-plastique","status":"publish","type":"product","link":"https:\/\/turkmenexporter.com\/fr\/produit\/cafe-instantane-3-en-1-cappuccino-dans-la-tasse-en-plastique\/","title":{"rendered":"Caf\u00e9 instantan\u00e9 3 en 1 Cappuccino dans un gobelet en plastique"},"content":{"rendered":"<p>Savourez le go\u00fbt cr\u00e9meux et mousseux d&rsquo;un cappuccino avec notre caf\u00e9 instantan\u00e9 3 en 1 Cappuccino dans une tasse \u00e0 usage unique. Ce m\u00e9lange tout-en-un associe un caf\u00e9 riche, une cr\u00e8me onctueuse et juste la bonne quantit\u00e9 de sucre pour un cappuccino d\u00e9licieux et parfaitement \u00e9quilibr\u00e9. Pratique et facile \u00e0 pr\u00e9parer, il est parfait pour un caf\u00e9 rapide et satisfaisant \u00e0 la maison, au bureau ou en d\u00e9placement. Conditions de stockage : \u00e0 une temp\u00e9rature comprise entre 0\u00b0C et + 20\u00b0C et une humidit\u00e9 relative ne d\u00e9passant pas 75%. Taille de l&rsquo;unit\u00e9 L\/H : 6\/13 sm Dur\u00e9e de conservation : 24 mois    <\/p>\n","protected":false},"excerpt":{"rendered":"<p>Caf\u00e9 instantan\u00e9 cappuccino en gobelet plastique 16,5 g. 175 gobelets dans une bo\u00eete <\/p>\n","protected":false},"featured_media":8887,"comment_status":"open","ping_status":"closed","template":"","meta":{"_acf_changed":false},"brand":[657],"product_cat":[729],"product_tag":[],"class_list":{"0":"post-9021","1":"product","2":"type-product","3":"status-publish","4":"has-post-thumbnail","6":"brand-markow-coffee-fr","7":"product_cat-cafe","9":"first","10":"instock","11":"shipping-taxable","12":"purchasable","13":"product-type-simple"},"acf":[],"_links":{"self":[{"href":"https:\/\/turkmenexporter.com\/fr\/wp-json\/wp\/v2\/product\/9021","targetHints":{"allow":["GET"]}}],"collection":[{"href":"https:\/\/turkmenexporter.com\/fr\/wp-json\/wp\/v2\/product"}],"about":[{"href":"https:\/\/turkmenexporter.com\/fr\/wp-json\/wp\/v2\/types\/product"}],"replies":[{"embeddable":true,"href":"https:\/\/turkmenexporter.com\/fr\/wp-json\/wp\/v2\/comments?post=9021"}],"version-history":[{"count":1,"href":"https:\/\/turkmenexporter.com\/fr\/wp-json\/wp\/v2\/product\/9021\/revisions"}],"predecessor-version":[{"id":10117,"href":"https:\/\/turkmenexporter.com\/fr\/wp-json\/wp\/v2\/product\/9021\/revisions\/10117"}],"wp:featuredmedia":[{"embeddable":true,"href":"https:\/\/turkmenexporter.com\/fr\/wp-json\/wp\/v2\/media\/8887"}],"wp:attachment":[{"href":"https:\/\/turkmenexporter.com\/fr\/wp-json\/wp\/v2\/media?parent=9021"}],"wp:term":[{"taxonomy":"brand","embeddable":true,"href":"https:\/\/turkmenexporter.com\/fr\/wp-json\/wp\/v2\/brand?post=9021"},{"taxonomy":"product_cat","embeddable":true,"href":"https:\/\/turkmenexporter.com\/fr\/wp-json\/wp\/v2\/product_cat?post=9021"},{"taxonomy":"product_tag","embeddable":true,"href":"https:\/\/turkmenexporter.com\/fr\/wp-json\/wp\/v2\/product_tag?post=9021"}],"curies":[{"name":"wp","href":"https:\/\/api.w.org\/{rel}","templated":true}]}}