{"id":9022,"date":"2024-09-03T17:33:03","date_gmt":"2024-09-03T12:33:03","guid":{"rendered":"https:\/\/turkmenexporter.com\/product\/cafe-instantane-3-en-1-noisette-dans-la-tasse-en-plastique\/"},"modified":"2024-09-17T19:27:57","modified_gmt":"2024-09-17T14:27:57","slug":"cafe-instantane-3-en-1-noisette-dans-la-tasse-en-plastique","status":"publish","type":"product","link":"https:\/\/turkmenexporter.com\/fr\/produit\/cafe-instantane-3-en-1-noisette-dans-la-tasse-en-plastique\/","title":{"rendered":"Caf\u00e9 instantan\u00e9 3 en 1 Noisette dans un gobelet en plastique"},"content":{"rendered":"<p>Savourez la saveur de noisette avec notre caf\u00e9 instantan\u00e9 3 en 1 noisette dans un gobelet en plastique. Ce m\u00e9lange offre une combinaison parfaite de caf\u00e9, de cr\u00e8me et de sucre, avec une d\u00e9licieuse touche de noisette. Gr\u00e2ce \u00e0 son conditionnement pratique en portions individuelles, il est facile de d\u00e9guster une tasse de caf\u00e9 savoureuse et aromatique \u00e0 tout moment et en tout lieu. Id\u00e9al pour un petit plaisir ou une pause caf\u00e9 relaxante. Conditions de stockage : \u00e0 une temp\u00e9rature comprise entre 0\u00b0C et + 20\u00b0C et une humidit\u00e9 relative ne d\u00e9passant pas 75%. Taille de l&rsquo;unit\u00e9 L\/H : 6\/13 sm Dur\u00e9e de conservation : 24 mois     <\/p>\n","protected":false},"excerpt":{"rendered":"<p>Caf\u00e9 instantan\u00e9 noisette en gobelet plastique 16,5 g. 175 gobelets dans une bo\u00eete <\/p>\n","protected":false},"featured_media":8899,"comment_status":"open","ping_status":"closed","template":"","meta":{"_acf_changed":false},"brand":[657],"product_cat":[729],"product_tag":[848],"class_list":{"0":"post-9022","1":"product","2":"type-product","3":"status-publish","4":"has-post-thumbnail","6":"brand-markow-coffee-fr","7":"product_cat-cafe","8":"product_tag-front-product-fr","10":"first","11":"instock","12":"shipping-taxable","13":"purchasable","14":"product-type-simple"},"acf":[],"_links":{"self":[{"href":"https:\/\/turkmenexporter.com\/fr\/wp-json\/wp\/v2\/product\/9022","targetHints":{"allow":["GET"]}}],"collection":[{"href":"https:\/\/turkmenexporter.com\/fr\/wp-json\/wp\/v2\/product"}],"about":[{"href":"https:\/\/turkmenexporter.com\/fr\/wp-json\/wp\/v2\/types\/product"}],"replies":[{"embeddable":true,"href":"https:\/\/turkmenexporter.com\/fr\/wp-json\/wp\/v2\/comments?post=9022"}],"version-history":[{"count":1,"href":"https:\/\/turkmenexporter.com\/fr\/wp-json\/wp\/v2\/product\/9022\/revisions"}],"predecessor-version":[{"id":10116,"href":"https:\/\/turkmenexporter.com\/fr\/wp-json\/wp\/v2\/product\/9022\/revisions\/10116"}],"wp:featuredmedia":[{"embeddable":true,"href":"https:\/\/turkmenexporter.com\/fr\/wp-json\/wp\/v2\/media\/8899"}],"wp:attachment":[{"href":"https:\/\/turkmenexporter.com\/fr\/wp-json\/wp\/v2\/media?parent=9022"}],"wp:term":[{"taxonomy":"brand","embeddable":true,"href":"https:\/\/turkmenexporter.com\/fr\/wp-json\/wp\/v2\/brand?post=9022"},{"taxonomy":"product_cat","embeddable":true,"href":"https:\/\/turkmenexporter.com\/fr\/wp-json\/wp\/v2\/product_cat?post=9022"},{"taxonomy":"product_tag","embeddable":true,"href":"https:\/\/turkmenexporter.com\/fr\/wp-json\/wp\/v2\/product_tag?post=9022"}],"curies":[{"name":"wp","href":"https:\/\/api.w.org\/{rel}","templated":true}]}}