{"id":9023,"date":"2024-09-03T17:33:02","date_gmt":"2024-09-03T12:33:02","guid":{"rendered":"https:\/\/turkmenexporter.com\/product\/chocolat-chaud-dans-une-tasse-en-plastique\/"},"modified":"2024-09-17T19:27:58","modified_gmt":"2024-09-17T14:27:58","slug":"chocolat-chaud-dans-une-tasse-en-plastique","status":"publish","type":"product","link":"https:\/\/turkmenexporter.com\/fr\/produit\/chocolat-chaud-dans-une-tasse-en-plastique\/","title":{"rendered":"Chocolat chaud dans un gobelet en plastique"},"content":{"rendered":"<p>Savourez le go\u00fbt riche et cr\u00e9meux du chocolat chaud gr\u00e2ce \u00e0 notre tasse pratique \u00e0 usage unique. Fabriqu\u00e9e \u00e0 partir de cacao de haute qualit\u00e9, cette boisson r\u00e9confortante est parfaite pour savourer une g\u00e2terie chaude et chocolat\u00e9e \u00e0 tout moment. Il suffit d&rsquo;ajouter de l&rsquo;eau chaude ou du lait, de remuer et de savourer la saveur douce et velout\u00e9e. Id\u00e9al pour les caf\u00e9s, les bureaux ou pour un petit plaisir \u00e0 la maison. Conditions de stockage : \u00e0 une temp\u00e9rature comprise entre 0\u00b0C et + 20\u00b0C et une humidit\u00e9 relative ne d\u00e9passant pas 75%. Taille de l&rsquo;unit\u00e9 L\/H : 6\/13 sm Dur\u00e9e de conservation : 24 mois     <\/p>\n","protected":false},"excerpt":{"rendered":"<p>Chocolat chaud en gobelet plastique 14,5 g. 175 gobelets dans une bo\u00eete <\/p>\n","protected":false},"featured_media":8875,"comment_status":"open","ping_status":"closed","template":"","meta":{"_acf_changed":false},"brand":[657],"product_cat":[729],"product_tag":[],"class_list":{"0":"post-9023","1":"product","2":"type-product","3":"status-publish","4":"has-post-thumbnail","6":"brand-markow-coffee-fr","7":"product_cat-cafe","9":"first","10":"instock","11":"shipping-taxable","12":"purchasable","13":"product-type-simple"},"acf":[],"_links":{"self":[{"href":"https:\/\/turkmenexporter.com\/fr\/wp-json\/wp\/v2\/product\/9023","targetHints":{"allow":["GET"]}}],"collection":[{"href":"https:\/\/turkmenexporter.com\/fr\/wp-json\/wp\/v2\/product"}],"about":[{"href":"https:\/\/turkmenexporter.com\/fr\/wp-json\/wp\/v2\/types\/product"}],"replies":[{"embeddable":true,"href":"https:\/\/turkmenexporter.com\/fr\/wp-json\/wp\/v2\/comments?post=9023"}],"version-history":[{"count":1,"href":"https:\/\/turkmenexporter.com\/fr\/wp-json\/wp\/v2\/product\/9023\/revisions"}],"predecessor-version":[{"id":10128,"href":"https:\/\/turkmenexporter.com\/fr\/wp-json\/wp\/v2\/product\/9023\/revisions\/10128"}],"wp:featuredmedia":[{"embeddable":true,"href":"https:\/\/turkmenexporter.com\/fr\/wp-json\/wp\/v2\/media\/8875"}],"wp:attachment":[{"href":"https:\/\/turkmenexporter.com\/fr\/wp-json\/wp\/v2\/media?parent=9023"}],"wp:term":[{"taxonomy":"brand","embeddable":true,"href":"https:\/\/turkmenexporter.com\/fr\/wp-json\/wp\/v2\/brand?post=9023"},{"taxonomy":"product_cat","embeddable":true,"href":"https:\/\/turkmenexporter.com\/fr\/wp-json\/wp\/v2\/product_cat?post=9023"},{"taxonomy":"product_tag","embeddable":true,"href":"https:\/\/turkmenexporter.com\/fr\/wp-json\/wp\/v2\/product_tag?post=9023"}],"curies":[{"name":"wp","href":"https:\/\/api.w.org\/{rel}","templated":true}]}}