{"id":9024,"date":"2024-09-03T17:33:02","date_gmt":"2024-09-03T12:33:02","guid":{"rendered":"https:\/\/turkmenexporter.com\/product\/grains-de-cafe-entiers-torrefies-classico-1-kg\/"},"modified":"2024-09-17T19:27:58","modified_gmt":"2024-09-17T14:27:58","slug":"grains-de-cafe-entiers-torrefies-classico-1-kg","status":"publish","type":"product","link":"https:\/\/turkmenexporter.com\/fr\/produit\/grains-de-cafe-entiers-torrefies-classico-1-kg\/","title":{"rendered":"Grains de caf\u00e9 entiers torr\u00e9fi\u00e9s Classico 1 kg"},"content":{"rendered":"<p>Ingr\u00e9dients : 100% de grains entiers naturels. Il s&rsquo;agit d&rsquo;une combinaison harmonieuse de vari\u00e9t\u00e9s d&rsquo;Arabica et de Robusta soigneusement s\u00e9lectionn\u00e9es. Il a une saveur douce et d\u00e9licate avec des notes fruit\u00e9es et un arri\u00e8re-go\u00fbt prononc\u00e9. Conditions de conservation : \u00e0 une temp\u00e9rature de 0\u00b0C \u00e0 + 20\u00b0C et une humidit\u00e9 relative ne d\u00e9passant pas 75%. Taille de l&rsquo;unit\u00e9 L\/H : 20\/25 sm Poids : 1 kg Dur\u00e9e de conservation : 24 mois    <\/p>\n","protected":false},"excerpt":{"rendered":"<p>M\u00e9lange de caf\u00e9 50% Arabica 50% Robusta de torr\u00e9faction moyenne 1 kg. Grains entiers naturels de Colombie. <\/p>\n","protected":false},"featured_media":8941,"comment_status":"open","ping_status":"closed","template":"","meta":{"_acf_changed":false},"brand":[657],"product_cat":[729],"product_tag":[848],"class_list":{"0":"post-9024","1":"product","2":"type-product","3":"status-publish","4":"has-post-thumbnail","6":"brand-markow-coffee-fr","7":"product_cat-cafe","8":"product_tag-front-product-fr","10":"first","11":"instock","12":"shipping-taxable","13":"purchasable","14":"product-type-simple"},"acf":[],"_links":{"self":[{"href":"https:\/\/turkmenexporter.com\/fr\/wp-json\/wp\/v2\/product\/9024","targetHints":{"allow":["GET"]}}],"collection":[{"href":"https:\/\/turkmenexporter.com\/fr\/wp-json\/wp\/v2\/product"}],"about":[{"href":"https:\/\/turkmenexporter.com\/fr\/wp-json\/wp\/v2\/types\/product"}],"replies":[{"embeddable":true,"href":"https:\/\/turkmenexporter.com\/fr\/wp-json\/wp\/v2\/comments?post=9024"}],"version-history":[{"count":1,"href":"https:\/\/turkmenexporter.com\/fr\/wp-json\/wp\/v2\/product\/9024\/revisions"}],"predecessor-version":[{"id":10127,"href":"https:\/\/turkmenexporter.com\/fr\/wp-json\/wp\/v2\/product\/9024\/revisions\/10127"}],"wp:featuredmedia":[{"embeddable":true,"href":"https:\/\/turkmenexporter.com\/fr\/wp-json\/wp\/v2\/media\/8941"}],"wp:attachment":[{"href":"https:\/\/turkmenexporter.com\/fr\/wp-json\/wp\/v2\/media?parent=9024"}],"wp:term":[{"taxonomy":"brand","embeddable":true,"href":"https:\/\/turkmenexporter.com\/fr\/wp-json\/wp\/v2\/brand?post=9024"},{"taxonomy":"product_cat","embeddable":true,"href":"https:\/\/turkmenexporter.com\/fr\/wp-json\/wp\/v2\/product_cat?post=9024"},{"taxonomy":"product_tag","embeddable":true,"href":"https:\/\/turkmenexporter.com\/fr\/wp-json\/wp\/v2\/product_tag?post=9024"}],"curies":[{"name":"wp","href":"https:\/\/api.w.org\/{rel}","templated":true}]}}