{"id":9025,"date":"2024-09-03T17:33:01","date_gmt":"2024-09-03T12:33:01","guid":{"rendered":"https:\/\/turkmenexporter.com\/product\/grains-de-cafe-torrefies-supremo-1-kg\/"},"modified":"2024-09-17T19:28:00","modified_gmt":"2024-09-17T14:28:00","slug":"grains-de-cafe-torrefies-supremo-1-kg","status":"publish","type":"product","link":"https:\/\/turkmenexporter.com\/fr\/produit\/grains-de-cafe-torrefies-supremo-1-kg\/","title":{"rendered":"Grains de caf\u00e9 torr\u00e9fi\u00e9s Supremo 1 kg"},"content":{"rendered":"<p>Ingr\u00e9dients : 100% de haricots entiers naturels. Il a une saveur florale. La saveur a une l\u00e9g\u00e8re acidit\u00e9, des notes \u00e9pic\u00e9es-noisette, elle est dense et \u00e9paisse avec un agr\u00e9able arri\u00e8re-go\u00fbt astringent. Conditions de conservation : \u00e0 une temp\u00e9rature de 0\u00b0C \u00e0 + 20\u00b0C et \u00e0 une humidit\u00e9 relative ne d\u00e9passant pas 75%. Taille de l&rsquo;unit\u00e9 L\/H : 20\/25 sm Poids : 1 kg Dur\u00e9e de conservation : 24 mois    <\/p>\n","protected":false},"excerpt":{"rendered":"<p>60% Arabica 40% Robusta m\u00e9lange de caf\u00e9 de torr\u00e9faction moyenne fonc\u00e9e 1 kg. Grains entiers naturels d&rsquo; Indon\u00e9sie. <\/p>\n","protected":false},"featured_media":8935,"comment_status":"open","ping_status":"closed","template":"","meta":{"_acf_changed":false},"brand":[657],"product_cat":[729],"product_tag":[],"class_list":{"0":"post-9025","1":"product","2":"type-product","3":"status-publish","4":"has-post-thumbnail","6":"brand-markow-coffee-fr","7":"product_cat-cafe","9":"first","10":"instock","11":"shipping-taxable","12":"purchasable","13":"product-type-simple"},"acf":[],"_links":{"self":[{"href":"https:\/\/turkmenexporter.com\/fr\/wp-json\/wp\/v2\/product\/9025","targetHints":{"allow":["GET"]}}],"collection":[{"href":"https:\/\/turkmenexporter.com\/fr\/wp-json\/wp\/v2\/product"}],"about":[{"href":"https:\/\/turkmenexporter.com\/fr\/wp-json\/wp\/v2\/types\/product"}],"replies":[{"embeddable":true,"href":"https:\/\/turkmenexporter.com\/fr\/wp-json\/wp\/v2\/comments?post=9025"}],"version-history":[{"count":1,"href":"https:\/\/turkmenexporter.com\/fr\/wp-json\/wp\/v2\/product\/9025\/revisions"}],"predecessor-version":[{"id":10138,"href":"https:\/\/turkmenexporter.com\/fr\/wp-json\/wp\/v2\/product\/9025\/revisions\/10138"}],"wp:featuredmedia":[{"embeddable":true,"href":"https:\/\/turkmenexporter.com\/fr\/wp-json\/wp\/v2\/media\/8935"}],"wp:attachment":[{"href":"https:\/\/turkmenexporter.com\/fr\/wp-json\/wp\/v2\/media?parent=9025"}],"wp:term":[{"taxonomy":"brand","embeddable":true,"href":"https:\/\/turkmenexporter.com\/fr\/wp-json\/wp\/v2\/brand?post=9025"},{"taxonomy":"product_cat","embeddable":true,"href":"https:\/\/turkmenexporter.com\/fr\/wp-json\/wp\/v2\/product_cat?post=9025"},{"taxonomy":"product_tag","embeddable":true,"href":"https:\/\/turkmenexporter.com\/fr\/wp-json\/wp\/v2\/product_tag?post=9025"}],"curies":[{"name":"wp","href":"https:\/\/api.w.org\/{rel}","templated":true}]}}