{"id":9026,"date":"2024-09-03T17:33:01","date_gmt":"2024-09-03T12:33:01","guid":{"rendered":"https:\/\/turkmenexporter.com\/product\/grains-de-cafe-entiers-de-torrefaction-moyenne-du-bresil-intenso-1-kg\/"},"modified":"2024-09-17T19:27:59","modified_gmt":"2024-09-17T14:27:59","slug":"grains-de-cafe-entiers-de-torrefaction-moyenne-du-bresil-intenso-1-kg","status":"publish","type":"product","link":"https:\/\/turkmenexporter.com\/fr\/produit\/grains-de-cafe-entiers-de-torrefaction-moyenne-du-bresil-intenso-1-kg\/","title":{"rendered":"Grains de caf\u00e9 entiers de torr\u00e9faction moyenne du Br\u00e9sil Intenso 1 kg"},"content":{"rendered":"<p>Ingr\u00e9dients : 100% de grains entiers naturels. Ce caf\u00e9 est un m\u00e9lange d&rsquo;Arabica et de Robusta. Laissez-vous s\u00e9duire par les notes d&rsquo;une torr\u00e9faction fonc\u00e9e et d&rsquo;un long arri\u00e8re-go\u00fbt. Conditions de stockage : \u00e0 une temp\u00e9rature de 0\u00b0C \u00e0 + 20\u00b0C et une humidit\u00e9 relative ne d\u00e9passant pas 75%. Taille de l&rsquo;unit\u00e9 L\/H : 20\/25 sm Poids : 1 kg Dur\u00e9e de conservation : 24 mois    <\/p>\n","protected":false},"excerpt":{"rendered":"<p>40% Arabica 60% Robusta m\u00e9lange de caf\u00e9 de torr\u00e9faction moyenne fonc\u00e9e 1 kg. Grains entiers naturels. <\/p>\n","protected":false},"featured_media":8929,"comment_status":"open","ping_status":"closed","template":"","meta":{"_acf_changed":false},"brand":[657],"product_cat":[729],"product_tag":[],"class_list":{"0":"post-9026","1":"product","2":"type-product","3":"status-publish","4":"has-post-thumbnail","6":"brand-markow-coffee-fr","7":"product_cat-cafe","9":"first","10":"instock","11":"shipping-taxable","12":"purchasable","13":"product-type-simple"},"acf":[],"_links":{"self":[{"href":"https:\/\/turkmenexporter.com\/fr\/wp-json\/wp\/v2\/product\/9026","targetHints":{"allow":["GET"]}}],"collection":[{"href":"https:\/\/turkmenexporter.com\/fr\/wp-json\/wp\/v2\/product"}],"about":[{"href":"https:\/\/turkmenexporter.com\/fr\/wp-json\/wp\/v2\/types\/product"}],"replies":[{"embeddable":true,"href":"https:\/\/turkmenexporter.com\/fr\/wp-json\/wp\/v2\/comments?post=9026"}],"version-history":[{"count":1,"href":"https:\/\/turkmenexporter.com\/fr\/wp-json\/wp\/v2\/product\/9026\/revisions"}],"predecessor-version":[{"id":10137,"href":"https:\/\/turkmenexporter.com\/fr\/wp-json\/wp\/v2\/product\/9026\/revisions\/10137"}],"wp:featuredmedia":[{"embeddable":true,"href":"https:\/\/turkmenexporter.com\/fr\/wp-json\/wp\/v2\/media\/8929"}],"wp:attachment":[{"href":"https:\/\/turkmenexporter.com\/fr\/wp-json\/wp\/v2\/media?parent=9026"}],"wp:term":[{"taxonomy":"brand","embeddable":true,"href":"https:\/\/turkmenexporter.com\/fr\/wp-json\/wp\/v2\/brand?post=9026"},{"taxonomy":"product_cat","embeddable":true,"href":"https:\/\/turkmenexporter.com\/fr\/wp-json\/wp\/v2\/product_cat?post=9026"},{"taxonomy":"product_tag","embeddable":true,"href":"https:\/\/turkmenexporter.com\/fr\/wp-json\/wp\/v2\/product_tag?post=9026"}],"curies":[{"name":"wp","href":"https:\/\/api.w.org\/{rel}","templated":true}]}}