{"id":9230,"date":"2024-09-05T14:01:08","date_gmt":"2024-09-05T09:01:08","guid":{"rendered":"https:\/\/turkmenexporter.com\/product\/horloge-murale-en-verre-turkmen-heritage\/"},"modified":"2024-09-17T19:27:49","modified_gmt":"2024-09-17T14:27:49","slug":"horloge-murale-en-verre-turkmen-heritage","status":"publish","type":"product","link":"https:\/\/turkmenexporter.com\/fr\/produit\/horloge-murale-en-verre-turkmen-heritage\/","title":{"rendered":"Horloge murale en verre Turkmen Heritage"},"content":{"rendered":"<p>Vitrail de style ethnique. Composition : Verre de base. Peinture vitrail, m\u00e9canisme lisse (silencieux) Poids : 1,5 kg  <\/p>\n","protected":false},"excerpt":{"rendered":"<p>Horloge murale fabriqu\u00e9e \u00e0 la main , d&rsquo;un diam\u00e8tre de 35 cm.<\/p>\n","protected":false},"featured_media":9150,"comment_status":"open","ping_status":"closed","template":"","meta":{"_acf_changed":false},"brand":[652],"product_cat":[755],"product_tag":[848],"class_list":{"0":"post-9230","1":"product","2":"type-product","3":"status-publish","4":"has-post-thumbnail","6":"brand-turkmen-art-fr","7":"product_cat-horloge-murale","8":"product_tag-front-product-fr","10":"first","11":"instock","12":"shipping-taxable","13":"purchasable","14":"product-type-simple"},"acf":[],"_links":{"self":[{"href":"https:\/\/turkmenexporter.com\/fr\/wp-json\/wp\/v2\/product\/9230","targetHints":{"allow":["GET"]}}],"collection":[{"href":"https:\/\/turkmenexporter.com\/fr\/wp-json\/wp\/v2\/product"}],"about":[{"href":"https:\/\/turkmenexporter.com\/fr\/wp-json\/wp\/v2\/types\/product"}],"replies":[{"embeddable":true,"href":"https:\/\/turkmenexporter.com\/fr\/wp-json\/wp\/v2\/comments?post=9230"}],"version-history":[{"count":1,"href":"https:\/\/turkmenexporter.com\/fr\/wp-json\/wp\/v2\/product\/9230\/revisions"}],"predecessor-version":[{"id":9253,"href":"https:\/\/turkmenexporter.com\/fr\/wp-json\/wp\/v2\/product\/9230\/revisions\/9253"}],"wp:featuredmedia":[{"embeddable":true,"href":"https:\/\/turkmenexporter.com\/fr\/wp-json\/wp\/v2\/media\/9150"}],"wp:attachment":[{"href":"https:\/\/turkmenexporter.com\/fr\/wp-json\/wp\/v2\/media?parent=9230"}],"wp:term":[{"taxonomy":"brand","embeddable":true,"href":"https:\/\/turkmenexporter.com\/fr\/wp-json\/wp\/v2\/brand?post=9230"},{"taxonomy":"product_cat","embeddable":true,"href":"https:\/\/turkmenexporter.com\/fr\/wp-json\/wp\/v2\/product_cat?post=9230"},{"taxonomy":"product_tag","embeddable":true,"href":"https:\/\/turkmenexporter.com\/fr\/wp-json\/wp\/v2\/product_tag?post=9230"}],"curies":[{"name":"wp","href":"https:\/\/api.w.org\/{rel}","templated":true}]}}