{"id":9650,"date":"2024-09-15T16:41:21","date_gmt":"2024-09-15T11:41:21","guid":{"rendered":"https:\/\/turkmenexporter.com\/product\/sinalco-orange-boisson-gazeuse-non-alcoolisee-en-canettes-330-ml\/"},"modified":"2024-09-17T19:27:45","modified_gmt":"2024-09-17T14:27:45","slug":"sinalco-orange-boisson-gazeuse-non-alcoolisee-en-canettes-330-ml","status":"publish","type":"product","link":"https:\/\/turkmenexporter.com\/fr\/produit\/sinalco-orange-boisson-gazeuse-non-alcoolisee-en-canettes-330-ml\/","title":{"rendered":"Sinalco Orange boisson gazeuse non alcoolis\u00e9e en canettes 330 ml"},"content":{"rendered":"<p>Ingr\u00e9dients : eau potable purifi\u00e9e, sucre, gaz pour la carbonatation de la boisson dioxyde de carbone E290, r\u00e9gulateurs gummiarabique E414, acides r\u00e9siniques et esters de glyc\u00e9rine E445, ar\u00f4mes naturels et similaires, conservateurs sorbate de potassium E202, colorant alimentaire naturel b\u00eata-carot\u00e8ne E160a, r\u00e9gulateur d&rsquo;acidit\u00e9 acide citrique E330, conservateur benzoate de sodium E211, antioxydant acide ascorbique E300. Conditions de stockage : entre 0\u00b0C et 18\u00b0C. Dur\u00e9e de conservation : 6 mois  <\/p>\n","protected":false},"excerpt":{"rendered":"<p>Boisson gazeuse non alcoolis\u00e9e<\/p>\n","protected":false},"featured_media":9306,"comment_status":"open","ping_status":"closed","template":"","meta":{"_acf_changed":false},"brand":[775],"product_cat":[625],"product_tag":[],"class_list":{"0":"post-9650","1":"product","2":"type-product","3":"status-publish","4":"has-post-thumbnail","6":"brand-mahmal-zip-fr","7":"product_cat-boissons","9":"first","10":"instock","11":"shipping-taxable","12":"purchasable","13":"product-type-simple"},"acf":[],"_links":{"self":[{"href":"https:\/\/turkmenexporter.com\/fr\/wp-json\/wp\/v2\/product\/9650","targetHints":{"allow":["GET"]}}],"collection":[{"href":"https:\/\/turkmenexporter.com\/fr\/wp-json\/wp\/v2\/product"}],"about":[{"href":"https:\/\/turkmenexporter.com\/fr\/wp-json\/wp\/v2\/types\/product"}],"replies":[{"embeddable":true,"href":"https:\/\/turkmenexporter.com\/fr\/wp-json\/wp\/v2\/comments?post=9650"}],"version-history":[{"count":1,"href":"https:\/\/turkmenexporter.com\/fr\/wp-json\/wp\/v2\/product\/9650\/revisions"}],"predecessor-version":[{"id":9667,"href":"https:\/\/turkmenexporter.com\/fr\/wp-json\/wp\/v2\/product\/9650\/revisions\/9667"}],"wp:featuredmedia":[{"embeddable":true,"href":"https:\/\/turkmenexporter.com\/fr\/wp-json\/wp\/v2\/media\/9306"}],"wp:attachment":[{"href":"https:\/\/turkmenexporter.com\/fr\/wp-json\/wp\/v2\/media?parent=9650"}],"wp:term":[{"taxonomy":"brand","embeddable":true,"href":"https:\/\/turkmenexporter.com\/fr\/wp-json\/wp\/v2\/brand?post=9650"},{"taxonomy":"product_cat","embeddable":true,"href":"https:\/\/turkmenexporter.com\/fr\/wp-json\/wp\/v2\/product_cat?post=9650"},{"taxonomy":"product_tag","embeddable":true,"href":"https:\/\/turkmenexporter.com\/fr\/wp-json\/wp\/v2\/product_tag?post=9650"}],"curies":[{"name":"wp","href":"https:\/\/api.w.org\/{rel}","templated":true}]}}