{"id":9651,"date":"2024-09-15T16:41:16","date_gmt":"2024-09-15T11:41:16","guid":{"rendered":"https:\/\/turkmenexporter.com\/product\/sinalco-jump-boisson-gazeuse-non-alcoolisee-en-canettes-de-05-l\/"},"modified":"2024-09-17T19:27:46","modified_gmt":"2024-09-17T14:27:46","slug":"sinalco-jump-boisson-gazeuse-non-alcoolisee-en-canettes-de-05-l","status":"publish","type":"product","link":"https:\/\/turkmenexporter.com\/fr\/produit\/sinalco-jump-boisson-gazeuse-non-alcoolisee-en-canettes-de-05-l\/","title":{"rendered":"Sinalco Jump boisson gazeuse non alcoolis\u00e9e en canettes de 0,5 L"},"content":{"rendered":"<p>Ingr\u00e9dients : Eau potable purifi\u00e9e, sucre, gaz pour la carbonatation des boissons , dioxyde de carbone E290, r\u00e9gulateur d&rsquo; acidit\u00e9 acide citrique E330, similaire aux agents aromatiques naturels, colorant alimentaire naturel colorant au sucre E150c, r\u00e9gulateur d&rsquo; acidit\u00e9 acide lactique E270, conservateur benzoate de sodium E211. Conditions de stockage: entre 0\u00b0C et 18\u00b0C. Dur\u00e9e de conservation: 6 mois  <\/p>\n","protected":false},"excerpt":{"rendered":"<p>Boisson gazeuse non alcoolis\u00e9e<\/p>\n","protected":false},"featured_media":9432,"comment_status":"open","ping_status":"closed","template":"","meta":{"_acf_changed":false},"brand":[775],"product_cat":[625],"product_tag":[],"class_list":{"0":"post-9651","1":"product","2":"type-product","3":"status-publish","4":"has-post-thumbnail","6":"brand-mahmal-zip-fr","7":"product_cat-boissons","9":"first","10":"instock","11":"shipping-taxable","12":"purchasable","13":"product-type-simple"},"acf":[],"_links":{"self":[{"href":"https:\/\/turkmenexporter.com\/fr\/wp-json\/wp\/v2\/product\/9651","targetHints":{"allow":["GET"]}}],"collection":[{"href":"https:\/\/turkmenexporter.com\/fr\/wp-json\/wp\/v2\/product"}],"about":[{"href":"https:\/\/turkmenexporter.com\/fr\/wp-json\/wp\/v2\/types\/product"}],"replies":[{"embeddable":true,"href":"https:\/\/turkmenexporter.com\/fr\/wp-json\/wp\/v2\/comments?post=9651"}],"version-history":[{"count":1,"href":"https:\/\/turkmenexporter.com\/fr\/wp-json\/wp\/v2\/product\/9651\/revisions"}],"predecessor-version":[{"id":9669,"href":"https:\/\/turkmenexporter.com\/fr\/wp-json\/wp\/v2\/product\/9651\/revisions\/9669"}],"wp:featuredmedia":[{"embeddable":true,"href":"https:\/\/turkmenexporter.com\/fr\/wp-json\/wp\/v2\/media\/9432"}],"wp:attachment":[{"href":"https:\/\/turkmenexporter.com\/fr\/wp-json\/wp\/v2\/media?parent=9651"}],"wp:term":[{"taxonomy":"brand","embeddable":true,"href":"https:\/\/turkmenexporter.com\/fr\/wp-json\/wp\/v2\/brand?post=9651"},{"taxonomy":"product_cat","embeddable":true,"href":"https:\/\/turkmenexporter.com\/fr\/wp-json\/wp\/v2\/product_cat?post=9651"},{"taxonomy":"product_tag","embeddable":true,"href":"https:\/\/turkmenexporter.com\/fr\/wp-json\/wp\/v2\/product_tag?post=9651"}],"curies":[{"name":"wp","href":"https:\/\/api.w.org\/{rel}","templated":true}]}}