{"id":9706,"date":"2024-09-15T16:41:49","date_gmt":"2024-09-15T11:41:49","guid":{"rendered":"https:\/\/turkmenexporter.com\/product\/zip-naybashy-biere-brune-05-l\/"},"modified":"2024-09-17T19:27:33","modified_gmt":"2024-09-17T14:27:33","slug":"zip-naybashy-biere-brune-05-l","status":"publish","type":"product","link":"https:\/\/turkmenexporter.com\/fr\/produit\/zip-naybashy-biere-brune-05-l\/","title":{"rendered":"Zip Naybashy bi\u00e8re brune 0,5 L"},"content":{"rendered":"<p>Ingr\u00e9dients : orge malt\u00e9, malt caramel, malt sp\u00e9cial \u00ab\u00a0Melonoidin\u00a0\u00bb, houblon, levure s\u00e8che de bi\u00e8re, eau purifi\u00e9e, stabilisateur collo\u00efdal. Conditions de stockage : entre 2\u00b0C et 25\u00b0C. Dur\u00e9e de conservation : 6 mois  <\/p>\n","protected":false},"excerpt":{"rendered":"<p>Bi\u00e8re brune pas teuris\u00e9e (alc. 4,7% vol.)<\/p>\n","protected":false},"featured_media":9354,"comment_status":"open","ping_status":"closed","template":"","meta":{"_acf_changed":false},"brand":[775],"product_cat":[768],"product_tag":[848],"class_list":{"0":"post-9706","1":"product","2":"type-product","3":"status-publish","4":"has-post-thumbnail","6":"brand-mahmal-zip-fr","7":"product_cat-biere","8":"product_tag-front-product-fr","10":"first","11":"instock","12":"shipping-taxable","13":"purchasable","14":"product-type-simple"},"acf":[],"_links":{"self":[{"href":"https:\/\/turkmenexporter.com\/fr\/wp-json\/wp\/v2\/product\/9706","targetHints":{"allow":["GET"]}}],"collection":[{"href":"https:\/\/turkmenexporter.com\/fr\/wp-json\/wp\/v2\/product"}],"about":[{"href":"https:\/\/turkmenexporter.com\/fr\/wp-json\/wp\/v2\/types\/product"}],"replies":[{"embeddable":true,"href":"https:\/\/turkmenexporter.com\/fr\/wp-json\/wp\/v2\/comments?post=9706"}],"version-history":[{"count":1,"href":"https:\/\/turkmenexporter.com\/fr\/wp-json\/wp\/v2\/product\/9706\/revisions"}],"predecessor-version":[{"id":9922,"href":"https:\/\/turkmenexporter.com\/fr\/wp-json\/wp\/v2\/product\/9706\/revisions\/9922"}],"wp:featuredmedia":[{"embeddable":true,"href":"https:\/\/turkmenexporter.com\/fr\/wp-json\/wp\/v2\/media\/9354"}],"wp:attachment":[{"href":"https:\/\/turkmenexporter.com\/fr\/wp-json\/wp\/v2\/media?parent=9706"}],"wp:term":[{"taxonomy":"brand","embeddable":true,"href":"https:\/\/turkmenexporter.com\/fr\/wp-json\/wp\/v2\/brand?post=9706"},{"taxonomy":"product_cat","embeddable":true,"href":"https:\/\/turkmenexporter.com\/fr\/wp-json\/wp\/v2\/product_cat?post=9706"},{"taxonomy":"product_tag","embeddable":true,"href":"https:\/\/turkmenexporter.com\/fr\/wp-json\/wp\/v2\/product_tag?post=9706"}],"curies":[{"name":"wp","href":"https:\/\/api.w.org\/{rel}","templated":true}]}}