{"id":9707,"date":"2024-09-15T16:41:40","date_gmt":"2024-09-15T11:41:40","guid":{"rendered":"https:\/\/turkmenexporter.com\/product\/kwas-boisson-gazeuse-non-alcoolisee-en-canettes-05-l\/"},"modified":"2024-09-17T19:27:37","modified_gmt":"2024-09-17T14:27:37","slug":"kwas-boisson-gazeuse-non-alcoolisee-en-canettes-05-l","status":"publish","type":"product","link":"https:\/\/turkmenexporter.com\/fr\/produit\/kwas-boisson-gazeuse-non-alcoolisee-en-canettes-05-l\/","title":{"rendered":"Kwas boisson gazeuse non alcoolis\u00e9e en canettes 0,5 L"},"content":{"rendered":"<p>Ingr\u00e9dients : eau de source pure, sucre, concentr\u00e9 de mo\u00fbt de kvass, correcteur d&rsquo;acidit\u00e9, acide lactique, levure. Conditions de conservation : de 0\u00b0C \u00e0 18\u00b0C.  Dur\u00e9e de conservation : 12 mois<\/p>\n","protected":false},"excerpt":{"rendered":"<p>Boisson gazeuse non alcoolis\u00e9e<\/p>\n","protected":false},"featured_media":9372,"comment_status":"open","ping_status":"closed","template":"","meta":{"_acf_changed":false},"brand":[775],"product_cat":[625],"product_tag":[848],"class_list":{"0":"post-9707","1":"product","2":"type-product","3":"status-publish","4":"has-post-thumbnail","6":"brand-mahmal-zip-fr","7":"product_cat-boissons","8":"product_tag-front-product-fr","10":"first","11":"instock","12":"shipping-taxable","13":"purchasable","14":"product-type-simple"},"acf":[],"_links":{"self":[{"href":"https:\/\/turkmenexporter.com\/fr\/wp-json\/wp\/v2\/product\/9707","targetHints":{"allow":["GET"]}}],"collection":[{"href":"https:\/\/turkmenexporter.com\/fr\/wp-json\/wp\/v2\/product"}],"about":[{"href":"https:\/\/turkmenexporter.com\/fr\/wp-json\/wp\/v2\/types\/product"}],"replies":[{"embeddable":true,"href":"https:\/\/turkmenexporter.com\/fr\/wp-json\/wp\/v2\/comments?post=9707"}],"version-history":[{"count":1,"href":"https:\/\/turkmenexporter.com\/fr\/wp-json\/wp\/v2\/product\/9707\/revisions"}],"predecessor-version":[{"id":9965,"href":"https:\/\/turkmenexporter.com\/fr\/wp-json\/wp\/v2\/product\/9707\/revisions\/9965"}],"wp:featuredmedia":[{"embeddable":true,"href":"https:\/\/turkmenexporter.com\/fr\/wp-json\/wp\/v2\/media\/9372"}],"wp:attachment":[{"href":"https:\/\/turkmenexporter.com\/fr\/wp-json\/wp\/v2\/media?parent=9707"}],"wp:term":[{"taxonomy":"brand","embeddable":true,"href":"https:\/\/turkmenexporter.com\/fr\/wp-json\/wp\/v2\/brand?post=9707"},{"taxonomy":"product_cat","embeddable":true,"href":"https:\/\/turkmenexporter.com\/fr\/wp-json\/wp\/v2\/product_cat?post=9707"},{"taxonomy":"product_tag","embeddable":true,"href":"https:\/\/turkmenexporter.com\/fr\/wp-json\/wp\/v2\/product_tag?post=9707"}],"curies":[{"name":"wp","href":"https:\/\/api.w.org\/{rel}","templated":true}]}}