{"id":9713,"date":"2024-09-15T16:41:41","date_gmt":"2024-09-15T11:41:41","guid":{"rendered":"https:\/\/turkmenexporter.com\/product\/zip-bavaria-biere-legere-05-l\/"},"modified":"2024-09-17T19:27:36","modified_gmt":"2024-09-17T14:27:36","slug":"zip-bavaria-biere-legere-05-l","status":"publish","type":"product","link":"https:\/\/turkmenexporter.com\/fr\/produit\/zip-bavaria-biere-legere-05-l\/","title":{"rendered":"Zip Bavaria bi\u00e8re l\u00e9g\u00e8re 0,5 L"},"content":{"rendered":"<p>Ingr\u00e9dients : orgemalt\u00e9e, houblon, levure de bi\u00e8re, eau purifi\u00e9e, stabilisateur collo\u00efdal. Conditions de stockage: entre 2\u00b0C et 25\u00b0C. Dur\u00e9e de conservation: 6 mois  <\/p>\n","protected":false},"excerpt":{"rendered":"<p>Bi\u00e8re l\u00e9g\u00e8re pasteuris\u00e9e (alc. 4,5% vol.)<\/p>\n","protected":false},"featured_media":9336,"comment_status":"open","ping_status":"closed","template":"","meta":{"_acf_changed":false},"brand":[775],"product_cat":[768],"product_tag":[],"class_list":{"0":"post-9713","1":"product","2":"type-product","3":"status-publish","4":"has-post-thumbnail","6":"brand-mahmal-zip-fr","7":"product_cat-biere","9":"first","10":"instock","11":"shipping-taxable","12":"purchasable","13":"product-type-simple"},"acf":[],"_links":{"self":[{"href":"https:\/\/turkmenexporter.com\/fr\/wp-json\/wp\/v2\/product\/9713","targetHints":{"allow":["GET"]}}],"collection":[{"href":"https:\/\/turkmenexporter.com\/fr\/wp-json\/wp\/v2\/product"}],"about":[{"href":"https:\/\/turkmenexporter.com\/fr\/wp-json\/wp\/v2\/types\/product"}],"replies":[{"embeddable":true,"href":"https:\/\/turkmenexporter.com\/fr\/wp-json\/wp\/v2\/comments?post=9713"}],"version-history":[{"count":1,"href":"https:\/\/turkmenexporter.com\/fr\/wp-json\/wp\/v2\/product\/9713\/revisions"}],"predecessor-version":[{"id":9960,"href":"https:\/\/turkmenexporter.com\/fr\/wp-json\/wp\/v2\/product\/9713\/revisions\/9960"}],"wp:featuredmedia":[{"embeddable":true,"href":"https:\/\/turkmenexporter.com\/fr\/wp-json\/wp\/v2\/media\/9336"}],"wp:attachment":[{"href":"https:\/\/turkmenexporter.com\/fr\/wp-json\/wp\/v2\/media?parent=9713"}],"wp:term":[{"taxonomy":"brand","embeddable":true,"href":"https:\/\/turkmenexporter.com\/fr\/wp-json\/wp\/v2\/brand?post=9713"},{"taxonomy":"product_cat","embeddable":true,"href":"https:\/\/turkmenexporter.com\/fr\/wp-json\/wp\/v2\/product_cat?post=9713"},{"taxonomy":"product_tag","embeddable":true,"href":"https:\/\/turkmenexporter.com\/fr\/wp-json\/wp\/v2\/product_tag?post=9713"}],"curies":[{"name":"wp","href":"https:\/\/api.w.org\/{rel}","templated":true}]}}