{"id":9714,"date":"2024-09-15T16:41:37","date_gmt":"2024-09-15T11:41:37","guid":{"rendered":"https:\/\/turkmenexporter.com\/product\/sinalco-fresco-boisson-gazeuse-sans-alcool-05-l\/"},"modified":"2024-09-17T19:27:37","modified_gmt":"2024-09-17T14:27:37","slug":"sinalco-fresco-boisson-gazeuse-sans-alcool-05-l","status":"publish","type":"product","link":"https:\/\/turkmenexporter.com\/fr\/produit\/sinalco-fresco-boisson-gazeuse-sans-alcool-05-l\/","title":{"rendered":"Sinalco Fresco boisson gazeuse sans alcool 0,5 L"},"content":{"rendered":"<p>Ingr\u00e9dients : eau potable purifi\u00e9e, sucre, gaz pour la carbonatation des boissons dioxyde de carbone E290, jus de citron concentr\u00e9, r\u00e9gulateur d&rsquo;acidit\u00e9 citrate de sodium 3-valent E331, extrait de citron, agent aromatisant, antioxydant acide ascorbique E300, conservateur benzoate de sodium E211, r\u00e9gulateur gummiarabique E414, r\u00e9gulateur des acides r\u00e9siniques et des esters de glyc\u00e9rine E445, colorant concentr\u00e9 de carthame, colorant alimentaire naturel colorant de sucre E150d, conservateur sorbate de potassium E202, r\u00e9gulateur de l&rsquo;acidit\u00e9 acide de citron E330, aromatisants naturels similaires, alcool \u00e9thylique, conservateur d&rsquo;humidit\u00e9 triac\u00e9tine E1518. Conditions de stockage : entre 0\u00b0C et 18\u00b0C. Dur\u00e9e de conservation : 6 mois  <\/p>\n","protected":false},"excerpt":{"rendered":"<p>Boisson gazeuse non alcoolis\u00e9e<\/p>\n","protected":false},"featured_media":9414,"comment_status":"open","ping_status":"closed","template":"","meta":{"_acf_changed":false},"brand":[775],"product_cat":[625],"product_tag":[848],"class_list":{"0":"post-9714","1":"product","2":"type-product","3":"status-publish","4":"has-post-thumbnail","6":"brand-mahmal-zip-fr","7":"product_cat-boissons","8":"product_tag-front-product-fr","10":"first","11":"instock","12":"shipping-taxable","13":"purchasable","14":"product-type-simple"},"acf":[],"_links":{"self":[{"href":"https:\/\/turkmenexporter.com\/fr\/wp-json\/wp\/v2\/product\/9714","targetHints":{"allow":["GET"]}}],"collection":[{"href":"https:\/\/turkmenexporter.com\/fr\/wp-json\/wp\/v2\/product"}],"about":[{"href":"https:\/\/turkmenexporter.com\/fr\/wp-json\/wp\/v2\/types\/product"}],"replies":[{"embeddable":true,"href":"https:\/\/turkmenexporter.com\/fr\/wp-json\/wp\/v2\/comments?post=9714"}],"version-history":[{"count":1,"href":"https:\/\/turkmenexporter.com\/fr\/wp-json\/wp\/v2\/product\/9714\/revisions"}],"predecessor-version":[{"id":9970,"href":"https:\/\/turkmenexporter.com\/fr\/wp-json\/wp\/v2\/product\/9714\/revisions\/9970"}],"wp:featuredmedia":[{"embeddable":true,"href":"https:\/\/turkmenexporter.com\/fr\/wp-json\/wp\/v2\/media\/9414"}],"wp:attachment":[{"href":"https:\/\/turkmenexporter.com\/fr\/wp-json\/wp\/v2\/media?parent=9714"}],"wp:term":[{"taxonomy":"brand","embeddable":true,"href":"https:\/\/turkmenexporter.com\/fr\/wp-json\/wp\/v2\/brand?post=9714"},{"taxonomy":"product_cat","embeddable":true,"href":"https:\/\/turkmenexporter.com\/fr\/wp-json\/wp\/v2\/product_cat?post=9714"},{"taxonomy":"product_tag","embeddable":true,"href":"https:\/\/turkmenexporter.com\/fr\/wp-json\/wp\/v2\/product_tag?post=9714"}],"curies":[{"name":"wp","href":"https:\/\/api.w.org\/{rel}","templated":true}]}}